{"id":5119,"date":"2025-02-06T09:20:53","date_gmt":"2025-02-06T09:20:53","guid":{"rendered":"https:\/\/decolightingitaly.com\/producto\/faretto-superficie-in-alluminio-sienna-10cm-20cm-30cm\/"},"modified":"2025-02-06T09:20:53","modified_gmt":"2025-02-06T09:20:53","slug":"faretto-superficie-in-alluminio-sienna-10cm-20cm-30cm","status":"publish","type":"product","link":"https:\/\/decolightingitaly.com\/de\/producto\/faretto-superficie-in-alluminio-sienna-10cm-20cm-30cm\/","title":{"rendered":"SIENNA Aluminium-Aufbaustrahler 10cm | 20cm | 30cm"},"content":{"rendered":"<h2>Modernes und funktionales Design<\/h2>\n<p>Der Aluminium-Aufbaustrahler Sienna ist eine elegante Deckenleuchte, die sich perfekt in jede Umgebung einf\u00fcgt. Die aus hochwertigem Aluminium gefertigte Leuchte vereint Design und Funktionalit\u00e4t und ist damit ideal f\u00fcr die Beleuchtung von Wohn- und Gesch\u00e4ftsr\u00e4umen. <\/p>\n<h2>Abmessungen und Installationsoptionen<\/h2>\n<p>Der Sienna-Strahler ist in drei verschiedenen Gr\u00f6\u00dfen erh\u00e4ltlich: 10 cm, 20 cm und 30 cm und bietet somit Flexibilit\u00e4t bei der Installation. Durch die Wahl der am besten geeigneten Gr\u00f6\u00dfe k\u00f6nnen Sie die Beleuchtung an Ihre Bed\u00fcrfnisse anpassen. <\/p>\n<h2>Kompatibilit\u00e4t mit GU10-Gl\u00fchbirnen<\/h2>\n<p>Der Strahler ist mit GU10-Gl\u00fchbirnen kompatibel, so dass Sie die am besten geeigneten Lichtquellen verwenden k\u00f6nnen, um Ihr gew\u00fcnschtes Ambiente zu erreichen. W\u00e4hlen Sie Ihren Beleuchtungsstil und verwandeln Sie Ihren Raum mit der Aluminium-Deckenleuchte Sienna. <\/p>\n","protected":false},"excerpt":{"rendered":"<p>Der Aluminium-Aufbaustrahler Sienna ist eine elegante Deckenleuchte, die sich perfekt in jede Umgebung einf\u00fcgt. Die aus hochwertigem Aluminium gefertigte Leuchte vereint Design und Funktionalit\u00e4t und ist damit ideal f\u00fcr die Beleuchtung von Wohn- und Gesch\u00e4ftsr\u00e4umen. <\/p>\n<ul>\n<li>GU10-Gl\u00fchbirne nicht enthalten<\/li>\n<li>Aluminium<\/li>\n<li>Verf\u00fcgbare Gr\u00f6\u00dfen 10cm | 20cm | 30cm<\/li>\n<\/ul>\n","protected":false},"featured_media":2575,"comment_status":"open","ping_status":"closed","template":"","meta":{"_joinchat":[]},"product_brand":[],"product_cat":[121,105,140],"product_tag":[],"class_list":{"0":"post-5119","1":"product","2":"type-product","3":"status-publish","4":"has-post-thumbnail","6":"product_cat-deckenleuchte","7":"product_cat-innenraum","8":"product_cat-aufbauleuchte","10":"first","11":"instock","12":"taxable","13":"shipping-taxable","14":"purchasable","15":"product-type-variable"},"yoast_head":"<!-- This site is optimized with the Yoast SEO plugin v26.5 - https:\/\/yoast.com\/wordpress\/plugins\/seo\/ -->\n<title>SIENNA Aluminium-Aufbaustrahler 10cm | 20cm | 30cm<\/title>\n<meta name=\"description\" content=\"Elegante Deckenleuchte aus hochwertigem Aluminium. Kompatibel mit GU10-Leuchtmitteln. Ideal f\u00fcr die Beleuchtung von Wohn- und Gesch\u00e4ftsr\u00e4umen\" \/>\n<meta name=\"robots\" content=\"index, follow, max-snippet:-1, max-image-preview:large, max-video-preview:-1\" \/>\n<link rel=\"canonical\" href=\"https:\/\/decolightingitaly.com\/de\/producto\/faretto-superficie-in-alluminio-sienna-10cm-20cm-30cm\/\" \/>\n<meta property=\"og:locale\" content=\"de_DE\" \/>\n<meta property=\"og:type\" content=\"article\" \/>\n<meta property=\"og:title\" content=\"SIENNA Aluminium-Aufbaustrahler 10cm | 20cm | 30cm\" \/>\n<meta property=\"og:description\" content=\"Elegante Deckenleuchte aus hochwertigem Aluminium. Kompatibel mit GU10-Leuchtmitteln. Ideal f\u00fcr die Beleuchtung von Wohn- und Gesch\u00e4ftsr\u00e4umen\" \/>\n<meta property=\"og:url\" content=\"https:\/\/decolightingitaly.com\/de\/producto\/faretto-superficie-in-alluminio-sienna-10cm-20cm-30cm\/\" \/>\n<meta property=\"og:site_name\" content=\"Decolighting\" \/>\n<meta property=\"article:publisher\" content=\"https:\/\/www.facebook.com\/people\/Decolighting-Italy\/61570211287982\/\" \/>\n<meta property=\"og:image\" content=\"https:\/\/decolightingitaly.com\/wp-content\/uploads\/2025\/02\/NERA-1.png\" \/>\n\t<meta property=\"og:image:width\" content=\"1000\" \/>\n\t<meta property=\"og:image:height\" content=\"1000\" \/>\n\t<meta property=\"og:image:type\" content=\"image\/png\" \/>\n<meta name=\"twitter:card\" content=\"summary_large_image\" \/>\n<meta name=\"twitter:label1\" content=\"Gesch\u00e4tzte Lesezeit\" \/>\n\t<meta name=\"twitter:data1\" content=\"1\u00a0Minute\" \/>\n<script type=\"application\/ld+json\" class=\"yoast-schema-graph\">{\"@context\":\"https:\/\/schema.org\",\"@graph\":[{\"@type\":\"WebPage\",\"@id\":\"https:\/\/decolightingitaly.com\/de\/producto\/faretto-superficie-in-alluminio-sienna-10cm-20cm-30cm\/\",\"url\":\"https:\/\/decolightingitaly.com\/de\/producto\/faretto-superficie-in-alluminio-sienna-10cm-20cm-30cm\/\",\"name\":\"SIENNA Aluminium-Aufbaustrahler 10cm | 20cm | 30cm\",\"isPartOf\":{\"@id\":\"https:\/\/decolightingitaly.com\/de\/#website\"},\"primaryImageOfPage\":{\"@id\":\"https:\/\/decolightingitaly.com\/de\/producto\/faretto-superficie-in-alluminio-sienna-10cm-20cm-30cm\/#primaryimage\"},\"image\":{\"@id\":\"https:\/\/decolightingitaly.com\/de\/producto\/faretto-superficie-in-alluminio-sienna-10cm-20cm-30cm\/#primaryimage\"},\"thumbnailUrl\":\"https:\/\/decolightingitaly.com\/wp-content\/uploads\/2025\/02\/NERA-1.png\",\"datePublished\":\"2025-02-06T09:20:53+00:00\",\"description\":\"Elegante Deckenleuchte aus hochwertigem Aluminium. Kompatibel mit GU10-Leuchtmitteln. Ideal f\u00fcr die Beleuchtung von Wohn- und Gesch\u00e4ftsr\u00e4umen\",\"breadcrumb\":{\"@id\":\"https:\/\/decolightingitaly.com\/de\/producto\/faretto-superficie-in-alluminio-sienna-10cm-20cm-30cm\/#breadcrumb\"},\"inLanguage\":\"de\",\"potentialAction\":[{\"@type\":\"ReadAction\",\"target\":[\"https:\/\/decolightingitaly.com\/de\/producto\/faretto-superficie-in-alluminio-sienna-10cm-20cm-30cm\/\"]}]},{\"@type\":\"ImageObject\",\"inLanguage\":\"de\",\"@id\":\"https:\/\/decolightingitaly.com\/de\/producto\/faretto-superficie-in-alluminio-sienna-10cm-20cm-30cm\/#primaryimage\",\"url\":\"https:\/\/decolightingitaly.com\/wp-content\/uploads\/2025\/02\/NERA-1.png\",\"contentUrl\":\"https:\/\/decolightingitaly.com\/wp-content\/uploads\/2025\/02\/NERA-1.png\",\"width\":1000,\"height\":1000},{\"@type\":\"BreadcrumbList\",\"@id\":\"https:\/\/decolightingitaly.com\/de\/producto\/faretto-superficie-in-alluminio-sienna-10cm-20cm-30cm\/#breadcrumb\",\"itemListElement\":[{\"@type\":\"ListItem\",\"position\":1,\"name\":\"Home\",\"item\":\"https:\/\/decolightingitaly.com\/de\/\"},{\"@type\":\"ListItem\",\"position\":2,\"name\":\"Gesch\u00e4ft\",\"item\":\"https:\/\/decolightingitaly.com\/de\/shop\/\"},{\"@type\":\"ListItem\",\"position\":3,\"name\":\"SIENNA Aluminium-Aufbaustrahler 10cm | 20cm | 30cm\"}]},{\"@type\":\"WebSite\",\"@id\":\"https:\/\/decolightingitaly.com\/de\/#website\",\"url\":\"https:\/\/decolightingitaly.com\/de\/\",\"name\":\"Decolightingitaly\",\"description\":\"Illuminazione decorativa e di design\",\"publisher\":{\"@id\":\"https:\/\/decolightingitaly.com\/de\/#organization\"},\"alternateName\":\"Decolighting\",\"potentialAction\":[{\"@type\":\"SearchAction\",\"target\":{\"@type\":\"EntryPoint\",\"urlTemplate\":\"https:\/\/decolightingitaly.com\/de\/?s={search_term_string}\"},\"query-input\":{\"@type\":\"PropertyValueSpecification\",\"valueRequired\":true,\"valueName\":\"search_term_string\"}}],\"inLanguage\":\"de\"},{\"@type\":\"Organization\",\"@id\":\"https:\/\/decolightingitaly.com\/de\/#organization\",\"name\":\"Decolightingitaly\",\"alternateName\":\"Decolighting\",\"url\":\"https:\/\/decolightingitaly.com\/de\/\",\"logo\":{\"@type\":\"ImageObject\",\"inLanguage\":\"de\",\"@id\":\"https:\/\/decolightingitaly.com\/de\/#\/schema\/logo\/image\/\",\"url\":\"https:\/\/decolightingitaly.com\/wp-content\/uploads\/2024\/10\/Logo-v_3.png\",\"contentUrl\":\"https:\/\/decolightingitaly.com\/wp-content\/uploads\/2024\/10\/Logo-v_3.png\",\"width\":852,\"height\":684,\"caption\":\"Decolightingitaly\"},\"image\":{\"@id\":\"https:\/\/decolightingitaly.com\/de\/#\/schema\/logo\/image\/\"},\"sameAs\":[\"https:\/\/www.facebook.com\/people\/Decolighting-Italy\/61570211287982\/\"]}]}<\/script>\n<!-- \/ Yoast SEO plugin. -->","yoast_head_json":{"title":"SIENNA Aluminium-Aufbaustrahler 10cm | 20cm | 30cm","description":"Elegante Deckenleuchte aus hochwertigem Aluminium. Kompatibel mit GU10-Leuchtmitteln. Ideal f\u00fcr die Beleuchtung von Wohn- und Gesch\u00e4ftsr\u00e4umen","robots":{"index":"index","follow":"follow","max-snippet":"max-snippet:-1","max-image-preview":"max-image-preview:large","max-video-preview":"max-video-preview:-1"},"canonical":"https:\/\/decolightingitaly.com\/de\/producto\/faretto-superficie-in-alluminio-sienna-10cm-20cm-30cm\/","og_locale":"de_DE","og_type":"article","og_title":"SIENNA Aluminium-Aufbaustrahler 10cm | 20cm | 30cm","og_description":"Elegante Deckenleuchte aus hochwertigem Aluminium. Kompatibel mit GU10-Leuchtmitteln. Ideal f\u00fcr die Beleuchtung von Wohn- und Gesch\u00e4ftsr\u00e4umen","og_url":"https:\/\/decolightingitaly.com\/de\/producto\/faretto-superficie-in-alluminio-sienna-10cm-20cm-30cm\/","og_site_name":"Decolighting","article_publisher":"https:\/\/www.facebook.com\/people\/Decolighting-Italy\/61570211287982\/","og_image":[{"width":1000,"height":1000,"url":"https:\/\/decolightingitaly.com\/wp-content\/uploads\/2025\/02\/NERA-1.png","type":"image\/png"}],"twitter_card":"summary_large_image","twitter_misc":{"Gesch\u00e4tzte Lesezeit":"1\u00a0Minute"},"schema":{"@context":"https:\/\/schema.org","@graph":[{"@type":"WebPage","@id":"https:\/\/decolightingitaly.com\/de\/producto\/faretto-superficie-in-alluminio-sienna-10cm-20cm-30cm\/","url":"https:\/\/decolightingitaly.com\/de\/producto\/faretto-superficie-in-alluminio-sienna-10cm-20cm-30cm\/","name":"SIENNA Aluminium-Aufbaustrahler 10cm | 20cm | 30cm","isPartOf":{"@id":"https:\/\/decolightingitaly.com\/de\/#website"},"primaryImageOfPage":{"@id":"https:\/\/decolightingitaly.com\/de\/producto\/faretto-superficie-in-alluminio-sienna-10cm-20cm-30cm\/#primaryimage"},"image":{"@id":"https:\/\/decolightingitaly.com\/de\/producto\/faretto-superficie-in-alluminio-sienna-10cm-20cm-30cm\/#primaryimage"},"thumbnailUrl":"https:\/\/decolightingitaly.com\/wp-content\/uploads\/2025\/02\/NERA-1.png","datePublished":"2025-02-06T09:20:53+00:00","description":"Elegante Deckenleuchte aus hochwertigem Aluminium. Kompatibel mit GU10-Leuchtmitteln. Ideal f\u00fcr die Beleuchtung von Wohn- und Gesch\u00e4ftsr\u00e4umen","breadcrumb":{"@id":"https:\/\/decolightingitaly.com\/de\/producto\/faretto-superficie-in-alluminio-sienna-10cm-20cm-30cm\/#breadcrumb"},"inLanguage":"de","potentialAction":[{"@type":"ReadAction","target":["https:\/\/decolightingitaly.com\/de\/producto\/faretto-superficie-in-alluminio-sienna-10cm-20cm-30cm\/"]}]},{"@type":"ImageObject","inLanguage":"de","@id":"https:\/\/decolightingitaly.com\/de\/producto\/faretto-superficie-in-alluminio-sienna-10cm-20cm-30cm\/#primaryimage","url":"https:\/\/decolightingitaly.com\/wp-content\/uploads\/2025\/02\/NERA-1.png","contentUrl":"https:\/\/decolightingitaly.com\/wp-content\/uploads\/2025\/02\/NERA-1.png","width":1000,"height":1000},{"@type":"BreadcrumbList","@id":"https:\/\/decolightingitaly.com\/de\/producto\/faretto-superficie-in-alluminio-sienna-10cm-20cm-30cm\/#breadcrumb","itemListElement":[{"@type":"ListItem","position":1,"name":"Home","item":"https:\/\/decolightingitaly.com\/de\/"},{"@type":"ListItem","position":2,"name":"Gesch\u00e4ft","item":"https:\/\/decolightingitaly.com\/de\/shop\/"},{"@type":"ListItem","position":3,"name":"SIENNA Aluminium-Aufbaustrahler 10cm | 20cm | 30cm"}]},{"@type":"WebSite","@id":"https:\/\/decolightingitaly.com\/de\/#website","url":"https:\/\/decolightingitaly.com\/de\/","name":"Decolightingitaly","description":"Illuminazione decorativa e di design","publisher":{"@id":"https:\/\/decolightingitaly.com\/de\/#organization"},"alternateName":"Decolighting","potentialAction":[{"@type":"SearchAction","target":{"@type":"EntryPoint","urlTemplate":"https:\/\/decolightingitaly.com\/de\/?s={search_term_string}"},"query-input":{"@type":"PropertyValueSpecification","valueRequired":true,"valueName":"search_term_string"}}],"inLanguage":"de"},{"@type":"Organization","@id":"https:\/\/decolightingitaly.com\/de\/#organization","name":"Decolightingitaly","alternateName":"Decolighting","url":"https:\/\/decolightingitaly.com\/de\/","logo":{"@type":"ImageObject","inLanguage":"de","@id":"https:\/\/decolightingitaly.com\/de\/#\/schema\/logo\/image\/","url":"https:\/\/decolightingitaly.com\/wp-content\/uploads\/2024\/10\/Logo-v_3.png","contentUrl":"https:\/\/decolightingitaly.com\/wp-content\/uploads\/2024\/10\/Logo-v_3.png","width":852,"height":684,"caption":"Decolightingitaly"},"image":{"@id":"https:\/\/decolightingitaly.com\/de\/#\/schema\/logo\/image\/"},"sameAs":["https:\/\/www.facebook.com\/people\/Decolighting-Italy\/61570211287982\/"]}]}},"jetpack_sharing_enabled":true,"_links":{"self":[{"href":"https:\/\/decolightingitaly.com\/de\/wp-json\/wp\/v2\/product\/5119","targetHints":{"allow":["GET"]}}],"collection":[{"href":"https:\/\/decolightingitaly.com\/de\/wp-json\/wp\/v2\/product"}],"about":[{"href":"https:\/\/decolightingitaly.com\/de\/wp-json\/wp\/v2\/types\/product"}],"replies":[{"embeddable":true,"href":"https:\/\/decolightingitaly.com\/de\/wp-json\/wp\/v2\/comments?post=5119"}],"wp:featuredmedia":[{"embeddable":true,"href":"https:\/\/decolightingitaly.com\/de\/wp-json\/wp\/v2\/media\/2575"}],"wp:attachment":[{"href":"https:\/\/decolightingitaly.com\/de\/wp-json\/wp\/v2\/media?parent=5119"}],"wp:term":[{"taxonomy":"product_brand","embeddable":true,"href":"https:\/\/decolightingitaly.com\/de\/wp-json\/wp\/v2\/product_brand?post=5119"},{"taxonomy":"product_cat","embeddable":true,"href":"https:\/\/decolightingitaly.com\/de\/wp-json\/wp\/v2\/product_cat?post=5119"},{"taxonomy":"product_tag","embeddable":true,"href":"https:\/\/decolightingitaly.com\/de\/wp-json\/wp\/v2\/product_tag?post=5119"}],"curies":[{"name":"wp","href":"https:\/\/api.w.org\/{rel}","templated":true}]}}