{"id":5103,"date":"2024-10-21T12:00:04","date_gmt":"2024-10-21T12:00:04","guid":{"rendered":"https:\/\/decolightingitaly.com\/producto\/kristallkugel-wandleuchte-nicole\/"},"modified":"2024-10-21T12:00:04","modified_gmt":"2024-10-21T12:00:04","slug":"kristallkugel-wandleuchte-nicole","status":"publish","type":"product","link":"https:\/\/decolightingitaly.com\/de\/producto\/kristallkugel-wandleuchte-nicole\/","title":{"rendered":"Kristallkugel-Wandleuchte Nicole"},"content":{"rendered":"<h2>Elegantes und modernes Design<\/h2>\n<p>Bringen Sie einen Hauch von Eleganz und Modernit\u00e4t in Ihren Raum. Die Sfera nicole Wandleuchte ist ein M\u00f6belst\u00fcck, das Funktionalit\u00e4t und Stil vereint. Bringen Sie einen Hauch von Klasse in Ihr Zuhause mit diesem einzigartigen Designst\u00fcck.  <\/p>\n<h2>Hochwertige Materialien<\/h2>\n<p>Diese Wandleuchte besteht aus einer harmonischen Kombination aus klarem Glas und edlem Metall und zeichnet sich durch ihr essentielles und modernes Design aus.<\/p>\n<h2>Vielseitigkeit und Funktionalit\u00e4t<\/h2>\n<p>Die kugelf\u00f6rmige Form des Diffusors sorgt f\u00fcr eine gleichm\u00e4\u00dfige Lichtverteilung und schafft eine warme und einladende Atmosph\u00e4re in jedem Raum. Perfekt f\u00fcr Wohnzimmer, Schlafzimmer oder Eing\u00e4nge <\/p>\n","protected":false},"excerpt":{"rendered":"<p>Bringen Sie einen Hauch von Eleganz und Modernit\u00e4t in Ihren Raum. Die Sfera nicole Wandleuchte ist ein M\u00f6belst\u00fcck, das Funktionalit\u00e4t und Stil vereint. Bringen Sie einen Hauch von Klasse in Ihr Zuhause mit diesem einzigartigen Designst\u00fcck.  <\/p>\n<ul>\n<li>Metallrahmen<\/li>\n<li>Get\u00f6nte Glaskugel \u00f8 150mm<\/li>\n<li>Gl\u00fchbirne E27 G45 nicht enthalten<\/li>\n<\/ul>\n","protected":false},"featured_media":1202,"comment_status":"open","ping_status":"closed","template":"","meta":{"_joinchat":[]},"product_brand":[],"product_cat":[105,118],"product_tag":[],"class_list":{"0":"post-5103","1":"product","2":"type-product","3":"status-publish","4":"has-post-thumbnail","6":"product_cat-innenraum","7":"product_cat-wandleuchte","9":"first","10":"instock","11":"taxable","12":"shipping-taxable","13":"purchasable","14":"product-type-variable"},"yoast_head":"<!-- This site is optimized with the Yoast SEO plugin v26.5 - https:\/\/yoast.com\/wordpress\/plugins\/seo\/ -->\n<title>Kristallkugel-Wandleuchte Nicole - Decolighting<\/title>\n<meta name=\"robots\" content=\"index, follow, max-snippet:-1, max-image-preview:large, max-video-preview:-1\" \/>\n<link rel=\"canonical\" href=\"https:\/\/decolightingitaly.com\/de\/producto\/kristallkugel-wandleuchte-nicole\/\" \/>\n<meta property=\"og:locale\" content=\"de_DE\" \/>\n<meta property=\"og:type\" content=\"article\" \/>\n<meta property=\"og:title\" content=\"Kristallkugel-Wandleuchte Nicole - Decolighting\" \/>\n<meta property=\"og:description\" content=\"Bringen Sie einen Hauch von Eleganz und Modernit\u00e4t in Ihren Raum. Die Sfera nicole Wandleuchte ist ein M\u00f6belst\u00fcck, das Funktionalit\u00e4t und Stil vereint. Bringen Sie einen Hauch von Klasse in Ihr Zuhause mit diesem einzigartigen Designst\u00fcck.   Metallrahmen  Get\u00f6nte Glaskugel \u00f8 150mm  Gl\u00fchbirne E27 G45 nicht enthalten\" \/>\n<meta property=\"og:url\" content=\"https:\/\/decolightingitaly.com\/de\/producto\/kristallkugel-wandleuchte-nicole\/\" \/>\n<meta property=\"og:site_name\" content=\"Decolighting\" \/>\n<meta property=\"article:publisher\" content=\"https:\/\/www.facebook.com\/people\/Decolighting-Italy\/61570211287982\/\" \/>\n<meta property=\"og:image\" content=\"https:\/\/decolightingitaly.com\/wp-content\/uploads\/2024\/10\/lampada-da-parete-a-sfera-di-vetro-rober-flos-ic-inspiration-2.jpg\" \/>\n\t<meta property=\"og:image:width\" content=\"800\" \/>\n\t<meta property=\"og:image:height\" content=\"562\" \/>\n\t<meta property=\"og:image:type\" content=\"image\/jpeg\" \/>\n<meta name=\"twitter:card\" content=\"summary_large_image\" \/>\n<meta name=\"twitter:label1\" content=\"Gesch\u00e4tzte Lesezeit\" \/>\n\t<meta name=\"twitter:data1\" content=\"1\u00a0Minute\" \/>\n<script type=\"application\/ld+json\" class=\"yoast-schema-graph\">{\"@context\":\"https:\/\/schema.org\",\"@graph\":[{\"@type\":\"WebPage\",\"@id\":\"https:\/\/decolightingitaly.com\/de\/producto\/kristallkugel-wandleuchte-nicole\/\",\"url\":\"https:\/\/decolightingitaly.com\/de\/producto\/kristallkugel-wandleuchte-nicole\/\",\"name\":\"Kristallkugel-Wandleuchte Nicole - Decolighting\",\"isPartOf\":{\"@id\":\"https:\/\/decolightingitaly.com\/de\/#website\"},\"primaryImageOfPage\":{\"@id\":\"https:\/\/decolightingitaly.com\/de\/producto\/kristallkugel-wandleuchte-nicole\/#primaryimage\"},\"image\":{\"@id\":\"https:\/\/decolightingitaly.com\/de\/producto\/kristallkugel-wandleuchte-nicole\/#primaryimage\"},\"thumbnailUrl\":\"https:\/\/decolightingitaly.com\/wp-content\/uploads\/2024\/10\/lampada-da-parete-a-sfera-di-vetro-rober-flos-ic-inspiration-2.jpg\",\"datePublished\":\"2024-10-21T12:00:04+00:00\",\"breadcrumb\":{\"@id\":\"https:\/\/decolightingitaly.com\/de\/producto\/kristallkugel-wandleuchte-nicole\/#breadcrumb\"},\"inLanguage\":\"de\",\"potentialAction\":[{\"@type\":\"ReadAction\",\"target\":[\"https:\/\/decolightingitaly.com\/de\/producto\/kristallkugel-wandleuchte-nicole\/\"]}]},{\"@type\":\"ImageObject\",\"inLanguage\":\"de\",\"@id\":\"https:\/\/decolightingitaly.com\/de\/producto\/kristallkugel-wandleuchte-nicole\/#primaryimage\",\"url\":\"https:\/\/decolightingitaly.com\/wp-content\/uploads\/2024\/10\/lampada-da-parete-a-sfera-di-vetro-rober-flos-ic-inspiration-2.jpg\",\"contentUrl\":\"https:\/\/decolightingitaly.com\/wp-content\/uploads\/2024\/10\/lampada-da-parete-a-sfera-di-vetro-rober-flos-ic-inspiration-2.jpg\",\"width\":800,\"height\":562},{\"@type\":\"BreadcrumbList\",\"@id\":\"https:\/\/decolightingitaly.com\/de\/producto\/kristallkugel-wandleuchte-nicole\/#breadcrumb\",\"itemListElement\":[{\"@type\":\"ListItem\",\"position\":1,\"name\":\"Home\",\"item\":\"https:\/\/decolightingitaly.com\/de\/\"},{\"@type\":\"ListItem\",\"position\":2,\"name\":\"Gesch\u00e4ft\",\"item\":\"https:\/\/decolightingitaly.com\/de\/shop\/\"},{\"@type\":\"ListItem\",\"position\":3,\"name\":\"Kristallkugel-Wandleuchte Nicole\"}]},{\"@type\":\"WebSite\",\"@id\":\"https:\/\/decolightingitaly.com\/de\/#website\",\"url\":\"https:\/\/decolightingitaly.com\/de\/\",\"name\":\"Decolightingitaly\",\"description\":\"Illuminazione decorativa e di design\",\"publisher\":{\"@id\":\"https:\/\/decolightingitaly.com\/de\/#organization\"},\"alternateName\":\"Decolighting\",\"potentialAction\":[{\"@type\":\"SearchAction\",\"target\":{\"@type\":\"EntryPoint\",\"urlTemplate\":\"https:\/\/decolightingitaly.com\/de\/?s={search_term_string}\"},\"query-input\":{\"@type\":\"PropertyValueSpecification\",\"valueRequired\":true,\"valueName\":\"search_term_string\"}}],\"inLanguage\":\"de\"},{\"@type\":\"Organization\",\"@id\":\"https:\/\/decolightingitaly.com\/de\/#organization\",\"name\":\"Decolightingitaly\",\"alternateName\":\"Decolighting\",\"url\":\"https:\/\/decolightingitaly.com\/de\/\",\"logo\":{\"@type\":\"ImageObject\",\"inLanguage\":\"de\",\"@id\":\"https:\/\/decolightingitaly.com\/de\/#\/schema\/logo\/image\/\",\"url\":\"https:\/\/decolightingitaly.com\/wp-content\/uploads\/2024\/10\/Logo-v_3.png\",\"contentUrl\":\"https:\/\/decolightingitaly.com\/wp-content\/uploads\/2024\/10\/Logo-v_3.png\",\"width\":852,\"height\":684,\"caption\":\"Decolightingitaly\"},\"image\":{\"@id\":\"https:\/\/decolightingitaly.com\/de\/#\/schema\/logo\/image\/\"},\"sameAs\":[\"https:\/\/www.facebook.com\/people\/Decolighting-Italy\/61570211287982\/\"]}]}<\/script>\n<!-- \/ Yoast SEO plugin. -->","yoast_head_json":{"title":"Kristallkugel-Wandleuchte Nicole - Decolighting","robots":{"index":"index","follow":"follow","max-snippet":"max-snippet:-1","max-image-preview":"max-image-preview:large","max-video-preview":"max-video-preview:-1"},"canonical":"https:\/\/decolightingitaly.com\/de\/producto\/kristallkugel-wandleuchte-nicole\/","og_locale":"de_DE","og_type":"article","og_title":"Kristallkugel-Wandleuchte Nicole - Decolighting","og_description":"Bringen Sie einen Hauch von Eleganz und Modernit\u00e4t in Ihren Raum. Die Sfera nicole Wandleuchte ist ein M\u00f6belst\u00fcck, das Funktionalit\u00e4t und Stil vereint. Bringen Sie einen Hauch von Klasse in Ihr Zuhause mit diesem einzigartigen Designst\u00fcck.   Metallrahmen  Get\u00f6nte Glaskugel \u00f8 150mm  Gl\u00fchbirne E27 G45 nicht enthalten","og_url":"https:\/\/decolightingitaly.com\/de\/producto\/kristallkugel-wandleuchte-nicole\/","og_site_name":"Decolighting","article_publisher":"https:\/\/www.facebook.com\/people\/Decolighting-Italy\/61570211287982\/","og_image":[{"width":800,"height":562,"url":"https:\/\/decolightingitaly.com\/wp-content\/uploads\/2024\/10\/lampada-da-parete-a-sfera-di-vetro-rober-flos-ic-inspiration-2.jpg","type":"image\/jpeg"}],"twitter_card":"summary_large_image","twitter_misc":{"Gesch\u00e4tzte Lesezeit":"1\u00a0Minute"},"schema":{"@context":"https:\/\/schema.org","@graph":[{"@type":"WebPage","@id":"https:\/\/decolightingitaly.com\/de\/producto\/kristallkugel-wandleuchte-nicole\/","url":"https:\/\/decolightingitaly.com\/de\/producto\/kristallkugel-wandleuchte-nicole\/","name":"Kristallkugel-Wandleuchte Nicole - Decolighting","isPartOf":{"@id":"https:\/\/decolightingitaly.com\/de\/#website"},"primaryImageOfPage":{"@id":"https:\/\/decolightingitaly.com\/de\/producto\/kristallkugel-wandleuchte-nicole\/#primaryimage"},"image":{"@id":"https:\/\/decolightingitaly.com\/de\/producto\/kristallkugel-wandleuchte-nicole\/#primaryimage"},"thumbnailUrl":"https:\/\/decolightingitaly.com\/wp-content\/uploads\/2024\/10\/lampada-da-parete-a-sfera-di-vetro-rober-flos-ic-inspiration-2.jpg","datePublished":"2024-10-21T12:00:04+00:00","breadcrumb":{"@id":"https:\/\/decolightingitaly.com\/de\/producto\/kristallkugel-wandleuchte-nicole\/#breadcrumb"},"inLanguage":"de","potentialAction":[{"@type":"ReadAction","target":["https:\/\/decolightingitaly.com\/de\/producto\/kristallkugel-wandleuchte-nicole\/"]}]},{"@type":"ImageObject","inLanguage":"de","@id":"https:\/\/decolightingitaly.com\/de\/producto\/kristallkugel-wandleuchte-nicole\/#primaryimage","url":"https:\/\/decolightingitaly.com\/wp-content\/uploads\/2024\/10\/lampada-da-parete-a-sfera-di-vetro-rober-flos-ic-inspiration-2.jpg","contentUrl":"https:\/\/decolightingitaly.com\/wp-content\/uploads\/2024\/10\/lampada-da-parete-a-sfera-di-vetro-rober-flos-ic-inspiration-2.jpg","width":800,"height":562},{"@type":"BreadcrumbList","@id":"https:\/\/decolightingitaly.com\/de\/producto\/kristallkugel-wandleuchte-nicole\/#breadcrumb","itemListElement":[{"@type":"ListItem","position":1,"name":"Home","item":"https:\/\/decolightingitaly.com\/de\/"},{"@type":"ListItem","position":2,"name":"Gesch\u00e4ft","item":"https:\/\/decolightingitaly.com\/de\/shop\/"},{"@type":"ListItem","position":3,"name":"Kristallkugel-Wandleuchte Nicole"}]},{"@type":"WebSite","@id":"https:\/\/decolightingitaly.com\/de\/#website","url":"https:\/\/decolightingitaly.com\/de\/","name":"Decolightingitaly","description":"Illuminazione decorativa e di design","publisher":{"@id":"https:\/\/decolightingitaly.com\/de\/#organization"},"alternateName":"Decolighting","potentialAction":[{"@type":"SearchAction","target":{"@type":"EntryPoint","urlTemplate":"https:\/\/decolightingitaly.com\/de\/?s={search_term_string}"},"query-input":{"@type":"PropertyValueSpecification","valueRequired":true,"valueName":"search_term_string"}}],"inLanguage":"de"},{"@type":"Organization","@id":"https:\/\/decolightingitaly.com\/de\/#organization","name":"Decolightingitaly","alternateName":"Decolighting","url":"https:\/\/decolightingitaly.com\/de\/","logo":{"@type":"ImageObject","inLanguage":"de","@id":"https:\/\/decolightingitaly.com\/de\/#\/schema\/logo\/image\/","url":"https:\/\/decolightingitaly.com\/wp-content\/uploads\/2024\/10\/Logo-v_3.png","contentUrl":"https:\/\/decolightingitaly.com\/wp-content\/uploads\/2024\/10\/Logo-v_3.png","width":852,"height":684,"caption":"Decolightingitaly"},"image":{"@id":"https:\/\/decolightingitaly.com\/de\/#\/schema\/logo\/image\/"},"sameAs":["https:\/\/www.facebook.com\/people\/Decolighting-Italy\/61570211287982\/"]}]}},"jetpack_sharing_enabled":true,"_links":{"self":[{"href":"https:\/\/decolightingitaly.com\/de\/wp-json\/wp\/v2\/product\/5103","targetHints":{"allow":["GET"]}}],"collection":[{"href":"https:\/\/decolightingitaly.com\/de\/wp-json\/wp\/v2\/product"}],"about":[{"href":"https:\/\/decolightingitaly.com\/de\/wp-json\/wp\/v2\/types\/product"}],"replies":[{"embeddable":true,"href":"https:\/\/decolightingitaly.com\/de\/wp-json\/wp\/v2\/comments?post=5103"}],"wp:featuredmedia":[{"embeddable":true,"href":"https:\/\/decolightingitaly.com\/de\/wp-json\/wp\/v2\/media\/1202"}],"wp:attachment":[{"href":"https:\/\/decolightingitaly.com\/de\/wp-json\/wp\/v2\/media?parent=5103"}],"wp:term":[{"taxonomy":"product_brand","embeddable":true,"href":"https:\/\/decolightingitaly.com\/de\/wp-json\/wp\/v2\/product_brand?post=5103"},{"taxonomy":"product_cat","embeddable":true,"href":"https:\/\/decolightingitaly.com\/de\/wp-json\/wp\/v2\/product_cat?post=5103"},{"taxonomy":"product_tag","embeddable":true,"href":"https:\/\/decolightingitaly.com\/de\/wp-json\/wp\/v2\/product_tag?post=5103"}],"curies":[{"name":"wp","href":"https:\/\/api.w.org\/{rel}","templated":true}]}}