{"id":5088,"date":"2024-11-25T13:21:30","date_gmt":"2024-11-25T13:21:30","guid":{"rendered":"https:\/\/decolightingitaly.com\/producto\/led-einbaustrahler-osram-chip-low-ugr-o-55mm\/"},"modified":"2024-11-25T13:21:30","modified_gmt":"2024-11-25T13:21:30","slug":"led-einbaustrahler-osram-chip-low-ugr-o-55mm","status":"publish","type":"product","link":"https:\/\/decolightingitaly.com\/de\/producto\/led-einbaustrahler-osram-chip-low-ugr-o-55mm\/","title":{"rendered":"LED-Einbaustrahler | OSRAM Chip | Low UGR | \u00d8 55mm"},"content":{"rendered":"<h2>Design und Funktionalit\u00e4t<\/h2>\n<p>Der Osram Chip-LED-Einbaustrahler ist eine ideale L\u00f6sung f\u00fcr alle, die eine gezielte Beleuchtung suchen. Dank seines Ausstrahlungswinkels von 30\u00b0 erm\u00f6glicht dieser Strahler, das Licht genau dorthin zu lenken, wo es gebraucht wird, und schafft so f\u00fcr verschiedene Umgebungen atmosph\u00e4risch optimale Stimmungen. <\/p>\n<h2>Energie-Effizienz<\/h2>\n<p>Dieser Strahler bietet nicht nur eine hohe Lichtleistung, sondern ist auch eine umweltfreundliche Wahl. Der Einsatz von LED-Technologie sorgt f\u00fcr einen geringeren Energieverbrauch als bei herk\u00f6mmlichen Strahlern und tr\u00e4gt so zu einer Senkung der Stromrechnung bei. <\/p>\n<h2>Vielseitige Anwendungen<\/h2>\n<p>Der Osram-Chip-LED-Einbaustrahler ist vielseitig einsetzbar, z. B. zur Beleuchtung von Kunstgalerien, Gesch\u00e4ften oder zur Aufwertung von Einrichtungsobjekten. Sein Design macht ihn perfekt f\u00fcr jede moderne, helle Umgebung. <\/p>\n","protected":false},"excerpt":{"rendered":"<p>Der Osram Chip-LED-Einbaustrahler ist eine ideale L\u00f6sung f\u00fcr alle, die eine gezielte Beleuchtung suchen. Dank seines Ausstrahlungswinkels von 30\u00b0 erm\u00f6glicht dieser Strahler, das Licht genau dorthin zu lenken, wo es gebraucht wird, und schafft so f\u00fcr verschiedene Umgebungen atmosph\u00e4risch optimale Stimmungen. <\/p>\n<ul>\n<li>UGR 18<\/li>\n<li>INKLUSIVE TREIBER<\/li>\n<li>OSRAM CHIP<\/li>\n<li>2700k<\/li>\n<\/ul>\n","protected":false},"featured_media":1615,"comment_status":"open","ping_status":"closed","template":"","meta":{"_joinchat":[]},"product_brand":[],"product_cat":[105,139,138],"product_tag":[],"class_list":{"0":"post-5088","1":"product","2":"type-product","3":"status-publish","4":"has-post-thumbnail","6":"product_cat-innenraum","7":"product_cat-einbauleuchte","8":"product_cat-strahler","10":"first","11":"instock","12":"taxable","13":"shipping-taxable","14":"purchasable","15":"product-type-variable"},"yoast_head":"<!-- This site is optimized with the Yoast SEO plugin v26.5 - https:\/\/yoast.com\/wordpress\/plugins\/seo\/ -->\n<title>LED-Einbaustrahler | OSRAM Chip | Low UGR | \u00d8 55mm<\/title>\n<meta name=\"description\" content=\"Der Einbaustrahler ist eine ideale L\u00f6sung f\u00fcr alle, die eine gezielte Beleuchtung suchen. Er schafft eine stimmungsvolle und optimale Atmosph\u00e4re f\u00fcr verschiedene Umgebungen.\" \/>\n<meta name=\"robots\" content=\"index, follow, max-snippet:-1, max-image-preview:large, max-video-preview:-1\" \/>\n<link rel=\"canonical\" href=\"https:\/\/decolightingitaly.com\/de\/producto\/led-einbaustrahler-osram-chip-low-ugr-o-55mm\/\" \/>\n<meta property=\"og:locale\" content=\"de_DE\" \/>\n<meta property=\"og:type\" content=\"article\" \/>\n<meta property=\"og:title\" content=\"LED-Einbaustrahler | OSRAM Chip | Low UGR | \u00d8 55mm\" \/>\n<meta property=\"og:description\" content=\"Der Einbaustrahler ist eine ideale L\u00f6sung f\u00fcr alle, die eine gezielte Beleuchtung suchen. Er schafft eine stimmungsvolle und optimale Atmosph\u00e4re f\u00fcr verschiedene Umgebungen.\" \/>\n<meta property=\"og:url\" content=\"https:\/\/decolightingitaly.com\/de\/producto\/led-einbaustrahler-osram-chip-low-ugr-o-55mm\/\" \/>\n<meta property=\"og:site_name\" content=\"Decolighting\" \/>\n<meta property=\"article:publisher\" content=\"https:\/\/www.facebook.com\/people\/Decolighting-Italy\/61570211287982\/\" \/>\n<meta property=\"og:image\" content=\"https:\/\/decolightingitaly.com\/wp-content\/uploads\/2024\/11\/Incasso-5w_v_4.png\" \/>\n\t<meta property=\"og:image:width\" content=\"1200\" \/>\n\t<meta property=\"og:image:height\" content=\"1200\" \/>\n\t<meta property=\"og:image:type\" content=\"image\/png\" \/>\n<meta name=\"twitter:card\" content=\"summary_large_image\" \/>\n<meta name=\"twitter:label1\" content=\"Gesch\u00e4tzte Lesezeit\" \/>\n\t<meta name=\"twitter:data1\" content=\"1\u00a0Minute\" \/>\n<script type=\"application\/ld+json\" class=\"yoast-schema-graph\">{\"@context\":\"https:\/\/schema.org\",\"@graph\":[{\"@type\":\"WebPage\",\"@id\":\"https:\/\/decolightingitaly.com\/de\/producto\/led-einbaustrahler-osram-chip-low-ugr-o-55mm\/\",\"url\":\"https:\/\/decolightingitaly.com\/de\/producto\/led-einbaustrahler-osram-chip-low-ugr-o-55mm\/\",\"name\":\"LED-Einbaustrahler | OSRAM Chip | Low UGR | \u00d8 55mm\",\"isPartOf\":{\"@id\":\"https:\/\/decolightingitaly.com\/de\/#website\"},\"primaryImageOfPage\":{\"@id\":\"https:\/\/decolightingitaly.com\/de\/producto\/led-einbaustrahler-osram-chip-low-ugr-o-55mm\/#primaryimage\"},\"image\":{\"@id\":\"https:\/\/decolightingitaly.com\/de\/producto\/led-einbaustrahler-osram-chip-low-ugr-o-55mm\/#primaryimage\"},\"thumbnailUrl\":\"https:\/\/decolightingitaly.com\/wp-content\/uploads\/2024\/11\/Incasso-5w_v_4.png\",\"datePublished\":\"2024-11-25T13:21:30+00:00\",\"description\":\"Der Einbaustrahler ist eine ideale L\u00f6sung f\u00fcr alle, die eine gezielte Beleuchtung suchen. Er schafft eine stimmungsvolle und optimale Atmosph\u00e4re f\u00fcr verschiedene Umgebungen.\",\"breadcrumb\":{\"@id\":\"https:\/\/decolightingitaly.com\/de\/producto\/led-einbaustrahler-osram-chip-low-ugr-o-55mm\/#breadcrumb\"},\"inLanguage\":\"de\",\"potentialAction\":[{\"@type\":\"ReadAction\",\"target\":[\"https:\/\/decolightingitaly.com\/de\/producto\/led-einbaustrahler-osram-chip-low-ugr-o-55mm\/\"]}]},{\"@type\":\"ImageObject\",\"inLanguage\":\"de\",\"@id\":\"https:\/\/decolightingitaly.com\/de\/producto\/led-einbaustrahler-osram-chip-low-ugr-o-55mm\/#primaryimage\",\"url\":\"https:\/\/decolightingitaly.com\/wp-content\/uploads\/2024\/11\/Incasso-5w_v_4.png\",\"contentUrl\":\"https:\/\/decolightingitaly.com\/wp-content\/uploads\/2024\/11\/Incasso-5w_v_4.png\",\"width\":1200,\"height\":1200},{\"@type\":\"BreadcrumbList\",\"@id\":\"https:\/\/decolightingitaly.com\/de\/producto\/led-einbaustrahler-osram-chip-low-ugr-o-55mm\/#breadcrumb\",\"itemListElement\":[{\"@type\":\"ListItem\",\"position\":1,\"name\":\"Home\",\"item\":\"https:\/\/decolightingitaly.com\/de\/\"},{\"@type\":\"ListItem\",\"position\":2,\"name\":\"Gesch\u00e4ft\",\"item\":\"https:\/\/decolightingitaly.com\/de\/shop\/\"},{\"@type\":\"ListItem\",\"position\":3,\"name\":\"LED-Einbaustrahler | OSRAM Chip | Low UGR | \u00d8 55mm\"}]},{\"@type\":\"WebSite\",\"@id\":\"https:\/\/decolightingitaly.com\/de\/#website\",\"url\":\"https:\/\/decolightingitaly.com\/de\/\",\"name\":\"Decolightingitaly\",\"description\":\"Illuminazione decorativa e di design\",\"publisher\":{\"@id\":\"https:\/\/decolightingitaly.com\/de\/#organization\"},\"alternateName\":\"Decolighting\",\"potentialAction\":[{\"@type\":\"SearchAction\",\"target\":{\"@type\":\"EntryPoint\",\"urlTemplate\":\"https:\/\/decolightingitaly.com\/de\/?s={search_term_string}\"},\"query-input\":{\"@type\":\"PropertyValueSpecification\",\"valueRequired\":true,\"valueName\":\"search_term_string\"}}],\"inLanguage\":\"de\"},{\"@type\":\"Organization\",\"@id\":\"https:\/\/decolightingitaly.com\/de\/#organization\",\"name\":\"Decolightingitaly\",\"alternateName\":\"Decolighting\",\"url\":\"https:\/\/decolightingitaly.com\/de\/\",\"logo\":{\"@type\":\"ImageObject\",\"inLanguage\":\"de\",\"@id\":\"https:\/\/decolightingitaly.com\/de\/#\/schema\/logo\/image\/\",\"url\":\"https:\/\/decolightingitaly.com\/wp-content\/uploads\/2024\/10\/Logo-v_3.png\",\"contentUrl\":\"https:\/\/decolightingitaly.com\/wp-content\/uploads\/2024\/10\/Logo-v_3.png\",\"width\":852,\"height\":684,\"caption\":\"Decolightingitaly\"},\"image\":{\"@id\":\"https:\/\/decolightingitaly.com\/de\/#\/schema\/logo\/image\/\"},\"sameAs\":[\"https:\/\/www.facebook.com\/people\/Decolighting-Italy\/61570211287982\/\"]}]}<\/script>\n<!-- \/ Yoast SEO plugin. -->","yoast_head_json":{"title":"LED-Einbaustrahler | OSRAM Chip | Low UGR | \u00d8 55mm","description":"Der Einbaustrahler ist eine ideale L\u00f6sung f\u00fcr alle, die eine gezielte Beleuchtung suchen. Er schafft eine stimmungsvolle und optimale Atmosph\u00e4re f\u00fcr verschiedene Umgebungen.","robots":{"index":"index","follow":"follow","max-snippet":"max-snippet:-1","max-image-preview":"max-image-preview:large","max-video-preview":"max-video-preview:-1"},"canonical":"https:\/\/decolightingitaly.com\/de\/producto\/led-einbaustrahler-osram-chip-low-ugr-o-55mm\/","og_locale":"de_DE","og_type":"article","og_title":"LED-Einbaustrahler | OSRAM Chip | Low UGR | \u00d8 55mm","og_description":"Der Einbaustrahler ist eine ideale L\u00f6sung f\u00fcr alle, die eine gezielte Beleuchtung suchen. Er schafft eine stimmungsvolle und optimale Atmosph\u00e4re f\u00fcr verschiedene Umgebungen.","og_url":"https:\/\/decolightingitaly.com\/de\/producto\/led-einbaustrahler-osram-chip-low-ugr-o-55mm\/","og_site_name":"Decolighting","article_publisher":"https:\/\/www.facebook.com\/people\/Decolighting-Italy\/61570211287982\/","og_image":[{"width":1200,"height":1200,"url":"https:\/\/decolightingitaly.com\/wp-content\/uploads\/2024\/11\/Incasso-5w_v_4.png","type":"image\/png"}],"twitter_card":"summary_large_image","twitter_misc":{"Gesch\u00e4tzte Lesezeit":"1\u00a0Minute"},"schema":{"@context":"https:\/\/schema.org","@graph":[{"@type":"WebPage","@id":"https:\/\/decolightingitaly.com\/de\/producto\/led-einbaustrahler-osram-chip-low-ugr-o-55mm\/","url":"https:\/\/decolightingitaly.com\/de\/producto\/led-einbaustrahler-osram-chip-low-ugr-o-55mm\/","name":"LED-Einbaustrahler | OSRAM Chip | Low UGR | \u00d8 55mm","isPartOf":{"@id":"https:\/\/decolightingitaly.com\/de\/#website"},"primaryImageOfPage":{"@id":"https:\/\/decolightingitaly.com\/de\/producto\/led-einbaustrahler-osram-chip-low-ugr-o-55mm\/#primaryimage"},"image":{"@id":"https:\/\/decolightingitaly.com\/de\/producto\/led-einbaustrahler-osram-chip-low-ugr-o-55mm\/#primaryimage"},"thumbnailUrl":"https:\/\/decolightingitaly.com\/wp-content\/uploads\/2024\/11\/Incasso-5w_v_4.png","datePublished":"2024-11-25T13:21:30+00:00","description":"Der Einbaustrahler ist eine ideale L\u00f6sung f\u00fcr alle, die eine gezielte Beleuchtung suchen. Er schafft eine stimmungsvolle und optimale Atmosph\u00e4re f\u00fcr verschiedene Umgebungen.","breadcrumb":{"@id":"https:\/\/decolightingitaly.com\/de\/producto\/led-einbaustrahler-osram-chip-low-ugr-o-55mm\/#breadcrumb"},"inLanguage":"de","potentialAction":[{"@type":"ReadAction","target":["https:\/\/decolightingitaly.com\/de\/producto\/led-einbaustrahler-osram-chip-low-ugr-o-55mm\/"]}]},{"@type":"ImageObject","inLanguage":"de","@id":"https:\/\/decolightingitaly.com\/de\/producto\/led-einbaustrahler-osram-chip-low-ugr-o-55mm\/#primaryimage","url":"https:\/\/decolightingitaly.com\/wp-content\/uploads\/2024\/11\/Incasso-5w_v_4.png","contentUrl":"https:\/\/decolightingitaly.com\/wp-content\/uploads\/2024\/11\/Incasso-5w_v_4.png","width":1200,"height":1200},{"@type":"BreadcrumbList","@id":"https:\/\/decolightingitaly.com\/de\/producto\/led-einbaustrahler-osram-chip-low-ugr-o-55mm\/#breadcrumb","itemListElement":[{"@type":"ListItem","position":1,"name":"Home","item":"https:\/\/decolightingitaly.com\/de\/"},{"@type":"ListItem","position":2,"name":"Gesch\u00e4ft","item":"https:\/\/decolightingitaly.com\/de\/shop\/"},{"@type":"ListItem","position":3,"name":"LED-Einbaustrahler | OSRAM Chip | Low UGR | \u00d8 55mm"}]},{"@type":"WebSite","@id":"https:\/\/decolightingitaly.com\/de\/#website","url":"https:\/\/decolightingitaly.com\/de\/","name":"Decolightingitaly","description":"Illuminazione decorativa e di design","publisher":{"@id":"https:\/\/decolightingitaly.com\/de\/#organization"},"alternateName":"Decolighting","potentialAction":[{"@type":"SearchAction","target":{"@type":"EntryPoint","urlTemplate":"https:\/\/decolightingitaly.com\/de\/?s={search_term_string}"},"query-input":{"@type":"PropertyValueSpecification","valueRequired":true,"valueName":"search_term_string"}}],"inLanguage":"de"},{"@type":"Organization","@id":"https:\/\/decolightingitaly.com\/de\/#organization","name":"Decolightingitaly","alternateName":"Decolighting","url":"https:\/\/decolightingitaly.com\/de\/","logo":{"@type":"ImageObject","inLanguage":"de","@id":"https:\/\/decolightingitaly.com\/de\/#\/schema\/logo\/image\/","url":"https:\/\/decolightingitaly.com\/wp-content\/uploads\/2024\/10\/Logo-v_3.png","contentUrl":"https:\/\/decolightingitaly.com\/wp-content\/uploads\/2024\/10\/Logo-v_3.png","width":852,"height":684,"caption":"Decolightingitaly"},"image":{"@id":"https:\/\/decolightingitaly.com\/de\/#\/schema\/logo\/image\/"},"sameAs":["https:\/\/www.facebook.com\/people\/Decolighting-Italy\/61570211287982\/"]}]}},"jetpack_sharing_enabled":true,"_links":{"self":[{"href":"https:\/\/decolightingitaly.com\/de\/wp-json\/wp\/v2\/product\/5088","targetHints":{"allow":["GET"]}}],"collection":[{"href":"https:\/\/decolightingitaly.com\/de\/wp-json\/wp\/v2\/product"}],"about":[{"href":"https:\/\/decolightingitaly.com\/de\/wp-json\/wp\/v2\/types\/product"}],"replies":[{"embeddable":true,"href":"https:\/\/decolightingitaly.com\/de\/wp-json\/wp\/v2\/comments?post=5088"}],"wp:featuredmedia":[{"embeddable":true,"href":"https:\/\/decolightingitaly.com\/de\/wp-json\/wp\/v2\/media\/1615"}],"wp:attachment":[{"href":"https:\/\/decolightingitaly.com\/de\/wp-json\/wp\/v2\/media?parent=5088"}],"wp:term":[{"taxonomy":"product_brand","embeddable":true,"href":"https:\/\/decolightingitaly.com\/de\/wp-json\/wp\/v2\/product_brand?post=5088"},{"taxonomy":"product_cat","embeddable":true,"href":"https:\/\/decolightingitaly.com\/de\/wp-json\/wp\/v2\/product_cat?post=5088"},{"taxonomy":"product_tag","embeddable":true,"href":"https:\/\/decolightingitaly.com\/de\/wp-json\/wp\/v2\/product_tag?post=5088"}],"curies":[{"name":"wp","href":"https:\/\/api.w.org\/{rel}","templated":true}]}}