{"id":5086,"date":"2024-12-02T09:54:29","date_gmt":"2024-12-02T09:54:29","guid":{"rendered":"https:\/\/decolightingitaly.com\/producto\/dekorative-led-glockenlampe-36w\/"},"modified":"2024-12-02T09:54:29","modified_gmt":"2024-12-02T09:54:29","slug":"dekorative-led-glockenlampe-36w","status":"publish","type":"product","link":"https:\/\/decolightingitaly.com\/de\/producto\/dekorative-led-glockenlampe-36w\/","title":{"rendered":"Dekorative Led-Glockenlampe 36w"},"content":{"rendered":"<h2>LED-Glocke<\/h2>\n<p>Die LED-Glocke ist eine L\u00f6sung, die f\u00fcr eine hochwertige kommerzielle Beleuchtung entwickelt wurde. Dank ihres kompakten und funktionalen Designs f\u00fcgt sie sich problemlos in jede Umgebung ein und bietet eine optimale Beleuchtung. <\/p>\n<h2>Vorteile der kommerziellen Beleuchtung mit hohem CRI<\/h2>\n<p>Mit einem hohen Farbwiedergabeindex CRI  &gt;95 erm\u00f6glicht diese LED-Glocke eine lebendige und nat\u00fcrliche Farbwiedergabe, die das visuelle Erlebnis der Kunden verbessert. Sie ist ideal f\u00fcr Gesch\u00e4fte, Ausstellungsr\u00e4ume und B\u00fcros. <\/p>\n<h2>Energieeffizienz und Energieeinsparungen<\/h2>\n<p>Die Verwendung einer LED-Glocke bedeutet dank ihrer hohen Energieeffizienz auch eine Einsparung von Energiekosten. Entscheiden Sie sich f\u00fcr diese L\u00f6sung, um Ihre Gesch\u00e4ftsr\u00e4ume zu beleuchten und die \u00c4sthetik und Funktionalit\u00e4t Ihrer Umgebung zu verbessern. <\/p>\n","protected":false},"excerpt":{"rendered":"<p>Die LED-Glocke ist eine L\u00f6sung, die f\u00fcr eine hochwertige kommerzielle Beleuchtung entwickelt wurde. Dank ihres kompakten und funktionalen Designs f\u00fcgt sie sich problemlos in jede Umgebung ein und bietet eine optimale Beleuchtung. <\/p>\n<ul>\n<li>4.000K<\/li>\n<li>CRI&gt;95<\/li>\n<li>Leuchtwinkel 120\u00ba<\/li>\n<li>2600lm<\/li>\n<li>\n<div class=\"name\">Polycarbonat-Diffusor<\/div>\n<\/li>\n<\/ul>\n","protected":false},"featured_media":1694,"comment_status":"open","ping_status":"closed","template":"","meta":{"_joinchat":[]},"product_brand":[],"product_cat":[125,130],"product_tag":[],"class_list":{"0":"post-5086","1":"product","2":"type-product","3":"status-publish","4":"has-post-thumbnail","6":"product_cat-hallenstrahler","7":"product_cat-kommerzielle-beleuchtung","9":"first","10":"instock","11":"taxable","12":"shipping-taxable","13":"purchasable","14":"product-type-variable"},"yoast_head":"<!-- This site is optimized with the Yoast SEO plugin v26.5 - https:\/\/yoast.com\/wordpress\/plugins\/seo\/ -->\n<title>Dekorative Led-Glockenlampe 36w<\/title>\n<meta name=\"description\" content=\"Die L\u00f6sung f\u00fcr hochwertige gewerbliche Beleuchtung, kompaktes und funktionales Design, ideal f\u00fcr die Beleuchtung Ihrer gewerblichen R\u00e4ume\" \/>\n<meta name=\"robots\" content=\"index, follow, max-snippet:-1, max-image-preview:large, max-video-preview:-1\" \/>\n<link rel=\"canonical\" href=\"https:\/\/decolightingitaly.com\/de\/producto\/dekorative-led-glockenlampe-36w\/\" \/>\n<meta property=\"og:locale\" content=\"de_DE\" \/>\n<meta property=\"og:type\" content=\"article\" \/>\n<meta property=\"og:title\" content=\"Dekorative Led-Glockenlampe 36w\" \/>\n<meta property=\"og:description\" content=\"Die L\u00f6sung f\u00fcr hochwertige gewerbliche Beleuchtung, kompaktes und funktionales Design, ideal f\u00fcr die Beleuchtung Ihrer gewerblichen R\u00e4ume\" \/>\n<meta property=\"og:url\" content=\"https:\/\/decolightingitaly.com\/de\/producto\/dekorative-led-glockenlampe-36w\/\" \/>\n<meta property=\"og:site_name\" content=\"Decolighting\" \/>\n<meta property=\"article:publisher\" content=\"https:\/\/www.facebook.com\/people\/Decolighting-Italy\/61570211287982\/\" \/>\n<meta property=\"og:image\" content=\"https:\/\/decolightingitaly.com\/wp-content\/uploads\/2024\/12\/CAMPANA-ROSSO-V2.jpg\" \/>\n\t<meta property=\"og:image:width\" content=\"1000\" \/>\n\t<meta property=\"og:image:height\" content=\"1000\" \/>\n\t<meta property=\"og:image:type\" content=\"image\/jpeg\" \/>\n<meta name=\"twitter:card\" content=\"summary_large_image\" \/>\n<meta name=\"twitter:label1\" content=\"Gesch\u00e4tzte Lesezeit\" \/>\n\t<meta name=\"twitter:data1\" content=\"1\u00a0Minute\" \/>\n<script type=\"application\/ld+json\" class=\"yoast-schema-graph\">{\"@context\":\"https:\/\/schema.org\",\"@graph\":[{\"@type\":\"WebPage\",\"@id\":\"https:\/\/decolightingitaly.com\/de\/producto\/dekorative-led-glockenlampe-36w\/\",\"url\":\"https:\/\/decolightingitaly.com\/de\/producto\/dekorative-led-glockenlampe-36w\/\",\"name\":\"Dekorative Led-Glockenlampe 36w\",\"isPartOf\":{\"@id\":\"https:\/\/decolightingitaly.com\/de\/#website\"},\"primaryImageOfPage\":{\"@id\":\"https:\/\/decolightingitaly.com\/de\/producto\/dekorative-led-glockenlampe-36w\/#primaryimage\"},\"image\":{\"@id\":\"https:\/\/decolightingitaly.com\/de\/producto\/dekorative-led-glockenlampe-36w\/#primaryimage\"},\"thumbnailUrl\":\"https:\/\/decolightingitaly.com\/wp-content\/uploads\/2024\/12\/CAMPANA-ROSSO-V2.jpg\",\"datePublished\":\"2024-12-02T09:54:29+00:00\",\"description\":\"Die L\u00f6sung f\u00fcr hochwertige gewerbliche Beleuchtung, kompaktes und funktionales Design, ideal f\u00fcr die Beleuchtung Ihrer gewerblichen R\u00e4ume\",\"breadcrumb\":{\"@id\":\"https:\/\/decolightingitaly.com\/de\/producto\/dekorative-led-glockenlampe-36w\/#breadcrumb\"},\"inLanguage\":\"de\",\"potentialAction\":[{\"@type\":\"ReadAction\",\"target\":[\"https:\/\/decolightingitaly.com\/de\/producto\/dekorative-led-glockenlampe-36w\/\"]}]},{\"@type\":\"ImageObject\",\"inLanguage\":\"de\",\"@id\":\"https:\/\/decolightingitaly.com\/de\/producto\/dekorative-led-glockenlampe-36w\/#primaryimage\",\"url\":\"https:\/\/decolightingitaly.com\/wp-content\/uploads\/2024\/12\/CAMPANA-ROSSO-V2.jpg\",\"contentUrl\":\"https:\/\/decolightingitaly.com\/wp-content\/uploads\/2024\/12\/CAMPANA-ROSSO-V2.jpg\",\"width\":1000,\"height\":1000},{\"@type\":\"BreadcrumbList\",\"@id\":\"https:\/\/decolightingitaly.com\/de\/producto\/dekorative-led-glockenlampe-36w\/#breadcrumb\",\"itemListElement\":[{\"@type\":\"ListItem\",\"position\":1,\"name\":\"Home\",\"item\":\"https:\/\/decolightingitaly.com\/de\/\"},{\"@type\":\"ListItem\",\"position\":2,\"name\":\"Gesch\u00e4ft\",\"item\":\"https:\/\/decolightingitaly.com\/de\/shop\/\"},{\"@type\":\"ListItem\",\"position\":3,\"name\":\"Dekorative Led-Glockenlampe 36w\"}]},{\"@type\":\"WebSite\",\"@id\":\"https:\/\/decolightingitaly.com\/de\/#website\",\"url\":\"https:\/\/decolightingitaly.com\/de\/\",\"name\":\"Decolightingitaly\",\"description\":\"Illuminazione decorativa e di design\",\"publisher\":{\"@id\":\"https:\/\/decolightingitaly.com\/de\/#organization\"},\"alternateName\":\"Decolighting\",\"potentialAction\":[{\"@type\":\"SearchAction\",\"target\":{\"@type\":\"EntryPoint\",\"urlTemplate\":\"https:\/\/decolightingitaly.com\/de\/?s={search_term_string}\"},\"query-input\":{\"@type\":\"PropertyValueSpecification\",\"valueRequired\":true,\"valueName\":\"search_term_string\"}}],\"inLanguage\":\"de\"},{\"@type\":\"Organization\",\"@id\":\"https:\/\/decolightingitaly.com\/de\/#organization\",\"name\":\"Decolightingitaly\",\"alternateName\":\"Decolighting\",\"url\":\"https:\/\/decolightingitaly.com\/de\/\",\"logo\":{\"@type\":\"ImageObject\",\"inLanguage\":\"de\",\"@id\":\"https:\/\/decolightingitaly.com\/de\/#\/schema\/logo\/image\/\",\"url\":\"https:\/\/decolightingitaly.com\/wp-content\/uploads\/2024\/10\/Logo-v_3.png\",\"contentUrl\":\"https:\/\/decolightingitaly.com\/wp-content\/uploads\/2024\/10\/Logo-v_3.png\",\"width\":852,\"height\":684,\"caption\":\"Decolightingitaly\"},\"image\":{\"@id\":\"https:\/\/decolightingitaly.com\/de\/#\/schema\/logo\/image\/\"},\"sameAs\":[\"https:\/\/www.facebook.com\/people\/Decolighting-Italy\/61570211287982\/\"]}]}<\/script>\n<!-- \/ Yoast SEO plugin. -->","yoast_head_json":{"title":"Dekorative Led-Glockenlampe 36w","description":"Die L\u00f6sung f\u00fcr hochwertige gewerbliche Beleuchtung, kompaktes und funktionales Design, ideal f\u00fcr die Beleuchtung Ihrer gewerblichen R\u00e4ume","robots":{"index":"index","follow":"follow","max-snippet":"max-snippet:-1","max-image-preview":"max-image-preview:large","max-video-preview":"max-video-preview:-1"},"canonical":"https:\/\/decolightingitaly.com\/de\/producto\/dekorative-led-glockenlampe-36w\/","og_locale":"de_DE","og_type":"article","og_title":"Dekorative Led-Glockenlampe 36w","og_description":"Die L\u00f6sung f\u00fcr hochwertige gewerbliche Beleuchtung, kompaktes und funktionales Design, ideal f\u00fcr die Beleuchtung Ihrer gewerblichen R\u00e4ume","og_url":"https:\/\/decolightingitaly.com\/de\/producto\/dekorative-led-glockenlampe-36w\/","og_site_name":"Decolighting","article_publisher":"https:\/\/www.facebook.com\/people\/Decolighting-Italy\/61570211287982\/","og_image":[{"width":1000,"height":1000,"url":"https:\/\/decolightingitaly.com\/wp-content\/uploads\/2024\/12\/CAMPANA-ROSSO-V2.jpg","type":"image\/jpeg"}],"twitter_card":"summary_large_image","twitter_misc":{"Gesch\u00e4tzte Lesezeit":"1\u00a0Minute"},"schema":{"@context":"https:\/\/schema.org","@graph":[{"@type":"WebPage","@id":"https:\/\/decolightingitaly.com\/de\/producto\/dekorative-led-glockenlampe-36w\/","url":"https:\/\/decolightingitaly.com\/de\/producto\/dekorative-led-glockenlampe-36w\/","name":"Dekorative Led-Glockenlampe 36w","isPartOf":{"@id":"https:\/\/decolightingitaly.com\/de\/#website"},"primaryImageOfPage":{"@id":"https:\/\/decolightingitaly.com\/de\/producto\/dekorative-led-glockenlampe-36w\/#primaryimage"},"image":{"@id":"https:\/\/decolightingitaly.com\/de\/producto\/dekorative-led-glockenlampe-36w\/#primaryimage"},"thumbnailUrl":"https:\/\/decolightingitaly.com\/wp-content\/uploads\/2024\/12\/CAMPANA-ROSSO-V2.jpg","datePublished":"2024-12-02T09:54:29+00:00","description":"Die L\u00f6sung f\u00fcr hochwertige gewerbliche Beleuchtung, kompaktes und funktionales Design, ideal f\u00fcr die Beleuchtung Ihrer gewerblichen R\u00e4ume","breadcrumb":{"@id":"https:\/\/decolightingitaly.com\/de\/producto\/dekorative-led-glockenlampe-36w\/#breadcrumb"},"inLanguage":"de","potentialAction":[{"@type":"ReadAction","target":["https:\/\/decolightingitaly.com\/de\/producto\/dekorative-led-glockenlampe-36w\/"]}]},{"@type":"ImageObject","inLanguage":"de","@id":"https:\/\/decolightingitaly.com\/de\/producto\/dekorative-led-glockenlampe-36w\/#primaryimage","url":"https:\/\/decolightingitaly.com\/wp-content\/uploads\/2024\/12\/CAMPANA-ROSSO-V2.jpg","contentUrl":"https:\/\/decolightingitaly.com\/wp-content\/uploads\/2024\/12\/CAMPANA-ROSSO-V2.jpg","width":1000,"height":1000},{"@type":"BreadcrumbList","@id":"https:\/\/decolightingitaly.com\/de\/producto\/dekorative-led-glockenlampe-36w\/#breadcrumb","itemListElement":[{"@type":"ListItem","position":1,"name":"Home","item":"https:\/\/decolightingitaly.com\/de\/"},{"@type":"ListItem","position":2,"name":"Gesch\u00e4ft","item":"https:\/\/decolightingitaly.com\/de\/shop\/"},{"@type":"ListItem","position":3,"name":"Dekorative Led-Glockenlampe 36w"}]},{"@type":"WebSite","@id":"https:\/\/decolightingitaly.com\/de\/#website","url":"https:\/\/decolightingitaly.com\/de\/","name":"Decolightingitaly","description":"Illuminazione decorativa e di design","publisher":{"@id":"https:\/\/decolightingitaly.com\/de\/#organization"},"alternateName":"Decolighting","potentialAction":[{"@type":"SearchAction","target":{"@type":"EntryPoint","urlTemplate":"https:\/\/decolightingitaly.com\/de\/?s={search_term_string}"},"query-input":{"@type":"PropertyValueSpecification","valueRequired":true,"valueName":"search_term_string"}}],"inLanguage":"de"},{"@type":"Organization","@id":"https:\/\/decolightingitaly.com\/de\/#organization","name":"Decolightingitaly","alternateName":"Decolighting","url":"https:\/\/decolightingitaly.com\/de\/","logo":{"@type":"ImageObject","inLanguage":"de","@id":"https:\/\/decolightingitaly.com\/de\/#\/schema\/logo\/image\/","url":"https:\/\/decolightingitaly.com\/wp-content\/uploads\/2024\/10\/Logo-v_3.png","contentUrl":"https:\/\/decolightingitaly.com\/wp-content\/uploads\/2024\/10\/Logo-v_3.png","width":852,"height":684,"caption":"Decolightingitaly"},"image":{"@id":"https:\/\/decolightingitaly.com\/de\/#\/schema\/logo\/image\/"},"sameAs":["https:\/\/www.facebook.com\/people\/Decolighting-Italy\/61570211287982\/"]}]}},"jetpack_sharing_enabled":true,"_links":{"self":[{"href":"https:\/\/decolightingitaly.com\/de\/wp-json\/wp\/v2\/product\/5086","targetHints":{"allow":["GET"]}}],"collection":[{"href":"https:\/\/decolightingitaly.com\/de\/wp-json\/wp\/v2\/product"}],"about":[{"href":"https:\/\/decolightingitaly.com\/de\/wp-json\/wp\/v2\/types\/product"}],"replies":[{"embeddable":true,"href":"https:\/\/decolightingitaly.com\/de\/wp-json\/wp\/v2\/comments?post=5086"}],"wp:featuredmedia":[{"embeddable":true,"href":"https:\/\/decolightingitaly.com\/de\/wp-json\/wp\/v2\/media\/1694"}],"wp:attachment":[{"href":"https:\/\/decolightingitaly.com\/de\/wp-json\/wp\/v2\/media?parent=5086"}],"wp:term":[{"taxonomy":"product_brand","embeddable":true,"href":"https:\/\/decolightingitaly.com\/de\/wp-json\/wp\/v2\/product_brand?post=5086"},{"taxonomy":"product_cat","embeddable":true,"href":"https:\/\/decolightingitaly.com\/de\/wp-json\/wp\/v2\/product_cat?post=5086"},{"taxonomy":"product_tag","embeddable":true,"href":"https:\/\/decolightingitaly.com\/de\/wp-json\/wp\/v2\/product_tag?post=5086"}],"curies":[{"name":"wp","href":"https:\/\/api.w.org\/{rel}","templated":true}]}}