{"id":5075,"date":"2024-12-06T12:34:55","date_gmt":"2024-12-06T12:34:55","guid":{"rendered":"https:\/\/decolightingitaly.com\/producto\/leistennetzteil-24v-dc-150w-625a\/"},"modified":"2024-12-06T12:34:55","modified_gmt":"2024-12-06T12:34:55","slug":"leistennetzteil-24v-dc-150w-625a","status":"publish","type":"product","link":"https:\/\/decolightingitaly.com\/de\/producto\/leistennetzteil-24v-dc-150w-625a\/","title":{"rendered":"Leistennetzteil 24V-DC | 150w | 6,25A"},"content":{"rendered":"<h2>Einf\u00fchrung in das 150-W-Netzteil<\/h2>\n<p>Das 150-W-Netzteil ist die ideale L\u00f6sung f\u00fcr die Stromversorgung elektronischer Ger\u00e4te mit ausreichender Leistung. Mit einer Schutzart von IP20 ist es f\u00fcr den Einsatz in Innenr\u00e4umen konzipiert und gew\u00e4hrleistet optimale Zuverl\u00e4ssigkeit in kontrollierten Umgebungen. <\/p>\n<h2>Umfassender Schutz f\u00fcr Ihre Ger\u00e4te<\/h2>\n<p>Dieses Netzteil liefert nicht nur einen stabilen Strom, sondern verf\u00fcgt auch \u00fcber einen \u00dcberlast- und \u00dcberspannungsschutz. Diese Funktionen sch\u00fctzen Ihre Ger\u00e4te vor Sch\u00e4den und sorgen f\u00fcr einen sorgenfreien Betrieb. <\/p>\n<h2>Fazit<\/h2>\n<p>Wenn Sie sich f\u00fcr ein 150-W-Netzteil entscheiden, erhalten Sie eine sichere und stabile Stromquelle, die den reibungslosen Betrieb Ihrer elektronischen Projekte gew\u00e4hrleistet. W\u00e4hlen Sie Qualit\u00e4t und Sicherheit f\u00fcr Ihren t\u00e4glichen Bedarf. <\/p>\n","protected":false},"excerpt":{"rendered":"<p>Das 200-W-Netzteil ist eine ideale L\u00f6sung f\u00fcr die Versorgung elektronischer Ger\u00e4te mit ausreichender Leistung. Mit einer Schutzart von IP20 ist es f\u00fcr den Einsatz in Innenr\u00e4umen konzipiert und gew\u00e4hrleistet optimale Zuverl\u00e4ssigkeit in kontrollierten Umgebungen. <\/p>\n<ul>\n<li>IP 20<\/li>\n<li>6,25 A<\/li>\n<li>24V-DC<\/li>\n<li>1115V \/ 230V<\/li>\n<li>Abmessungen: 197x98x45<\/li>\n<\/ul>\n","protected":false},"featured_media":2022,"comment_status":"open","ping_status":"closed","template":"","meta":{"_joinchat":[]},"product_brand":[],"product_cat":[114,127],"product_tag":[],"class_list":{"0":"post-5075","1":"product","2":"type-product","3":"status-publish","4":"has-post-thumbnail","6":"product_cat-steuerung-und-zubehor","7":"product_cat-schaltnetzteil","9":"first","10":"instock","11":"taxable","12":"shipping-taxable","13":"purchasable","14":"product-type-simple"},"yoast_head":"<!-- This site is optimized with the Yoast SEO plugin v26.5 - https:\/\/yoast.com\/wordpress\/plugins\/seo\/ -->\n<title>Netzger\u00e4t 24V | 150w | 6,25A<\/title>\n<meta name=\"description\" content=\"Die ideale L\u00f6sung f\u00fcr die Versorgung elektronischer Ger\u00e4te mit ausreichender Leistung. Sie ist f\u00fcr den Einsatz in Innenr\u00e4umen konzipiert und gew\u00e4hrleistet optimale Zuverl\u00e4ssigkeit.\" \/>\n<meta name=\"robots\" content=\"index, follow, max-snippet:-1, max-image-preview:large, max-video-preview:-1\" \/>\n<link rel=\"canonical\" href=\"https:\/\/decolightingitaly.com\/de\/producto\/leistennetzteil-24v-dc-150w-625a\/\" \/>\n<meta property=\"og:locale\" content=\"de_DE\" \/>\n<meta property=\"og:type\" content=\"article\" \/>\n<meta property=\"og:title\" content=\"Netzger\u00e4t 24V | 150w | 6,25A\" \/>\n<meta property=\"og:description\" content=\"Die ideale L\u00f6sung f\u00fcr die Versorgung elektronischer Ger\u00e4te mit ausreichender Leistung. Sie ist f\u00fcr den Einsatz in Innenr\u00e4umen konzipiert und gew\u00e4hrleistet optimale Zuverl\u00e4ssigkeit.\" \/>\n<meta property=\"og:url\" content=\"https:\/\/decolightingitaly.com\/de\/producto\/leistennetzteil-24v-dc-150w-625a\/\" \/>\n<meta property=\"og:site_name\" content=\"Decolighting\" \/>\n<meta property=\"article:publisher\" content=\"https:\/\/www.facebook.com\/people\/Decolighting-Italy\/61570211287982\/\" \/>\n<meta property=\"og:image\" content=\"https:\/\/decolightingitaly.com\/wp-content\/uploads\/2024\/12\/150W.jpg\" \/>\n\t<meta property=\"og:image:width\" content=\"1000\" \/>\n\t<meta property=\"og:image:height\" content=\"1000\" \/>\n\t<meta property=\"og:image:type\" content=\"image\/jpeg\" \/>\n<meta name=\"twitter:card\" content=\"summary_large_image\" \/>\n<meta name=\"twitter:label1\" content=\"Gesch\u00e4tzte Lesezeit\" \/>\n\t<meta name=\"twitter:data1\" content=\"1\u00a0Minute\" \/>\n<script type=\"application\/ld+json\" class=\"yoast-schema-graph\">{\"@context\":\"https:\/\/schema.org\",\"@graph\":[{\"@type\":\"WebPage\",\"@id\":\"https:\/\/decolightingitaly.com\/de\/producto\/leistennetzteil-24v-dc-150w-625a\/\",\"url\":\"https:\/\/decolightingitaly.com\/de\/producto\/leistennetzteil-24v-dc-150w-625a\/\",\"name\":\"Netzger\u00e4t 24V | 150w | 6,25A\",\"isPartOf\":{\"@id\":\"https:\/\/decolightingitaly.com\/de\/#website\"},\"primaryImageOfPage\":{\"@id\":\"https:\/\/decolightingitaly.com\/de\/producto\/leistennetzteil-24v-dc-150w-625a\/#primaryimage\"},\"image\":{\"@id\":\"https:\/\/decolightingitaly.com\/de\/producto\/leistennetzteil-24v-dc-150w-625a\/#primaryimage\"},\"thumbnailUrl\":\"https:\/\/decolightingitaly.com\/wp-content\/uploads\/2024\/12\/150W.jpg\",\"datePublished\":\"2024-12-06T12:34:55+00:00\",\"description\":\"Die ideale L\u00f6sung f\u00fcr die Versorgung elektronischer Ger\u00e4te mit ausreichender Leistung. Sie ist f\u00fcr den Einsatz in Innenr\u00e4umen konzipiert und gew\u00e4hrleistet optimale Zuverl\u00e4ssigkeit.\",\"breadcrumb\":{\"@id\":\"https:\/\/decolightingitaly.com\/de\/producto\/leistennetzteil-24v-dc-150w-625a\/#breadcrumb\"},\"inLanguage\":\"de\",\"potentialAction\":[{\"@type\":\"ReadAction\",\"target\":[\"https:\/\/decolightingitaly.com\/de\/producto\/leistennetzteil-24v-dc-150w-625a\/\"]}]},{\"@type\":\"ImageObject\",\"inLanguage\":\"de\",\"@id\":\"https:\/\/decolightingitaly.com\/de\/producto\/leistennetzteil-24v-dc-150w-625a\/#primaryimage\",\"url\":\"https:\/\/decolightingitaly.com\/wp-content\/uploads\/2024\/12\/150W.jpg\",\"contentUrl\":\"https:\/\/decolightingitaly.com\/wp-content\/uploads\/2024\/12\/150W.jpg\",\"width\":1000,\"height\":1000},{\"@type\":\"BreadcrumbList\",\"@id\":\"https:\/\/decolightingitaly.com\/de\/producto\/leistennetzteil-24v-dc-150w-625a\/#breadcrumb\",\"itemListElement\":[{\"@type\":\"ListItem\",\"position\":1,\"name\":\"Home\",\"item\":\"https:\/\/decolightingitaly.com\/de\/\"},{\"@type\":\"ListItem\",\"position\":2,\"name\":\"Gesch\u00e4ft\",\"item\":\"https:\/\/decolightingitaly.com\/de\/shop\/\"},{\"@type\":\"ListItem\",\"position\":3,\"name\":\"Leistennetzteil 24V-DC | 150w | 6,25A\"}]},{\"@type\":\"WebSite\",\"@id\":\"https:\/\/decolightingitaly.com\/de\/#website\",\"url\":\"https:\/\/decolightingitaly.com\/de\/\",\"name\":\"Decolightingitaly\",\"description\":\"Illuminazione decorativa e di design\",\"publisher\":{\"@id\":\"https:\/\/decolightingitaly.com\/de\/#organization\"},\"alternateName\":\"Decolighting\",\"potentialAction\":[{\"@type\":\"SearchAction\",\"target\":{\"@type\":\"EntryPoint\",\"urlTemplate\":\"https:\/\/decolightingitaly.com\/de\/?s={search_term_string}\"},\"query-input\":{\"@type\":\"PropertyValueSpecification\",\"valueRequired\":true,\"valueName\":\"search_term_string\"}}],\"inLanguage\":\"de\"},{\"@type\":\"Organization\",\"@id\":\"https:\/\/decolightingitaly.com\/de\/#organization\",\"name\":\"Decolightingitaly\",\"alternateName\":\"Decolighting\",\"url\":\"https:\/\/decolightingitaly.com\/de\/\",\"logo\":{\"@type\":\"ImageObject\",\"inLanguage\":\"de\",\"@id\":\"https:\/\/decolightingitaly.com\/de\/#\/schema\/logo\/image\/\",\"url\":\"https:\/\/decolightingitaly.com\/wp-content\/uploads\/2024\/10\/Logo-v_3.png\",\"contentUrl\":\"https:\/\/decolightingitaly.com\/wp-content\/uploads\/2024\/10\/Logo-v_3.png\",\"width\":852,\"height\":684,\"caption\":\"Decolightingitaly\"},\"image\":{\"@id\":\"https:\/\/decolightingitaly.com\/de\/#\/schema\/logo\/image\/\"},\"sameAs\":[\"https:\/\/www.facebook.com\/people\/Decolighting-Italy\/61570211287982\/\"]}]}<\/script>\n<!-- \/ Yoast SEO plugin. -->","yoast_head_json":{"title":"Netzger\u00e4t 24V | 150w | 6,25A","description":"Die ideale L\u00f6sung f\u00fcr die Versorgung elektronischer Ger\u00e4te mit ausreichender Leistung. Sie ist f\u00fcr den Einsatz in Innenr\u00e4umen konzipiert und gew\u00e4hrleistet optimale Zuverl\u00e4ssigkeit.","robots":{"index":"index","follow":"follow","max-snippet":"max-snippet:-1","max-image-preview":"max-image-preview:large","max-video-preview":"max-video-preview:-1"},"canonical":"https:\/\/decolightingitaly.com\/de\/producto\/leistennetzteil-24v-dc-150w-625a\/","og_locale":"de_DE","og_type":"article","og_title":"Netzger\u00e4t 24V | 150w | 6,25A","og_description":"Die ideale L\u00f6sung f\u00fcr die Versorgung elektronischer Ger\u00e4te mit ausreichender Leistung. Sie ist f\u00fcr den Einsatz in Innenr\u00e4umen konzipiert und gew\u00e4hrleistet optimale Zuverl\u00e4ssigkeit.","og_url":"https:\/\/decolightingitaly.com\/de\/producto\/leistennetzteil-24v-dc-150w-625a\/","og_site_name":"Decolighting","article_publisher":"https:\/\/www.facebook.com\/people\/Decolighting-Italy\/61570211287982\/","og_image":[{"width":1000,"height":1000,"url":"https:\/\/decolightingitaly.com\/wp-content\/uploads\/2024\/12\/150W.jpg","type":"image\/jpeg"}],"twitter_card":"summary_large_image","twitter_misc":{"Gesch\u00e4tzte Lesezeit":"1\u00a0Minute"},"schema":{"@context":"https:\/\/schema.org","@graph":[{"@type":"WebPage","@id":"https:\/\/decolightingitaly.com\/de\/producto\/leistennetzteil-24v-dc-150w-625a\/","url":"https:\/\/decolightingitaly.com\/de\/producto\/leistennetzteil-24v-dc-150w-625a\/","name":"Netzger\u00e4t 24V | 150w | 6,25A","isPartOf":{"@id":"https:\/\/decolightingitaly.com\/de\/#website"},"primaryImageOfPage":{"@id":"https:\/\/decolightingitaly.com\/de\/producto\/leistennetzteil-24v-dc-150w-625a\/#primaryimage"},"image":{"@id":"https:\/\/decolightingitaly.com\/de\/producto\/leistennetzteil-24v-dc-150w-625a\/#primaryimage"},"thumbnailUrl":"https:\/\/decolightingitaly.com\/wp-content\/uploads\/2024\/12\/150W.jpg","datePublished":"2024-12-06T12:34:55+00:00","description":"Die ideale L\u00f6sung f\u00fcr die Versorgung elektronischer Ger\u00e4te mit ausreichender Leistung. Sie ist f\u00fcr den Einsatz in Innenr\u00e4umen konzipiert und gew\u00e4hrleistet optimale Zuverl\u00e4ssigkeit.","breadcrumb":{"@id":"https:\/\/decolightingitaly.com\/de\/producto\/leistennetzteil-24v-dc-150w-625a\/#breadcrumb"},"inLanguage":"de","potentialAction":[{"@type":"ReadAction","target":["https:\/\/decolightingitaly.com\/de\/producto\/leistennetzteil-24v-dc-150w-625a\/"]}]},{"@type":"ImageObject","inLanguage":"de","@id":"https:\/\/decolightingitaly.com\/de\/producto\/leistennetzteil-24v-dc-150w-625a\/#primaryimage","url":"https:\/\/decolightingitaly.com\/wp-content\/uploads\/2024\/12\/150W.jpg","contentUrl":"https:\/\/decolightingitaly.com\/wp-content\/uploads\/2024\/12\/150W.jpg","width":1000,"height":1000},{"@type":"BreadcrumbList","@id":"https:\/\/decolightingitaly.com\/de\/producto\/leistennetzteil-24v-dc-150w-625a\/#breadcrumb","itemListElement":[{"@type":"ListItem","position":1,"name":"Home","item":"https:\/\/decolightingitaly.com\/de\/"},{"@type":"ListItem","position":2,"name":"Gesch\u00e4ft","item":"https:\/\/decolightingitaly.com\/de\/shop\/"},{"@type":"ListItem","position":3,"name":"Leistennetzteil 24V-DC | 150w | 6,25A"}]},{"@type":"WebSite","@id":"https:\/\/decolightingitaly.com\/de\/#website","url":"https:\/\/decolightingitaly.com\/de\/","name":"Decolightingitaly","description":"Illuminazione decorativa e di design","publisher":{"@id":"https:\/\/decolightingitaly.com\/de\/#organization"},"alternateName":"Decolighting","potentialAction":[{"@type":"SearchAction","target":{"@type":"EntryPoint","urlTemplate":"https:\/\/decolightingitaly.com\/de\/?s={search_term_string}"},"query-input":{"@type":"PropertyValueSpecification","valueRequired":true,"valueName":"search_term_string"}}],"inLanguage":"de"},{"@type":"Organization","@id":"https:\/\/decolightingitaly.com\/de\/#organization","name":"Decolightingitaly","alternateName":"Decolighting","url":"https:\/\/decolightingitaly.com\/de\/","logo":{"@type":"ImageObject","inLanguage":"de","@id":"https:\/\/decolightingitaly.com\/de\/#\/schema\/logo\/image\/","url":"https:\/\/decolightingitaly.com\/wp-content\/uploads\/2024\/10\/Logo-v_3.png","contentUrl":"https:\/\/decolightingitaly.com\/wp-content\/uploads\/2024\/10\/Logo-v_3.png","width":852,"height":684,"caption":"Decolightingitaly"},"image":{"@id":"https:\/\/decolightingitaly.com\/de\/#\/schema\/logo\/image\/"},"sameAs":["https:\/\/www.facebook.com\/people\/Decolighting-Italy\/61570211287982\/"]}]}},"jetpack_sharing_enabled":true,"_links":{"self":[{"href":"https:\/\/decolightingitaly.com\/de\/wp-json\/wp\/v2\/product\/5075","targetHints":{"allow":["GET"]}}],"collection":[{"href":"https:\/\/decolightingitaly.com\/de\/wp-json\/wp\/v2\/product"}],"about":[{"href":"https:\/\/decolightingitaly.com\/de\/wp-json\/wp\/v2\/types\/product"}],"replies":[{"embeddable":true,"href":"https:\/\/decolightingitaly.com\/de\/wp-json\/wp\/v2\/comments?post=5075"}],"wp:featuredmedia":[{"embeddable":true,"href":"https:\/\/decolightingitaly.com\/de\/wp-json\/wp\/v2\/media\/2022"}],"wp:attachment":[{"href":"https:\/\/decolightingitaly.com\/de\/wp-json\/wp\/v2\/media?parent=5075"}],"wp:term":[{"taxonomy":"product_brand","embeddable":true,"href":"https:\/\/decolightingitaly.com\/de\/wp-json\/wp\/v2\/product_brand?post=5075"},{"taxonomy":"product_cat","embeddable":true,"href":"https:\/\/decolightingitaly.com\/de\/wp-json\/wp\/v2\/product_cat?post=5075"},{"taxonomy":"product_tag","embeddable":true,"href":"https:\/\/decolightingitaly.com\/de\/wp-json\/wp\/v2\/product_tag?post=5075"}],"curies":[{"name":"wp","href":"https:\/\/api.w.org\/{rel}","templated":true}]}}