{"id":5067,"date":"2025-01-02T11:58:26","date_gmt":"2025-01-02T11:58:26","guid":{"rendered":"https:\/\/decolightingitaly.com\/producto\/led-ufo-industrie-standard-150w-ip65\/"},"modified":"2025-01-02T11:58:26","modified_gmt":"2025-01-02T11:58:26","slug":"led-ufo-industrie-standard-150w-ip65","status":"publish","type":"product","link":"https:\/\/decolightingitaly.com\/de\/producto\/led-ufo-industrie-standard-150w-ip65\/","title":{"rendered":"LED UFO Industrie-Standard 150W | IP65"},"content":{"rendered":"<h2>Unbegrenzte Leistung f\u00fcr jeden Bedarf<\/h2>\n<p>Die UFO-Industrie-LED-Glocke mit 150 W ist f\u00fcr eine hochwertige Beleuchtung in industriellen Umgebungen konzipiert.<\/p>\n<h2>Energieeffizienz und Langlebigkeit<\/h2>\n<p>Diese L\u00f6sung garantiert eine hervorragende Energieeffizienz und eine lange Lebensdauer. Mit der LED-Glocke sparen Sie nicht nur bei der Stromrechnung, sondern tragen auch zur Verringerung der Umweltbelastung bei. <\/p>\n<h2>Garantie und Verl\u00e4sslichkeit<\/h2>\n<p>Kaufen Sie mit Vertrauen dank der 3-Jahres-Garantie, die mit diesem Produkt geliefert wird. Die UFO 150W LED-Glocke ist ein Synonym f\u00fcr Qualit\u00e4t und Langlebigkeit und damit eine ideale Investition f\u00fcr Ihr Unternehmen. <\/p>\n","protected":false},"excerpt":{"rendered":"<p>Die LED UFO Industrieglocke 150W wurde entwickelt, um eine qualitativ hochwertige Beleuchtung in industriellen Umgebungen, Lagerhallen, Werkst\u00e4tten,&#8230;<\/p>\n<ul>\n<li>Leistung 150w<\/li>\n<li>3 Anny-Garantie<\/li>\n<li>15.500lm<\/li>\n<li>IK08<\/li>\n<\/ul>\n","protected":false},"featured_media":2251,"comment_status":"open","ping_status":"closed","template":"","meta":{"_joinchat":[]},"product_brand":[],"product_cat":[125,130],"product_tag":[],"class_list":{"0":"post-5067","1":"product","2":"type-product","3":"status-publish","4":"has-post-thumbnail","6":"product_cat-hallenstrahler","7":"product_cat-kommerzielle-beleuchtung","9":"first","10":"instock","11":"taxable","12":"shipping-taxable","13":"purchasable","14":"product-type-variable"},"yoast_head":"<!-- This site is optimized with the Yoast SEO plugin v26.5 - https:\/\/yoast.com\/wordpress\/plugins\/seo\/ -->\n<title>UFO Industrie-LED-Glocke 150W Standar ip65<\/title>\n<meta name=\"description\" content=\"Die L\u00f6sung garantiert eine hervorragende Energieeffizienz und eine lange Lebensdauer, so dass Sie bei Ihrer Stromrechnung Geld sparen k\u00f6nnen. Qualit\u00e4t und Langlebigkeit.\" \/>\n<meta name=\"robots\" content=\"index, follow, max-snippet:-1, max-image-preview:large, max-video-preview:-1\" \/>\n<link rel=\"canonical\" href=\"https:\/\/decolightingitaly.com\/de\/producto\/led-ufo-industrie-standard-150w-ip65\/\" \/>\n<meta property=\"og:locale\" content=\"de_DE\" \/>\n<meta property=\"og:type\" content=\"article\" \/>\n<meta property=\"og:title\" content=\"UFO Industrie-LED-Glocke 150W Standar ip65\" \/>\n<meta property=\"og:description\" content=\"Die L\u00f6sung garantiert eine hervorragende Energieeffizienz und eine lange Lebensdauer, so dass Sie bei Ihrer Stromrechnung Geld sparen k\u00f6nnen. Qualit\u00e4t und Langlebigkeit.\" \/>\n<meta property=\"og:url\" content=\"https:\/\/decolightingitaly.com\/de\/producto\/led-ufo-industrie-standard-150w-ip65\/\" \/>\n<meta property=\"og:site_name\" content=\"Decolighting\" \/>\n<meta property=\"article:publisher\" content=\"https:\/\/www.facebook.com\/people\/Decolighting-Italy\/61570211287982\/\" \/>\n<meta property=\"og:image\" content=\"https:\/\/decolightingitaly.com\/wp-content\/uploads\/2025\/01\/Principal.png\" \/>\n\t<meta property=\"og:image:width\" content=\"1000\" \/>\n\t<meta property=\"og:image:height\" content=\"1000\" \/>\n\t<meta property=\"og:image:type\" content=\"image\/png\" \/>\n<meta name=\"twitter:card\" content=\"summary_large_image\" \/>\n<script type=\"application\/ld+json\" class=\"yoast-schema-graph\">{\"@context\":\"https:\/\/schema.org\",\"@graph\":[{\"@type\":\"WebPage\",\"@id\":\"https:\/\/decolightingitaly.com\/de\/producto\/led-ufo-industrie-standard-150w-ip65\/\",\"url\":\"https:\/\/decolightingitaly.com\/de\/producto\/led-ufo-industrie-standard-150w-ip65\/\",\"name\":\"UFO Industrie-LED-Glocke 150W Standar ip65\",\"isPartOf\":{\"@id\":\"https:\/\/decolightingitaly.com\/de\/#website\"},\"primaryImageOfPage\":{\"@id\":\"https:\/\/decolightingitaly.com\/de\/producto\/led-ufo-industrie-standard-150w-ip65\/#primaryimage\"},\"image\":{\"@id\":\"https:\/\/decolightingitaly.com\/de\/producto\/led-ufo-industrie-standard-150w-ip65\/#primaryimage\"},\"thumbnailUrl\":\"https:\/\/decolightingitaly.com\/wp-content\/uploads\/2025\/01\/Principal.png\",\"datePublished\":\"2025-01-02T11:58:26+00:00\",\"description\":\"Die L\u00f6sung garantiert eine hervorragende Energieeffizienz und eine lange Lebensdauer, so dass Sie bei Ihrer Stromrechnung Geld sparen k\u00f6nnen. Qualit\u00e4t und Langlebigkeit.\",\"breadcrumb\":{\"@id\":\"https:\/\/decolightingitaly.com\/de\/producto\/led-ufo-industrie-standard-150w-ip65\/#breadcrumb\"},\"inLanguage\":\"de\",\"potentialAction\":[{\"@type\":\"ReadAction\",\"target\":[\"https:\/\/decolightingitaly.com\/de\/producto\/led-ufo-industrie-standard-150w-ip65\/\"]}]},{\"@type\":\"ImageObject\",\"inLanguage\":\"de\",\"@id\":\"https:\/\/decolightingitaly.com\/de\/producto\/led-ufo-industrie-standard-150w-ip65\/#primaryimage\",\"url\":\"https:\/\/decolightingitaly.com\/wp-content\/uploads\/2025\/01\/Principal.png\",\"contentUrl\":\"https:\/\/decolightingitaly.com\/wp-content\/uploads\/2025\/01\/Principal.png\",\"width\":1000,\"height\":1000},{\"@type\":\"BreadcrumbList\",\"@id\":\"https:\/\/decolightingitaly.com\/de\/producto\/led-ufo-industrie-standard-150w-ip65\/#breadcrumb\",\"itemListElement\":[{\"@type\":\"ListItem\",\"position\":1,\"name\":\"Home\",\"item\":\"https:\/\/decolightingitaly.com\/de\/\"},{\"@type\":\"ListItem\",\"position\":2,\"name\":\"Gesch\u00e4ft\",\"item\":\"https:\/\/decolightingitaly.com\/de\/shop\/\"},{\"@type\":\"ListItem\",\"position\":3,\"name\":\"LED UFO Industrie-Standard 150W | IP65\"}]},{\"@type\":\"WebSite\",\"@id\":\"https:\/\/decolightingitaly.com\/de\/#website\",\"url\":\"https:\/\/decolightingitaly.com\/de\/\",\"name\":\"Decolightingitaly\",\"description\":\"Illuminazione decorativa e di design\",\"publisher\":{\"@id\":\"https:\/\/decolightingitaly.com\/de\/#organization\"},\"alternateName\":\"Decolighting\",\"potentialAction\":[{\"@type\":\"SearchAction\",\"target\":{\"@type\":\"EntryPoint\",\"urlTemplate\":\"https:\/\/decolightingitaly.com\/de\/?s={search_term_string}\"},\"query-input\":{\"@type\":\"PropertyValueSpecification\",\"valueRequired\":true,\"valueName\":\"search_term_string\"}}],\"inLanguage\":\"de\"},{\"@type\":\"Organization\",\"@id\":\"https:\/\/decolightingitaly.com\/de\/#organization\",\"name\":\"Decolightingitaly\",\"alternateName\":\"Decolighting\",\"url\":\"https:\/\/decolightingitaly.com\/de\/\",\"logo\":{\"@type\":\"ImageObject\",\"inLanguage\":\"de\",\"@id\":\"https:\/\/decolightingitaly.com\/de\/#\/schema\/logo\/image\/\",\"url\":\"https:\/\/decolightingitaly.com\/wp-content\/uploads\/2024\/10\/Logo-v_3.png\",\"contentUrl\":\"https:\/\/decolightingitaly.com\/wp-content\/uploads\/2024\/10\/Logo-v_3.png\",\"width\":852,\"height\":684,\"caption\":\"Decolightingitaly\"},\"image\":{\"@id\":\"https:\/\/decolightingitaly.com\/de\/#\/schema\/logo\/image\/\"},\"sameAs\":[\"https:\/\/www.facebook.com\/people\/Decolighting-Italy\/61570211287982\/\"]}]}<\/script>\n<!-- \/ Yoast SEO plugin. -->","yoast_head_json":{"title":"UFO Industrie-LED-Glocke 150W Standar ip65","description":"Die L\u00f6sung garantiert eine hervorragende Energieeffizienz und eine lange Lebensdauer, so dass Sie bei Ihrer Stromrechnung Geld sparen k\u00f6nnen. Qualit\u00e4t und Langlebigkeit.","robots":{"index":"index","follow":"follow","max-snippet":"max-snippet:-1","max-image-preview":"max-image-preview:large","max-video-preview":"max-video-preview:-1"},"canonical":"https:\/\/decolightingitaly.com\/de\/producto\/led-ufo-industrie-standard-150w-ip65\/","og_locale":"de_DE","og_type":"article","og_title":"UFO Industrie-LED-Glocke 150W Standar ip65","og_description":"Die L\u00f6sung garantiert eine hervorragende Energieeffizienz und eine lange Lebensdauer, so dass Sie bei Ihrer Stromrechnung Geld sparen k\u00f6nnen. Qualit\u00e4t und Langlebigkeit.","og_url":"https:\/\/decolightingitaly.com\/de\/producto\/led-ufo-industrie-standard-150w-ip65\/","og_site_name":"Decolighting","article_publisher":"https:\/\/www.facebook.com\/people\/Decolighting-Italy\/61570211287982\/","og_image":[{"width":1000,"height":1000,"url":"https:\/\/decolightingitaly.com\/wp-content\/uploads\/2025\/01\/Principal.png","type":"image\/png"}],"twitter_card":"summary_large_image","schema":{"@context":"https:\/\/schema.org","@graph":[{"@type":"WebPage","@id":"https:\/\/decolightingitaly.com\/de\/producto\/led-ufo-industrie-standard-150w-ip65\/","url":"https:\/\/decolightingitaly.com\/de\/producto\/led-ufo-industrie-standard-150w-ip65\/","name":"UFO Industrie-LED-Glocke 150W Standar ip65","isPartOf":{"@id":"https:\/\/decolightingitaly.com\/de\/#website"},"primaryImageOfPage":{"@id":"https:\/\/decolightingitaly.com\/de\/producto\/led-ufo-industrie-standard-150w-ip65\/#primaryimage"},"image":{"@id":"https:\/\/decolightingitaly.com\/de\/producto\/led-ufo-industrie-standard-150w-ip65\/#primaryimage"},"thumbnailUrl":"https:\/\/decolightingitaly.com\/wp-content\/uploads\/2025\/01\/Principal.png","datePublished":"2025-01-02T11:58:26+00:00","description":"Die L\u00f6sung garantiert eine hervorragende Energieeffizienz und eine lange Lebensdauer, so dass Sie bei Ihrer Stromrechnung Geld sparen k\u00f6nnen. Qualit\u00e4t und Langlebigkeit.","breadcrumb":{"@id":"https:\/\/decolightingitaly.com\/de\/producto\/led-ufo-industrie-standard-150w-ip65\/#breadcrumb"},"inLanguage":"de","potentialAction":[{"@type":"ReadAction","target":["https:\/\/decolightingitaly.com\/de\/producto\/led-ufo-industrie-standard-150w-ip65\/"]}]},{"@type":"ImageObject","inLanguage":"de","@id":"https:\/\/decolightingitaly.com\/de\/producto\/led-ufo-industrie-standard-150w-ip65\/#primaryimage","url":"https:\/\/decolightingitaly.com\/wp-content\/uploads\/2025\/01\/Principal.png","contentUrl":"https:\/\/decolightingitaly.com\/wp-content\/uploads\/2025\/01\/Principal.png","width":1000,"height":1000},{"@type":"BreadcrumbList","@id":"https:\/\/decolightingitaly.com\/de\/producto\/led-ufo-industrie-standard-150w-ip65\/#breadcrumb","itemListElement":[{"@type":"ListItem","position":1,"name":"Home","item":"https:\/\/decolightingitaly.com\/de\/"},{"@type":"ListItem","position":2,"name":"Gesch\u00e4ft","item":"https:\/\/decolightingitaly.com\/de\/shop\/"},{"@type":"ListItem","position":3,"name":"LED UFO Industrie-Standard 150W | IP65"}]},{"@type":"WebSite","@id":"https:\/\/decolightingitaly.com\/de\/#website","url":"https:\/\/decolightingitaly.com\/de\/","name":"Decolightingitaly","description":"Illuminazione decorativa e di design","publisher":{"@id":"https:\/\/decolightingitaly.com\/de\/#organization"},"alternateName":"Decolighting","potentialAction":[{"@type":"SearchAction","target":{"@type":"EntryPoint","urlTemplate":"https:\/\/decolightingitaly.com\/de\/?s={search_term_string}"},"query-input":{"@type":"PropertyValueSpecification","valueRequired":true,"valueName":"search_term_string"}}],"inLanguage":"de"},{"@type":"Organization","@id":"https:\/\/decolightingitaly.com\/de\/#organization","name":"Decolightingitaly","alternateName":"Decolighting","url":"https:\/\/decolightingitaly.com\/de\/","logo":{"@type":"ImageObject","inLanguage":"de","@id":"https:\/\/decolightingitaly.com\/de\/#\/schema\/logo\/image\/","url":"https:\/\/decolightingitaly.com\/wp-content\/uploads\/2024\/10\/Logo-v_3.png","contentUrl":"https:\/\/decolightingitaly.com\/wp-content\/uploads\/2024\/10\/Logo-v_3.png","width":852,"height":684,"caption":"Decolightingitaly"},"image":{"@id":"https:\/\/decolightingitaly.com\/de\/#\/schema\/logo\/image\/"},"sameAs":["https:\/\/www.facebook.com\/people\/Decolighting-Italy\/61570211287982\/"]}]}},"jetpack_sharing_enabled":true,"_links":{"self":[{"href":"https:\/\/decolightingitaly.com\/de\/wp-json\/wp\/v2\/product\/5067","targetHints":{"allow":["GET"]}}],"collection":[{"href":"https:\/\/decolightingitaly.com\/de\/wp-json\/wp\/v2\/product"}],"about":[{"href":"https:\/\/decolightingitaly.com\/de\/wp-json\/wp\/v2\/types\/product"}],"replies":[{"embeddable":true,"href":"https:\/\/decolightingitaly.com\/de\/wp-json\/wp\/v2\/comments?post=5067"}],"wp:featuredmedia":[{"embeddable":true,"href":"https:\/\/decolightingitaly.com\/de\/wp-json\/wp\/v2\/media\/2251"}],"wp:attachment":[{"href":"https:\/\/decolightingitaly.com\/de\/wp-json\/wp\/v2\/media?parent=5067"}],"wp:term":[{"taxonomy":"product_brand","embeddable":true,"href":"https:\/\/decolightingitaly.com\/de\/wp-json\/wp\/v2\/product_brand?post=5067"},{"taxonomy":"product_cat","embeddable":true,"href":"https:\/\/decolightingitaly.com\/de\/wp-json\/wp\/v2\/product_cat?post=5067"},{"taxonomy":"product_tag","embeddable":true,"href":"https:\/\/decolightingitaly.com\/de\/wp-json\/wp\/v2\/product_tag?post=5067"}],"curies":[{"name":"wp","href":"https:\/\/api.w.org\/{rel}","templated":true}]}}