{"id":5061,"date":"2024-12-09T12:56:16","date_gmt":"2024-12-09T12:56:16","guid":{"rendered":"https:\/\/decolightingitaly.com\/producto\/led-streifen-24v-dc-einfarbig-96w-m-ip68-12mm-10-20mt\/"},"modified":"2024-12-09T12:56:16","modified_gmt":"2024-12-09T12:56:16","slug":"led-streifen-24v-dc-einfarbig-96w-m-ip68-12mm-10-20mt","status":"publish","type":"product","link":"https:\/\/decolightingitaly.com\/de\/producto\/led-streifen-24v-dc-einfarbig-96w-m-ip68-12mm-10-20mt\/","title":{"rendered":"LED-Streifen 24V DC einfarbig | 9,6W\/m | IP68 | 12mm | 10-20mt"},"content":{"rendered":"<h2>Effiziente Beleuchtung mit einfarbigen LED-Streifen<\/h2>\n<p>Der einfarbige 24V DC LED-Streifen ist die perfekte L\u00f6sung f\u00fcr alle, die eine hochwertige und langlebige Beleuchtung suchen. Mit einem Verbrauch von nur 9,6 W\/m bietet diese Leiste eine Lichtausbeute von 100 lm\/W und sorgt f\u00fcr ein helles und brillantes Licht. <\/p>\n<h2>Wasserdichtes und vielseitiges Design<\/h2>\n<p>Dank der Schutzart IP68 ist dieser LED-Streifen wasserdicht und f\u00fcr den Au\u00dfenbereich geeignet. Er ist ideal f\u00fcr die Beleuchtung von G\u00e4rten, Terrassen oder Au\u00dfenbereichen, ohne dass Sie sich Gedanken \u00fcber die Witterungseinfl\u00fcsse machen m\u00fcssen. <\/p>\n<h2>Einfacher Einbau<\/h2>\n<p>Dank der Breite von 12 mm l\u00e4sst sich der LED-Streifen leicht in verschiedenen Anwendungen installieren. Schlie\u00dfen Sie es nahtlos an und genie\u00dfen Sie eine effektive Beleuchtung, die die R\u00e4ume, in denen Sie es verwenden, deutlich aufwertet. <\/p>\n","protected":false},"excerpt":{"rendered":"<p>Der einfarbige 24V DC LED-Streifen ist die perfekte L\u00f6sung f\u00fcr alle, die eine hochwertige und langlebige Beleuchtung suchen. Mit einem Verbrauch von nur 9,6 W\/m bietet diese Leiste eine Lichtausbeute von 100 lm\/W und sorgt f\u00fcr ein helles und brillantes Licht. <\/p>\n<ul>\n<li>10mt &#8211; 20mt<\/li>\n<li>IP68<\/li>\n<li>Breite 12mm<\/li>\n<li>9,6w\/m<\/li>\n<li>100lm\/w<\/li>\n<\/ul>\n","protected":false},"featured_media":2126,"comment_status":"open","ping_status":"closed","template":"","meta":{"_joinchat":[]},"product_brand":[],"product_cat":[135,130,133],"product_tag":[],"class_list":{"0":"post-5061","1":"product","2":"type-product","3":"status-publish","4":"has-post-thumbnail","6":"product_cat-24v-de","7":"product_cat-kommerzielle-beleuchtung","8":"product_cat-led-streifen","10":"first","11":"instock","12":"taxable","13":"shipping-taxable","14":"purchasable","15":"product-type-variable"},"yoast_head":"<!-- This site is optimized with the Yoast SEO plugin v26.5 - https:\/\/yoast.com\/wordpress\/plugins\/seo\/ -->\n<title>LED-Streifen 24V DC einfarbig | 9,6W\/m | IP68 | 120LED\/m<\/title>\n<meta name=\"description\" content=\"Die perfekte L\u00f6sung f\u00fcr alle, die eine hochwertige und langlebige Beleuchtung suchen. Verbrauch von 9,6 W\/m, bietet eine Lichtausbeute von 100 lm\/W, brillantes Licht\" \/>\n<meta name=\"robots\" content=\"index, follow, max-snippet:-1, max-image-preview:large, max-video-preview:-1\" \/>\n<link rel=\"canonical\" href=\"https:\/\/decolightingitaly.com\/de\/producto\/led-streifen-24v-dc-einfarbig-96w-m-ip68-12mm-10-20mt\/\" \/>\n<meta property=\"og:locale\" content=\"de_DE\" \/>\n<meta property=\"og:type\" content=\"article\" \/>\n<meta property=\"og:title\" content=\"LED-Streifen 24V DC einfarbig | 9,6W\/m | IP68 | 120LED\/m\" \/>\n<meta property=\"og:description\" content=\"Die perfekte L\u00f6sung f\u00fcr alle, die eine hochwertige und langlebige Beleuchtung suchen. Verbrauch von 9,6 W\/m, bietet eine Lichtausbeute von 100 lm\/W, brillantes Licht\" \/>\n<meta property=\"og:url\" content=\"https:\/\/decolightingitaly.com\/de\/producto\/led-streifen-24v-dc-einfarbig-96w-m-ip68-12mm-10-20mt\/\" \/>\n<meta property=\"og:site_name\" content=\"Decolighting\" \/>\n<meta property=\"article:publisher\" content=\"https:\/\/www.facebook.com\/people\/Decolighting-Italy\/61570211287982\/\" \/>\n<meta property=\"og:image\" content=\"https:\/\/decolightingitaly.com\/wp-content\/uploads\/2024\/12\/STRISCIA-_24V_IP68.png\" \/>\n\t<meta property=\"og:image:width\" content=\"800\" \/>\n\t<meta property=\"og:image:height\" content=\"800\" \/>\n\t<meta property=\"og:image:type\" content=\"image\/png\" \/>\n<meta name=\"twitter:card\" content=\"summary_large_image\" \/>\n<meta name=\"twitter:label1\" content=\"Gesch\u00e4tzte Lesezeit\" \/>\n\t<meta name=\"twitter:data1\" content=\"1\u00a0Minute\" \/>\n<script type=\"application\/ld+json\" class=\"yoast-schema-graph\">{\"@context\":\"https:\/\/schema.org\",\"@graph\":[{\"@type\":\"WebPage\",\"@id\":\"https:\/\/decolightingitaly.com\/de\/producto\/led-streifen-24v-dc-einfarbig-96w-m-ip68-12mm-10-20mt\/\",\"url\":\"https:\/\/decolightingitaly.com\/de\/producto\/led-streifen-24v-dc-einfarbig-96w-m-ip68-12mm-10-20mt\/\",\"name\":\"LED-Streifen 24V DC einfarbig | 9,6W\/m | IP68 | 120LED\/m\",\"isPartOf\":{\"@id\":\"https:\/\/decolightingitaly.com\/de\/#website\"},\"primaryImageOfPage\":{\"@id\":\"https:\/\/decolightingitaly.com\/de\/producto\/led-streifen-24v-dc-einfarbig-96w-m-ip68-12mm-10-20mt\/#primaryimage\"},\"image\":{\"@id\":\"https:\/\/decolightingitaly.com\/de\/producto\/led-streifen-24v-dc-einfarbig-96w-m-ip68-12mm-10-20mt\/#primaryimage\"},\"thumbnailUrl\":\"https:\/\/decolightingitaly.com\/wp-content\/uploads\/2024\/12\/STRISCIA-_24V_IP68.png\",\"datePublished\":\"2024-12-09T12:56:16+00:00\",\"description\":\"Die perfekte L\u00f6sung f\u00fcr alle, die eine hochwertige und langlebige Beleuchtung suchen. Verbrauch von 9,6 W\/m, bietet eine Lichtausbeute von 100 lm\/W, brillantes Licht\",\"breadcrumb\":{\"@id\":\"https:\/\/decolightingitaly.com\/de\/producto\/led-streifen-24v-dc-einfarbig-96w-m-ip68-12mm-10-20mt\/#breadcrumb\"},\"inLanguage\":\"de\",\"potentialAction\":[{\"@type\":\"ReadAction\",\"target\":[\"https:\/\/decolightingitaly.com\/de\/producto\/led-streifen-24v-dc-einfarbig-96w-m-ip68-12mm-10-20mt\/\"]}]},{\"@type\":\"ImageObject\",\"inLanguage\":\"de\",\"@id\":\"https:\/\/decolightingitaly.com\/de\/producto\/led-streifen-24v-dc-einfarbig-96w-m-ip68-12mm-10-20mt\/#primaryimage\",\"url\":\"https:\/\/decolightingitaly.com\/wp-content\/uploads\/2024\/12\/STRISCIA-_24V_IP68.png\",\"contentUrl\":\"https:\/\/decolightingitaly.com\/wp-content\/uploads\/2024\/12\/STRISCIA-_24V_IP68.png\",\"width\":800,\"height\":800},{\"@type\":\"BreadcrumbList\",\"@id\":\"https:\/\/decolightingitaly.com\/de\/producto\/led-streifen-24v-dc-einfarbig-96w-m-ip68-12mm-10-20mt\/#breadcrumb\",\"itemListElement\":[{\"@type\":\"ListItem\",\"position\":1,\"name\":\"Home\",\"item\":\"https:\/\/decolightingitaly.com\/de\/\"},{\"@type\":\"ListItem\",\"position\":2,\"name\":\"Gesch\u00e4ft\",\"item\":\"https:\/\/decolightingitaly.com\/de\/shop\/\"},{\"@type\":\"ListItem\",\"position\":3,\"name\":\"LED-Streifen 24V DC einfarbig | 9,6W\/m | IP68 | 12mm | 10-20mt\"}]},{\"@type\":\"WebSite\",\"@id\":\"https:\/\/decolightingitaly.com\/de\/#website\",\"url\":\"https:\/\/decolightingitaly.com\/de\/\",\"name\":\"Decolightingitaly\",\"description\":\"Illuminazione decorativa e di design\",\"publisher\":{\"@id\":\"https:\/\/decolightingitaly.com\/de\/#organization\"},\"alternateName\":\"Decolighting\",\"potentialAction\":[{\"@type\":\"SearchAction\",\"target\":{\"@type\":\"EntryPoint\",\"urlTemplate\":\"https:\/\/decolightingitaly.com\/de\/?s={search_term_string}\"},\"query-input\":{\"@type\":\"PropertyValueSpecification\",\"valueRequired\":true,\"valueName\":\"search_term_string\"}}],\"inLanguage\":\"de\"},{\"@type\":\"Organization\",\"@id\":\"https:\/\/decolightingitaly.com\/de\/#organization\",\"name\":\"Decolightingitaly\",\"alternateName\":\"Decolighting\",\"url\":\"https:\/\/decolightingitaly.com\/de\/\",\"logo\":{\"@type\":\"ImageObject\",\"inLanguage\":\"de\",\"@id\":\"https:\/\/decolightingitaly.com\/de\/#\/schema\/logo\/image\/\",\"url\":\"https:\/\/decolightingitaly.com\/wp-content\/uploads\/2024\/10\/Logo-v_3.png\",\"contentUrl\":\"https:\/\/decolightingitaly.com\/wp-content\/uploads\/2024\/10\/Logo-v_3.png\",\"width\":852,\"height\":684,\"caption\":\"Decolightingitaly\"},\"image\":{\"@id\":\"https:\/\/decolightingitaly.com\/de\/#\/schema\/logo\/image\/\"},\"sameAs\":[\"https:\/\/www.facebook.com\/people\/Decolighting-Italy\/61570211287982\/\"]}]}<\/script>\n<!-- \/ Yoast SEO plugin. -->","yoast_head_json":{"title":"LED-Streifen 24V DC einfarbig | 9,6W\/m | IP68 | 120LED\/m","description":"Die perfekte L\u00f6sung f\u00fcr alle, die eine hochwertige und langlebige Beleuchtung suchen. Verbrauch von 9,6 W\/m, bietet eine Lichtausbeute von 100 lm\/W, brillantes Licht","robots":{"index":"index","follow":"follow","max-snippet":"max-snippet:-1","max-image-preview":"max-image-preview:large","max-video-preview":"max-video-preview:-1"},"canonical":"https:\/\/decolightingitaly.com\/de\/producto\/led-streifen-24v-dc-einfarbig-96w-m-ip68-12mm-10-20mt\/","og_locale":"de_DE","og_type":"article","og_title":"LED-Streifen 24V DC einfarbig | 9,6W\/m | IP68 | 120LED\/m","og_description":"Die perfekte L\u00f6sung f\u00fcr alle, die eine hochwertige und langlebige Beleuchtung suchen. Verbrauch von 9,6 W\/m, bietet eine Lichtausbeute von 100 lm\/W, brillantes Licht","og_url":"https:\/\/decolightingitaly.com\/de\/producto\/led-streifen-24v-dc-einfarbig-96w-m-ip68-12mm-10-20mt\/","og_site_name":"Decolighting","article_publisher":"https:\/\/www.facebook.com\/people\/Decolighting-Italy\/61570211287982\/","og_image":[{"width":800,"height":800,"url":"https:\/\/decolightingitaly.com\/wp-content\/uploads\/2024\/12\/STRISCIA-_24V_IP68.png","type":"image\/png"}],"twitter_card":"summary_large_image","twitter_misc":{"Gesch\u00e4tzte Lesezeit":"1\u00a0Minute"},"schema":{"@context":"https:\/\/schema.org","@graph":[{"@type":"WebPage","@id":"https:\/\/decolightingitaly.com\/de\/producto\/led-streifen-24v-dc-einfarbig-96w-m-ip68-12mm-10-20mt\/","url":"https:\/\/decolightingitaly.com\/de\/producto\/led-streifen-24v-dc-einfarbig-96w-m-ip68-12mm-10-20mt\/","name":"LED-Streifen 24V DC einfarbig | 9,6W\/m | IP68 | 120LED\/m","isPartOf":{"@id":"https:\/\/decolightingitaly.com\/de\/#website"},"primaryImageOfPage":{"@id":"https:\/\/decolightingitaly.com\/de\/producto\/led-streifen-24v-dc-einfarbig-96w-m-ip68-12mm-10-20mt\/#primaryimage"},"image":{"@id":"https:\/\/decolightingitaly.com\/de\/producto\/led-streifen-24v-dc-einfarbig-96w-m-ip68-12mm-10-20mt\/#primaryimage"},"thumbnailUrl":"https:\/\/decolightingitaly.com\/wp-content\/uploads\/2024\/12\/STRISCIA-_24V_IP68.png","datePublished":"2024-12-09T12:56:16+00:00","description":"Die perfekte L\u00f6sung f\u00fcr alle, die eine hochwertige und langlebige Beleuchtung suchen. Verbrauch von 9,6 W\/m, bietet eine Lichtausbeute von 100 lm\/W, brillantes Licht","breadcrumb":{"@id":"https:\/\/decolightingitaly.com\/de\/producto\/led-streifen-24v-dc-einfarbig-96w-m-ip68-12mm-10-20mt\/#breadcrumb"},"inLanguage":"de","potentialAction":[{"@type":"ReadAction","target":["https:\/\/decolightingitaly.com\/de\/producto\/led-streifen-24v-dc-einfarbig-96w-m-ip68-12mm-10-20mt\/"]}]},{"@type":"ImageObject","inLanguage":"de","@id":"https:\/\/decolightingitaly.com\/de\/producto\/led-streifen-24v-dc-einfarbig-96w-m-ip68-12mm-10-20mt\/#primaryimage","url":"https:\/\/decolightingitaly.com\/wp-content\/uploads\/2024\/12\/STRISCIA-_24V_IP68.png","contentUrl":"https:\/\/decolightingitaly.com\/wp-content\/uploads\/2024\/12\/STRISCIA-_24V_IP68.png","width":800,"height":800},{"@type":"BreadcrumbList","@id":"https:\/\/decolightingitaly.com\/de\/producto\/led-streifen-24v-dc-einfarbig-96w-m-ip68-12mm-10-20mt\/#breadcrumb","itemListElement":[{"@type":"ListItem","position":1,"name":"Home","item":"https:\/\/decolightingitaly.com\/de\/"},{"@type":"ListItem","position":2,"name":"Gesch\u00e4ft","item":"https:\/\/decolightingitaly.com\/de\/shop\/"},{"@type":"ListItem","position":3,"name":"LED-Streifen 24V DC einfarbig | 9,6W\/m | IP68 | 12mm | 10-20mt"}]},{"@type":"WebSite","@id":"https:\/\/decolightingitaly.com\/de\/#website","url":"https:\/\/decolightingitaly.com\/de\/","name":"Decolightingitaly","description":"Illuminazione decorativa e di design","publisher":{"@id":"https:\/\/decolightingitaly.com\/de\/#organization"},"alternateName":"Decolighting","potentialAction":[{"@type":"SearchAction","target":{"@type":"EntryPoint","urlTemplate":"https:\/\/decolightingitaly.com\/de\/?s={search_term_string}"},"query-input":{"@type":"PropertyValueSpecification","valueRequired":true,"valueName":"search_term_string"}}],"inLanguage":"de"},{"@type":"Organization","@id":"https:\/\/decolightingitaly.com\/de\/#organization","name":"Decolightingitaly","alternateName":"Decolighting","url":"https:\/\/decolightingitaly.com\/de\/","logo":{"@type":"ImageObject","inLanguage":"de","@id":"https:\/\/decolightingitaly.com\/de\/#\/schema\/logo\/image\/","url":"https:\/\/decolightingitaly.com\/wp-content\/uploads\/2024\/10\/Logo-v_3.png","contentUrl":"https:\/\/decolightingitaly.com\/wp-content\/uploads\/2024\/10\/Logo-v_3.png","width":852,"height":684,"caption":"Decolightingitaly"},"image":{"@id":"https:\/\/decolightingitaly.com\/de\/#\/schema\/logo\/image\/"},"sameAs":["https:\/\/www.facebook.com\/people\/Decolighting-Italy\/61570211287982\/"]}]}},"jetpack_sharing_enabled":true,"_links":{"self":[{"href":"https:\/\/decolightingitaly.com\/de\/wp-json\/wp\/v2\/product\/5061","targetHints":{"allow":["GET"]}}],"collection":[{"href":"https:\/\/decolightingitaly.com\/de\/wp-json\/wp\/v2\/product"}],"about":[{"href":"https:\/\/decolightingitaly.com\/de\/wp-json\/wp\/v2\/types\/product"}],"replies":[{"embeddable":true,"href":"https:\/\/decolightingitaly.com\/de\/wp-json\/wp\/v2\/comments?post=5061"}],"wp:featuredmedia":[{"embeddable":true,"href":"https:\/\/decolightingitaly.com\/de\/wp-json\/wp\/v2\/media\/2126"}],"wp:attachment":[{"href":"https:\/\/decolightingitaly.com\/de\/wp-json\/wp\/v2\/media?parent=5061"}],"wp:term":[{"taxonomy":"product_brand","embeddable":true,"href":"https:\/\/decolightingitaly.com\/de\/wp-json\/wp\/v2\/product_brand?post=5061"},{"taxonomy":"product_cat","embeddable":true,"href":"https:\/\/decolightingitaly.com\/de\/wp-json\/wp\/v2\/product_cat?post=5061"},{"taxonomy":"product_tag","embeddable":true,"href":"https:\/\/decolightingitaly.com\/de\/wp-json\/wp\/v2\/product_tag?post=5061"}],"curies":[{"name":"wp","href":"https:\/\/api.w.org\/{rel}","templated":true}]}}