{"id":5052,"date":"2025-01-20T16:21:52","date_gmt":"2025-01-20T16:21:52","guid":{"rendered":"https:\/\/decolightingitaly.com\/producto\/fernsteuerung-led-rgb-rgbw-rgbcct-8-zonen\/"},"modified":"2025-01-20T16:21:52","modified_gmt":"2025-01-20T16:21:52","slug":"fernsteuerung-led-rgb-rgbw-rgbcct-8-zonen","status":"publish","type":"product","link":"https:\/\/decolightingitaly.com\/de\/producto\/fernsteuerung-led-rgb-rgbw-rgbcct-8-zonen\/","title":{"rendered":"Fernsteuerung LED RGB\/RGBW\/RGB+CCT | 8 Zonen"},"content":{"rendered":"<h2>Erweiterte Lichtsteuerung<\/h2>\n<p>Die kabellose Einfarben-Fernbedienung ist das ideale Zubeh\u00f6r f\u00fcr die Steuerung der Beleuchtung in Ihrem Zuhause. Mit ihrer CCT-, RGB- und RGBW-Funktionalit\u00e4t k\u00f6nnen Sie die Atmosph\u00e4re ganz nach Ihren W\u00fcnschen gestalten. Dank des Touch Wheel wird die Einstellung von Farbe und Helligkeit zum Kinderspiel.  <\/p>\n<h2>Benutzerfreundlichkeit<\/h2>\n<p>Ausgestattet mit separaten Tasten f\u00fcr eine pr\u00e4zise Steuerung, macht diese Fernbedienung das Lichtmanagement einfach und intuitiv. Die RF-\u00dcbertragung garantiert eine schnelle und zuverl\u00e4ssige Verbindung bis zu 30 Metern, so dass Sie von jedem Ort im Raum aus problemlos arbeiten k\u00f6nnen. <\/p>\n<h2>Praktische Installation<\/h2>\n<p>Im Lieferumfang ist auch eine Wandhalterung enthalten, die eine bequeme und elegante Installation erm\u00f6glicht. Sie m\u00fcssen sich keine Gedanken mehr dar\u00fcber machen, wo Sie Ihre Fernbedienung platzieren: Sie haben immer die maximale Kontrolle in Reichweite. <\/p>\n","protected":false},"excerpt":{"rendered":"<p>Die kabellose Einfarben-Fernbedienung ist das ideale Zubeh\u00f6r f\u00fcr die Steuerung der Beleuchtung in Ihrem Zuhause. Mit ihrer CCT-, RGB- und RGBW-Funktionalit\u00e4t k\u00f6nnen Sie die Atmosph\u00e4re ganz nach Ihren W\u00fcnschen gestalten. Dank des Touch Wheel wird die Einstellung von Farbe und Helligkeit zum Kinderspiel.  <\/p>\n<ul>\n<li>8 Zonen<\/li>\n<li>RGB | RGBW | RGB+CCT<\/li>\n<li>Fernsteuerung bis zu 30 Meter<\/li>\n<\/ul>\n","protected":false},"featured_media":2439,"comment_status":"open","ping_status":"closed","template":"","meta":{"_joinchat":[]},"product_brand":[],"product_cat":[113,114,130],"product_tag":[],"class_list":{"0":"post-5052","1":"product","2":"type-product","3":"status-publish","4":"has-post-thumbnail","6":"product_cat-fernbedienungen-und-zubehor","7":"product_cat-steuerung-und-zubehor","8":"product_cat-kommerzielle-beleuchtung","10":"first","11":"instock","12":"taxable","13":"shipping-taxable","14":"purchasable","15":"product-type-simple"},"yoast_head":"<!-- This site is optimized with the Yoast SEO plugin v26.5 - https:\/\/yoast.com\/wordpress\/plugins\/seo\/ -->\n<title>Fernsteuerung LED RGB\/RGBW\/RGB+CCT | 8 Zonen<\/title>\n<meta name=\"description\" content=\"Mit der CCT-, RGB- und RGBW-Funktionalit\u00e4t k\u00f6nnen Sie die Atmosph\u00e4re ganz nach Ihren W\u00fcnschen gestalten. Schnelle und zuverl\u00e4ssige RF-\u00dcbertragungsverbindung bis zu 30 Meter\" \/>\n<meta name=\"robots\" content=\"index, follow, max-snippet:-1, max-image-preview:large, max-video-preview:-1\" \/>\n<link rel=\"canonical\" href=\"https:\/\/decolightingitaly.com\/de\/producto\/fernsteuerung-led-rgb-rgbw-rgbcct-8-zonen\/\" \/>\n<meta property=\"og:locale\" content=\"de_DE\" \/>\n<meta property=\"og:type\" content=\"article\" \/>\n<meta property=\"og:title\" content=\"Fernsteuerung LED RGB\/RGBW\/RGB+CCT | 8 Zonen\" \/>\n<meta property=\"og:description\" content=\"Mit der CCT-, RGB- und RGBW-Funktionalit\u00e4t k\u00f6nnen Sie die Atmosph\u00e4re ganz nach Ihren W\u00fcnschen gestalten. Schnelle und zuverl\u00e4ssige RF-\u00dcbertragungsverbindung bis zu 30 Meter\" \/>\n<meta property=\"og:url\" content=\"https:\/\/decolightingitaly.com\/de\/producto\/fernsteuerung-led-rgb-rgbw-rgbcct-8-zonen\/\" \/>\n<meta property=\"og:site_name\" content=\"Decolighting\" \/>\n<meta property=\"article:publisher\" content=\"https:\/\/www.facebook.com\/people\/Decolighting-Italy\/61570211287982\/\" \/>\n<meta property=\"og:image\" content=\"https:\/\/decolightingitaly.com\/wp-content\/uploads\/2025\/01\/ITSK-RS10-N.png\" \/>\n\t<meta property=\"og:image:width\" content=\"1000\" \/>\n\t<meta property=\"og:image:height\" content=\"1000\" \/>\n\t<meta property=\"og:image:type\" content=\"image\/png\" \/>\n<meta name=\"twitter:card\" content=\"summary_large_image\" \/>\n<meta name=\"twitter:label1\" content=\"Gesch\u00e4tzte Lesezeit\" \/>\n\t<meta name=\"twitter:data1\" content=\"1\u00a0Minute\" \/>\n<script type=\"application\/ld+json\" class=\"yoast-schema-graph\">{\"@context\":\"https:\/\/schema.org\",\"@graph\":[{\"@type\":\"WebPage\",\"@id\":\"https:\/\/decolightingitaly.com\/de\/producto\/fernsteuerung-led-rgb-rgbw-rgbcct-8-zonen\/\",\"url\":\"https:\/\/decolightingitaly.com\/de\/producto\/fernsteuerung-led-rgb-rgbw-rgbcct-8-zonen\/\",\"name\":\"Fernsteuerung LED RGB\/RGBW\/RGB+CCT | 8 Zonen\",\"isPartOf\":{\"@id\":\"https:\/\/decolightingitaly.com\/de\/#website\"},\"primaryImageOfPage\":{\"@id\":\"https:\/\/decolightingitaly.com\/de\/producto\/fernsteuerung-led-rgb-rgbw-rgbcct-8-zonen\/#primaryimage\"},\"image\":{\"@id\":\"https:\/\/decolightingitaly.com\/de\/producto\/fernsteuerung-led-rgb-rgbw-rgbcct-8-zonen\/#primaryimage\"},\"thumbnailUrl\":\"https:\/\/decolightingitaly.com\/wp-content\/uploads\/2025\/01\/ITSK-RS10-N.png\",\"datePublished\":\"2025-01-20T16:21:52+00:00\",\"description\":\"Mit der CCT-, RGB- und RGBW-Funktionalit\u00e4t k\u00f6nnen Sie die Atmosph\u00e4re ganz nach Ihren W\u00fcnschen gestalten. Schnelle und zuverl\u00e4ssige RF-\u00dcbertragungsverbindung bis zu 30 Meter\",\"breadcrumb\":{\"@id\":\"https:\/\/decolightingitaly.com\/de\/producto\/fernsteuerung-led-rgb-rgbw-rgbcct-8-zonen\/#breadcrumb\"},\"inLanguage\":\"de\",\"potentialAction\":[{\"@type\":\"ReadAction\",\"target\":[\"https:\/\/decolightingitaly.com\/de\/producto\/fernsteuerung-led-rgb-rgbw-rgbcct-8-zonen\/\"]}]},{\"@type\":\"ImageObject\",\"inLanguage\":\"de\",\"@id\":\"https:\/\/decolightingitaly.com\/de\/producto\/fernsteuerung-led-rgb-rgbw-rgbcct-8-zonen\/#primaryimage\",\"url\":\"https:\/\/decolightingitaly.com\/wp-content\/uploads\/2025\/01\/ITSK-RS10-N.png\",\"contentUrl\":\"https:\/\/decolightingitaly.com\/wp-content\/uploads\/2025\/01\/ITSK-RS10-N.png\",\"width\":1000,\"height\":1000},{\"@type\":\"BreadcrumbList\",\"@id\":\"https:\/\/decolightingitaly.com\/de\/producto\/fernsteuerung-led-rgb-rgbw-rgbcct-8-zonen\/#breadcrumb\",\"itemListElement\":[{\"@type\":\"ListItem\",\"position\":1,\"name\":\"Home\",\"item\":\"https:\/\/decolightingitaly.com\/de\/\"},{\"@type\":\"ListItem\",\"position\":2,\"name\":\"Gesch\u00e4ft\",\"item\":\"https:\/\/decolightingitaly.com\/de\/shop\/\"},{\"@type\":\"ListItem\",\"position\":3,\"name\":\"Fernsteuerung LED RGB\/RGBW\/RGB+CCT | 8 Zonen\"}]},{\"@type\":\"WebSite\",\"@id\":\"https:\/\/decolightingitaly.com\/de\/#website\",\"url\":\"https:\/\/decolightingitaly.com\/de\/\",\"name\":\"Decolightingitaly\",\"description\":\"Illuminazione decorativa e di design\",\"publisher\":{\"@id\":\"https:\/\/decolightingitaly.com\/de\/#organization\"},\"alternateName\":\"Decolighting\",\"potentialAction\":[{\"@type\":\"SearchAction\",\"target\":{\"@type\":\"EntryPoint\",\"urlTemplate\":\"https:\/\/decolightingitaly.com\/de\/?s={search_term_string}\"},\"query-input\":{\"@type\":\"PropertyValueSpecification\",\"valueRequired\":true,\"valueName\":\"search_term_string\"}}],\"inLanguage\":\"de\"},{\"@type\":\"Organization\",\"@id\":\"https:\/\/decolightingitaly.com\/de\/#organization\",\"name\":\"Decolightingitaly\",\"alternateName\":\"Decolighting\",\"url\":\"https:\/\/decolightingitaly.com\/de\/\",\"logo\":{\"@type\":\"ImageObject\",\"inLanguage\":\"de\",\"@id\":\"https:\/\/decolightingitaly.com\/de\/#\/schema\/logo\/image\/\",\"url\":\"https:\/\/decolightingitaly.com\/wp-content\/uploads\/2024\/10\/Logo-v_3.png\",\"contentUrl\":\"https:\/\/decolightingitaly.com\/wp-content\/uploads\/2024\/10\/Logo-v_3.png\",\"width\":852,\"height\":684,\"caption\":\"Decolightingitaly\"},\"image\":{\"@id\":\"https:\/\/decolightingitaly.com\/de\/#\/schema\/logo\/image\/\"},\"sameAs\":[\"https:\/\/www.facebook.com\/people\/Decolighting-Italy\/61570211287982\/\"]}]}<\/script>\n<!-- \/ Yoast SEO plugin. -->","yoast_head_json":{"title":"Fernsteuerung LED RGB\/RGBW\/RGB+CCT | 8 Zonen","description":"Mit der CCT-, RGB- und RGBW-Funktionalit\u00e4t k\u00f6nnen Sie die Atmosph\u00e4re ganz nach Ihren W\u00fcnschen gestalten. Schnelle und zuverl\u00e4ssige RF-\u00dcbertragungsverbindung bis zu 30 Meter","robots":{"index":"index","follow":"follow","max-snippet":"max-snippet:-1","max-image-preview":"max-image-preview:large","max-video-preview":"max-video-preview:-1"},"canonical":"https:\/\/decolightingitaly.com\/de\/producto\/fernsteuerung-led-rgb-rgbw-rgbcct-8-zonen\/","og_locale":"de_DE","og_type":"article","og_title":"Fernsteuerung LED RGB\/RGBW\/RGB+CCT | 8 Zonen","og_description":"Mit der CCT-, RGB- und RGBW-Funktionalit\u00e4t k\u00f6nnen Sie die Atmosph\u00e4re ganz nach Ihren W\u00fcnschen gestalten. Schnelle und zuverl\u00e4ssige RF-\u00dcbertragungsverbindung bis zu 30 Meter","og_url":"https:\/\/decolightingitaly.com\/de\/producto\/fernsteuerung-led-rgb-rgbw-rgbcct-8-zonen\/","og_site_name":"Decolighting","article_publisher":"https:\/\/www.facebook.com\/people\/Decolighting-Italy\/61570211287982\/","og_image":[{"width":1000,"height":1000,"url":"https:\/\/decolightingitaly.com\/wp-content\/uploads\/2025\/01\/ITSK-RS10-N.png","type":"image\/png"}],"twitter_card":"summary_large_image","twitter_misc":{"Gesch\u00e4tzte Lesezeit":"1\u00a0Minute"},"schema":{"@context":"https:\/\/schema.org","@graph":[{"@type":"WebPage","@id":"https:\/\/decolightingitaly.com\/de\/producto\/fernsteuerung-led-rgb-rgbw-rgbcct-8-zonen\/","url":"https:\/\/decolightingitaly.com\/de\/producto\/fernsteuerung-led-rgb-rgbw-rgbcct-8-zonen\/","name":"Fernsteuerung LED RGB\/RGBW\/RGB+CCT | 8 Zonen","isPartOf":{"@id":"https:\/\/decolightingitaly.com\/de\/#website"},"primaryImageOfPage":{"@id":"https:\/\/decolightingitaly.com\/de\/producto\/fernsteuerung-led-rgb-rgbw-rgbcct-8-zonen\/#primaryimage"},"image":{"@id":"https:\/\/decolightingitaly.com\/de\/producto\/fernsteuerung-led-rgb-rgbw-rgbcct-8-zonen\/#primaryimage"},"thumbnailUrl":"https:\/\/decolightingitaly.com\/wp-content\/uploads\/2025\/01\/ITSK-RS10-N.png","datePublished":"2025-01-20T16:21:52+00:00","description":"Mit der CCT-, RGB- und RGBW-Funktionalit\u00e4t k\u00f6nnen Sie die Atmosph\u00e4re ganz nach Ihren W\u00fcnschen gestalten. Schnelle und zuverl\u00e4ssige RF-\u00dcbertragungsverbindung bis zu 30 Meter","breadcrumb":{"@id":"https:\/\/decolightingitaly.com\/de\/producto\/fernsteuerung-led-rgb-rgbw-rgbcct-8-zonen\/#breadcrumb"},"inLanguage":"de","potentialAction":[{"@type":"ReadAction","target":["https:\/\/decolightingitaly.com\/de\/producto\/fernsteuerung-led-rgb-rgbw-rgbcct-8-zonen\/"]}]},{"@type":"ImageObject","inLanguage":"de","@id":"https:\/\/decolightingitaly.com\/de\/producto\/fernsteuerung-led-rgb-rgbw-rgbcct-8-zonen\/#primaryimage","url":"https:\/\/decolightingitaly.com\/wp-content\/uploads\/2025\/01\/ITSK-RS10-N.png","contentUrl":"https:\/\/decolightingitaly.com\/wp-content\/uploads\/2025\/01\/ITSK-RS10-N.png","width":1000,"height":1000},{"@type":"BreadcrumbList","@id":"https:\/\/decolightingitaly.com\/de\/producto\/fernsteuerung-led-rgb-rgbw-rgbcct-8-zonen\/#breadcrumb","itemListElement":[{"@type":"ListItem","position":1,"name":"Home","item":"https:\/\/decolightingitaly.com\/de\/"},{"@type":"ListItem","position":2,"name":"Gesch\u00e4ft","item":"https:\/\/decolightingitaly.com\/de\/shop\/"},{"@type":"ListItem","position":3,"name":"Fernsteuerung LED RGB\/RGBW\/RGB+CCT | 8 Zonen"}]},{"@type":"WebSite","@id":"https:\/\/decolightingitaly.com\/de\/#website","url":"https:\/\/decolightingitaly.com\/de\/","name":"Decolightingitaly","description":"Illuminazione decorativa e di design","publisher":{"@id":"https:\/\/decolightingitaly.com\/de\/#organization"},"alternateName":"Decolighting","potentialAction":[{"@type":"SearchAction","target":{"@type":"EntryPoint","urlTemplate":"https:\/\/decolightingitaly.com\/de\/?s={search_term_string}"},"query-input":{"@type":"PropertyValueSpecification","valueRequired":true,"valueName":"search_term_string"}}],"inLanguage":"de"},{"@type":"Organization","@id":"https:\/\/decolightingitaly.com\/de\/#organization","name":"Decolightingitaly","alternateName":"Decolighting","url":"https:\/\/decolightingitaly.com\/de\/","logo":{"@type":"ImageObject","inLanguage":"de","@id":"https:\/\/decolightingitaly.com\/de\/#\/schema\/logo\/image\/","url":"https:\/\/decolightingitaly.com\/wp-content\/uploads\/2024\/10\/Logo-v_3.png","contentUrl":"https:\/\/decolightingitaly.com\/wp-content\/uploads\/2024\/10\/Logo-v_3.png","width":852,"height":684,"caption":"Decolightingitaly"},"image":{"@id":"https:\/\/decolightingitaly.com\/de\/#\/schema\/logo\/image\/"},"sameAs":["https:\/\/www.facebook.com\/people\/Decolighting-Italy\/61570211287982\/"]}]}},"jetpack_sharing_enabled":true,"_links":{"self":[{"href":"https:\/\/decolightingitaly.com\/de\/wp-json\/wp\/v2\/product\/5052","targetHints":{"allow":["GET"]}}],"collection":[{"href":"https:\/\/decolightingitaly.com\/de\/wp-json\/wp\/v2\/product"}],"about":[{"href":"https:\/\/decolightingitaly.com\/de\/wp-json\/wp\/v2\/types\/product"}],"replies":[{"embeddable":true,"href":"https:\/\/decolightingitaly.com\/de\/wp-json\/wp\/v2\/comments?post=5052"}],"wp:featuredmedia":[{"embeddable":true,"href":"https:\/\/decolightingitaly.com\/de\/wp-json\/wp\/v2\/media\/2439"}],"wp:attachment":[{"href":"https:\/\/decolightingitaly.com\/de\/wp-json\/wp\/v2\/media?parent=5052"}],"wp:term":[{"taxonomy":"product_brand","embeddable":true,"href":"https:\/\/decolightingitaly.com\/de\/wp-json\/wp\/v2\/product_brand?post=5052"},{"taxonomy":"product_cat","embeddable":true,"href":"https:\/\/decolightingitaly.com\/de\/wp-json\/wp\/v2\/product_cat?post=5052"},{"taxonomy":"product_tag","embeddable":true,"href":"https:\/\/decolightingitaly.com\/de\/wp-json\/wp\/v2\/product_tag?post=5052"}],"curies":[{"name":"wp","href":"https:\/\/api.w.org\/{rel}","templated":true}]}}