{"id":5049,"date":"2025-01-20T07:39:02","date_gmt":"2025-01-20T07:39:02","guid":{"rendered":"https:\/\/decolightingitaly.com\/producto\/cob-cct-led-streifen-14w-m-10mm-ip20-24v-5-meter\/"},"modified":"2025-01-20T07:39:02","modified_gmt":"2025-01-20T07:39:02","slug":"cob-cct-led-streifen-14w-m-10mm-ip20-24v-5-meter","status":"publish","type":"product","link":"https:\/\/decolightingitaly.com\/de\/producto\/cob-cct-led-streifen-14w-m-10mm-ip20-24v-5-meter\/","title":{"rendered":"COB CCT LED Streifen | 14W\/m | 10mm | IP20 | 24v | 5 Meter"},"content":{"rendered":"<h2>Homogene und gleichm\u00e4\u00dfige Ausleuchtung<\/h2>\n<p>Der COB 24V DC LED-Streifen wurde entwickelt, um eine gleichm\u00e4\u00dfige, einheitliche Beleuchtung zu gew\u00e4hrleisten und Schatten oder sichtbare Lichtflecken zu vermeiden, ein h\u00e4ufiges Problem bei herk\u00f6mmlichen LED-Streifen. Dank seiner fortschrittlichen Technologie k\u00f6nnen Sie eine konstante Helligkeit in jeder Umgebung genie\u00dfen. <\/p>\n<h2>Schnitt und Flexibilit\u00e4t<\/h2>\n<p>Dieser LED-Streifen l\u00e4sst sich problemlos alle 26 mm zuschneiden, so dass Sie ihn perfekt an die Gr\u00f6\u00dfe Ihres Raums anpassen k\u00f6nnen. Diese Vielseitigkeit macht den Streifen ideal f\u00fcr verschiedene Anwendungen, von DIY-Projekten bis hin zu professionellen Installationen. <\/p>\n<h2>Effizient und anpassbar<\/h2>\n<p>Mit einer hohen Lichtausbeute von 100lm\/W und einer erstaunlichen Dichte von 608 LEDs pro Meter bietet der Streifen Helligkeit und Effizienz. Dar\u00fcber hinaus k\u00f6nnen Sie mit dem CCT-System die Farbtemperatur von 2700K bis 6500K \u00e4ndern, um jede gew\u00fcnschte Atmosph\u00e4re zu schaffen. <\/p>\n","protected":false},"excerpt":{"rendered":"<p>Der COB 24V DC LED-Streifen wurde entwickelt, um eine gleichm\u00e4\u00dfige, einheitliche Beleuchtung zu gew\u00e4hrleisten und Schatten oder sichtbare Lichtflecken zu vermeiden, ein h\u00e4ufiges Problem bei herk\u00f6mmlichen LED-Streifen. Dank seiner fortschrittlichen Technologie k\u00f6nnen Sie eine konstante Helligkeit in jeder Umgebung genie\u00dfen. <\/p>\n<ul>\n<li>Zulassung IP20<\/li>\n<li>Schnitt alle 26mm<\/li>\n<li>Lichtfarbe 2700K bis 6500K<\/li>\n<\/ul>\n","protected":false},"featured_media":2369,"comment_status":"open","ping_status":"closed","template":"","meta":{"_joinchat":[]},"product_brand":[],"product_cat":[105,135,130,133],"product_tag":[],"class_list":{"0":"post-5049","1":"product","2":"type-product","3":"status-publish","4":"has-post-thumbnail","6":"product_cat-innenraum","7":"product_cat-24v-de","8":"product_cat-kommerzielle-beleuchtung","9":"product_cat-led-streifen","11":"first","12":"instock","13":"taxable","14":"shipping-taxable","15":"purchasable","16":"product-type-simple"},"yoast_head":"<!-- This site is optimized with the Yoast SEO plugin v26.5 - https:\/\/yoast.com\/wordpress\/plugins\/seo\/ -->\n<title>COB CCT LED-Streifen | 14W\/m | 10mm | IP20 | 5 Meter<\/title>\n<meta name=\"description\" content=\"Es wurde entwickelt, um eine gleichm\u00e4\u00dfige und einheitliche Ausleuchtung zu gew\u00e4hrleisten, und erm\u00f6glicht einen Schnitt alle 26 mm. Das CCT-System \u00e4ndert die Farbtemperatur von 2700K bis 6500K.\" \/>\n<meta name=\"robots\" content=\"index, follow, max-snippet:-1, max-image-preview:large, max-video-preview:-1\" \/>\n<link rel=\"canonical\" href=\"https:\/\/decolightingitaly.com\/de\/producto\/cob-cct-led-streifen-14w-m-10mm-ip20-24v-5-meter\/\" \/>\n<meta property=\"og:locale\" content=\"de_DE\" \/>\n<meta property=\"og:type\" content=\"article\" \/>\n<meta property=\"og:title\" content=\"COB CCT LED-Streifen | 14W\/m | 10mm | IP20 | 5 Meter\" \/>\n<meta property=\"og:description\" content=\"Es wurde entwickelt, um eine gleichm\u00e4\u00dfige und einheitliche Ausleuchtung zu gew\u00e4hrleisten, und erm\u00f6glicht einen Schnitt alle 26 mm. Das CCT-System \u00e4ndert die Farbtemperatur von 2700K bis 6500K.\" \/>\n<meta property=\"og:url\" content=\"https:\/\/decolightingitaly.com\/de\/producto\/cob-cct-led-streifen-14w-m-10mm-ip20-24v-5-meter\/\" \/>\n<meta property=\"og:site_name\" content=\"Decolighting\" \/>\n<meta property=\"article:publisher\" content=\"https:\/\/www.facebook.com\/people\/Decolighting-Italy\/61570211287982\/\" \/>\n<meta property=\"og:image\" content=\"https:\/\/decolightingitaly.com\/wp-content\/uploads\/2025\/01\/PORTADA.png\" \/>\n\t<meta property=\"og:image:width\" content=\"1000\" \/>\n\t<meta property=\"og:image:height\" content=\"1000\" \/>\n\t<meta property=\"og:image:type\" content=\"image\/png\" \/>\n<meta name=\"twitter:card\" content=\"summary_large_image\" \/>\n<meta name=\"twitter:label1\" content=\"Gesch\u00e4tzte Lesezeit\" \/>\n\t<meta name=\"twitter:data1\" content=\"1\u00a0Minute\" \/>\n<script type=\"application\/ld+json\" class=\"yoast-schema-graph\">{\"@context\":\"https:\/\/schema.org\",\"@graph\":[{\"@type\":\"WebPage\",\"@id\":\"https:\/\/decolightingitaly.com\/de\/producto\/cob-cct-led-streifen-14w-m-10mm-ip20-24v-5-meter\/\",\"url\":\"https:\/\/decolightingitaly.com\/de\/producto\/cob-cct-led-streifen-14w-m-10mm-ip20-24v-5-meter\/\",\"name\":\"COB CCT LED-Streifen | 14W\/m | 10mm | IP20 | 5 Meter\",\"isPartOf\":{\"@id\":\"https:\/\/decolightingitaly.com\/de\/#website\"},\"primaryImageOfPage\":{\"@id\":\"https:\/\/decolightingitaly.com\/de\/producto\/cob-cct-led-streifen-14w-m-10mm-ip20-24v-5-meter\/#primaryimage\"},\"image\":{\"@id\":\"https:\/\/decolightingitaly.com\/de\/producto\/cob-cct-led-streifen-14w-m-10mm-ip20-24v-5-meter\/#primaryimage\"},\"thumbnailUrl\":\"https:\/\/decolightingitaly.com\/wp-content\/uploads\/2025\/01\/PORTADA.png\",\"datePublished\":\"2025-01-20T07:39:02+00:00\",\"description\":\"Es wurde entwickelt, um eine gleichm\u00e4\u00dfige und einheitliche Ausleuchtung zu gew\u00e4hrleisten, und erm\u00f6glicht einen Schnitt alle 26 mm. Das CCT-System \u00e4ndert die Farbtemperatur von 2700K bis 6500K.\",\"breadcrumb\":{\"@id\":\"https:\/\/decolightingitaly.com\/de\/producto\/cob-cct-led-streifen-14w-m-10mm-ip20-24v-5-meter\/#breadcrumb\"},\"inLanguage\":\"de\",\"potentialAction\":[{\"@type\":\"ReadAction\",\"target\":[\"https:\/\/decolightingitaly.com\/de\/producto\/cob-cct-led-streifen-14w-m-10mm-ip20-24v-5-meter\/\"]}]},{\"@type\":\"ImageObject\",\"inLanguage\":\"de\",\"@id\":\"https:\/\/decolightingitaly.com\/de\/producto\/cob-cct-led-streifen-14w-m-10mm-ip20-24v-5-meter\/#primaryimage\",\"url\":\"https:\/\/decolightingitaly.com\/wp-content\/uploads\/2025\/01\/PORTADA.png\",\"contentUrl\":\"https:\/\/decolightingitaly.com\/wp-content\/uploads\/2025\/01\/PORTADA.png\",\"width\":1000,\"height\":1000},{\"@type\":\"BreadcrumbList\",\"@id\":\"https:\/\/decolightingitaly.com\/de\/producto\/cob-cct-led-streifen-14w-m-10mm-ip20-24v-5-meter\/#breadcrumb\",\"itemListElement\":[{\"@type\":\"ListItem\",\"position\":1,\"name\":\"Home\",\"item\":\"https:\/\/decolightingitaly.com\/de\/\"},{\"@type\":\"ListItem\",\"position\":2,\"name\":\"Gesch\u00e4ft\",\"item\":\"https:\/\/decolightingitaly.com\/de\/shop\/\"},{\"@type\":\"ListItem\",\"position\":3,\"name\":\"COB CCT LED Streifen | 14W\/m | 10mm | IP20 | 24v | 5 Meter\"}]},{\"@type\":\"WebSite\",\"@id\":\"https:\/\/decolightingitaly.com\/de\/#website\",\"url\":\"https:\/\/decolightingitaly.com\/de\/\",\"name\":\"Decolightingitaly\",\"description\":\"Illuminazione decorativa e di design\",\"publisher\":{\"@id\":\"https:\/\/decolightingitaly.com\/de\/#organization\"},\"alternateName\":\"Decolighting\",\"potentialAction\":[{\"@type\":\"SearchAction\",\"target\":{\"@type\":\"EntryPoint\",\"urlTemplate\":\"https:\/\/decolightingitaly.com\/de\/?s={search_term_string}\"},\"query-input\":{\"@type\":\"PropertyValueSpecification\",\"valueRequired\":true,\"valueName\":\"search_term_string\"}}],\"inLanguage\":\"de\"},{\"@type\":\"Organization\",\"@id\":\"https:\/\/decolightingitaly.com\/de\/#organization\",\"name\":\"Decolightingitaly\",\"alternateName\":\"Decolighting\",\"url\":\"https:\/\/decolightingitaly.com\/de\/\",\"logo\":{\"@type\":\"ImageObject\",\"inLanguage\":\"de\",\"@id\":\"https:\/\/decolightingitaly.com\/de\/#\/schema\/logo\/image\/\",\"url\":\"https:\/\/decolightingitaly.com\/wp-content\/uploads\/2024\/10\/Logo-v_3.png\",\"contentUrl\":\"https:\/\/decolightingitaly.com\/wp-content\/uploads\/2024\/10\/Logo-v_3.png\",\"width\":852,\"height\":684,\"caption\":\"Decolightingitaly\"},\"image\":{\"@id\":\"https:\/\/decolightingitaly.com\/de\/#\/schema\/logo\/image\/\"},\"sameAs\":[\"https:\/\/www.facebook.com\/people\/Decolighting-Italy\/61570211287982\/\"]}]}<\/script>\n<!-- \/ Yoast SEO plugin. -->","yoast_head_json":{"title":"COB CCT LED-Streifen | 14W\/m | 10mm | IP20 | 5 Meter","description":"Es wurde entwickelt, um eine gleichm\u00e4\u00dfige und einheitliche Ausleuchtung zu gew\u00e4hrleisten, und erm\u00f6glicht einen Schnitt alle 26 mm. Das CCT-System \u00e4ndert die Farbtemperatur von 2700K bis 6500K.","robots":{"index":"index","follow":"follow","max-snippet":"max-snippet:-1","max-image-preview":"max-image-preview:large","max-video-preview":"max-video-preview:-1"},"canonical":"https:\/\/decolightingitaly.com\/de\/producto\/cob-cct-led-streifen-14w-m-10mm-ip20-24v-5-meter\/","og_locale":"de_DE","og_type":"article","og_title":"COB CCT LED-Streifen | 14W\/m | 10mm | IP20 | 5 Meter","og_description":"Es wurde entwickelt, um eine gleichm\u00e4\u00dfige und einheitliche Ausleuchtung zu gew\u00e4hrleisten, und erm\u00f6glicht einen Schnitt alle 26 mm. Das CCT-System \u00e4ndert die Farbtemperatur von 2700K bis 6500K.","og_url":"https:\/\/decolightingitaly.com\/de\/producto\/cob-cct-led-streifen-14w-m-10mm-ip20-24v-5-meter\/","og_site_name":"Decolighting","article_publisher":"https:\/\/www.facebook.com\/people\/Decolighting-Italy\/61570211287982\/","og_image":[{"width":1000,"height":1000,"url":"https:\/\/decolightingitaly.com\/wp-content\/uploads\/2025\/01\/PORTADA.png","type":"image\/png"}],"twitter_card":"summary_large_image","twitter_misc":{"Gesch\u00e4tzte Lesezeit":"1\u00a0Minute"},"schema":{"@context":"https:\/\/schema.org","@graph":[{"@type":"WebPage","@id":"https:\/\/decolightingitaly.com\/de\/producto\/cob-cct-led-streifen-14w-m-10mm-ip20-24v-5-meter\/","url":"https:\/\/decolightingitaly.com\/de\/producto\/cob-cct-led-streifen-14w-m-10mm-ip20-24v-5-meter\/","name":"COB CCT LED-Streifen | 14W\/m | 10mm | IP20 | 5 Meter","isPartOf":{"@id":"https:\/\/decolightingitaly.com\/de\/#website"},"primaryImageOfPage":{"@id":"https:\/\/decolightingitaly.com\/de\/producto\/cob-cct-led-streifen-14w-m-10mm-ip20-24v-5-meter\/#primaryimage"},"image":{"@id":"https:\/\/decolightingitaly.com\/de\/producto\/cob-cct-led-streifen-14w-m-10mm-ip20-24v-5-meter\/#primaryimage"},"thumbnailUrl":"https:\/\/decolightingitaly.com\/wp-content\/uploads\/2025\/01\/PORTADA.png","datePublished":"2025-01-20T07:39:02+00:00","description":"Es wurde entwickelt, um eine gleichm\u00e4\u00dfige und einheitliche Ausleuchtung zu gew\u00e4hrleisten, und erm\u00f6glicht einen Schnitt alle 26 mm. Das CCT-System \u00e4ndert die Farbtemperatur von 2700K bis 6500K.","breadcrumb":{"@id":"https:\/\/decolightingitaly.com\/de\/producto\/cob-cct-led-streifen-14w-m-10mm-ip20-24v-5-meter\/#breadcrumb"},"inLanguage":"de","potentialAction":[{"@type":"ReadAction","target":["https:\/\/decolightingitaly.com\/de\/producto\/cob-cct-led-streifen-14w-m-10mm-ip20-24v-5-meter\/"]}]},{"@type":"ImageObject","inLanguage":"de","@id":"https:\/\/decolightingitaly.com\/de\/producto\/cob-cct-led-streifen-14w-m-10mm-ip20-24v-5-meter\/#primaryimage","url":"https:\/\/decolightingitaly.com\/wp-content\/uploads\/2025\/01\/PORTADA.png","contentUrl":"https:\/\/decolightingitaly.com\/wp-content\/uploads\/2025\/01\/PORTADA.png","width":1000,"height":1000},{"@type":"BreadcrumbList","@id":"https:\/\/decolightingitaly.com\/de\/producto\/cob-cct-led-streifen-14w-m-10mm-ip20-24v-5-meter\/#breadcrumb","itemListElement":[{"@type":"ListItem","position":1,"name":"Home","item":"https:\/\/decolightingitaly.com\/de\/"},{"@type":"ListItem","position":2,"name":"Gesch\u00e4ft","item":"https:\/\/decolightingitaly.com\/de\/shop\/"},{"@type":"ListItem","position":3,"name":"COB CCT LED Streifen | 14W\/m | 10mm | IP20 | 24v | 5 Meter"}]},{"@type":"WebSite","@id":"https:\/\/decolightingitaly.com\/de\/#website","url":"https:\/\/decolightingitaly.com\/de\/","name":"Decolightingitaly","description":"Illuminazione decorativa e di design","publisher":{"@id":"https:\/\/decolightingitaly.com\/de\/#organization"},"alternateName":"Decolighting","potentialAction":[{"@type":"SearchAction","target":{"@type":"EntryPoint","urlTemplate":"https:\/\/decolightingitaly.com\/de\/?s={search_term_string}"},"query-input":{"@type":"PropertyValueSpecification","valueRequired":true,"valueName":"search_term_string"}}],"inLanguage":"de"},{"@type":"Organization","@id":"https:\/\/decolightingitaly.com\/de\/#organization","name":"Decolightingitaly","alternateName":"Decolighting","url":"https:\/\/decolightingitaly.com\/de\/","logo":{"@type":"ImageObject","inLanguage":"de","@id":"https:\/\/decolightingitaly.com\/de\/#\/schema\/logo\/image\/","url":"https:\/\/decolightingitaly.com\/wp-content\/uploads\/2024\/10\/Logo-v_3.png","contentUrl":"https:\/\/decolightingitaly.com\/wp-content\/uploads\/2024\/10\/Logo-v_3.png","width":852,"height":684,"caption":"Decolightingitaly"},"image":{"@id":"https:\/\/decolightingitaly.com\/de\/#\/schema\/logo\/image\/"},"sameAs":["https:\/\/www.facebook.com\/people\/Decolighting-Italy\/61570211287982\/"]}]}},"jetpack_sharing_enabled":true,"_links":{"self":[{"href":"https:\/\/decolightingitaly.com\/de\/wp-json\/wp\/v2\/product\/5049","targetHints":{"allow":["GET"]}}],"collection":[{"href":"https:\/\/decolightingitaly.com\/de\/wp-json\/wp\/v2\/product"}],"about":[{"href":"https:\/\/decolightingitaly.com\/de\/wp-json\/wp\/v2\/types\/product"}],"replies":[{"embeddable":true,"href":"https:\/\/decolightingitaly.com\/de\/wp-json\/wp\/v2\/comments?post=5049"}],"wp:featuredmedia":[{"embeddable":true,"href":"https:\/\/decolightingitaly.com\/de\/wp-json\/wp\/v2\/media\/2369"}],"wp:attachment":[{"href":"https:\/\/decolightingitaly.com\/de\/wp-json\/wp\/v2\/media?parent=5049"}],"wp:term":[{"taxonomy":"product_brand","embeddable":true,"href":"https:\/\/decolightingitaly.com\/de\/wp-json\/wp\/v2\/product_brand?post=5049"},{"taxonomy":"product_cat","embeddable":true,"href":"https:\/\/decolightingitaly.com\/de\/wp-json\/wp\/v2\/product_cat?post=5049"},{"taxonomy":"product_tag","embeddable":true,"href":"https:\/\/decolightingitaly.com\/de\/wp-json\/wp\/v2\/product_tag?post=5049"}],"curies":[{"name":"wp","href":"https:\/\/api.w.org\/{rel}","templated":true}]}}