{"id":4877,"date":"2025-04-15T12:37:56","date_gmt":"2025-04-15T12:37:56","guid":{"rendered":"https:\/\/decolightingitaly.com\/producto\/lampada-a-sospensione-sfera-per-binario-magnetico-48v-6w\/"},"modified":"2025-04-15T12:37:56","modified_gmt":"2025-04-15T12:37:56","slug":"lampada-a-sospensione-sfera-per-binario-magnetico-48v-6w","status":"publish","type":"product","link":"https:\/\/decolightingitaly.com\/de\/producto\/lampada-a-sospensione-sfera-per-binario-magnetico-48v-6w\/","title":{"rendered":"H\u00e4ngelampe Kugel f\u00fcr Magnetschiene 48V 6W"},"content":{"rendered":"<h2>Innovatives Design f\u00fcr jeden Raum<\/h2>\n<p>Entdecken Sie unsere <strong>LED-Pendelleuchte mit magnetischer Schiene<\/strong>, eine Beleuchtungsl\u00f6sung, die Funktionalit\u00e4t und Stil vereint. Diese moderne und elegante kugelf\u00f6rmige Lampe ist perfekt f\u00fcr alle, die ihre Umgebung mit einem Hauch von Raffinesse bereichern m\u00f6chten. Sie ist in drei verschiedenen Farben erh\u00e4ltlich: Wei\u00df, Schwarz und Gold. Sie passt perfekt zu jeder Einrichtung, ob modern oder klassisch.  <\/p>\n<h2>Energieeffizienz und Beleuchtungsqualit\u00e4t<\/h2>\n<p>Die Lampe hat eine Leistung von 6 W und gew\u00e4hrleistet eine effektive Beleuchtung ohne Kompromisse bei der Energieeinsparung. Mit einem CRI von \u00fcber 90 garantiert diese Lampe eine sehr getreue Farbwiedergabe und macht jeden Raum heller und einladender. Unsere LED-Pendelleuchte ist ideal f\u00fcr die Beleuchtung von K\u00fcchen, Esszimmern oder Wohnbereichen und erf\u00fcllt Ihre t\u00e4glichen Beleuchtungsanforderungen.  <\/p>\n<h2>Einfache und vielseitige Installation<\/h2>\n<p>Dank des magnetischen Schienensystems l\u00e4sst sich die Leuchte schnell und einfach montieren. Es sind keine Vorkenntnisse erforderlich: Sie k\u00f6nnen die Arbeit in wenigen Minuten erledigen. Die Vielseitigkeit dieses Modells erm\u00f6glicht es Ihnen, die Position der Leuchte an Ihre Bed\u00fcrfnisse anzupassen, was Ihnen eine unvergleichliche Flexibilit\u00e4t f\u00fcr jede Umgebung bietet. W\u00e4hlen Sie die Lampe, die am besten zu Ihrem Stil passt, und beleuchten Sie Ihren Raum mit Eleganz.   <\/p>\n","protected":false},"excerpt":{"rendered":"<p>Entdecken Sie unsere <strong>LED-Pendelleuchte mit magnetischer Schiene<\/strong>, eine Beleuchtungsl\u00f6sung, die Funktionalit\u00e4t und Stil vereint. Diese moderne und elegante kugelf\u00f6rmige Lampe ist perfekt f\u00fcr alle, die ihre Umgebung mit einem Hauch von Raffinesse bereichern m\u00f6chten. Sie ist in drei verschiedenen Farben erh\u00e4ltlich: Wei\u00df, Schwarz und Gold. Sie passt perfekt zu jeder Einrichtung, ob modern oder klassisch.  <\/p>\n","protected":false},"featured_media":2940,"comment_status":"open","ping_status":"closed","template":"","meta":{"_joinchat":[]},"product_brand":[],"product_cat":[105,108,103,116],"product_tag":[],"class_list":{"0":"post-4877","1":"product","2":"type-product","3":"status-publish","4":"has-post-thumbnail","6":"product_cat-innenraum","7":"product_cat-magnetisch","8":"product_cat-schienenleuchte","9":"product_cat-strahler-zur-aufhangung","11":"first","12":"instock","13":"taxable","14":"shipping-taxable","15":"purchasable","16":"product-type-variable"},"yoast_head":"<!-- This site is optimized with the Yoast SEO plugin v26.5 - https:\/\/yoast.com\/wordpress\/plugins\/seo\/ -->\n<title>H\u00e4ngelampe Kugel f\u00fcr Magnetschiene 48V 6W<\/title>\n<meta name=\"description\" content=\"LED-Pendelleuchte, modernes und elegantes kugelf\u00f6rmiges Design. Leistung von 6W, CRI h\u00f6her als 90. Erh\u00e4ltlich in drei Farben wei\u00df, schwarz und gold.\" \/>\n<meta name=\"robots\" content=\"index, follow, max-snippet:-1, max-image-preview:large, max-video-preview:-1\" \/>\n<link rel=\"canonical\" href=\"https:\/\/decolightingitaly.com\/de\/producto\/lampada-a-sospensione-sfera-per-binario-magnetico-48v-6w\/\" \/>\n<meta property=\"og:locale\" content=\"de_DE\" \/>\n<meta property=\"og:type\" content=\"article\" \/>\n<meta property=\"og:title\" content=\"H\u00e4ngelampe Kugel f\u00fcr Magnetschiene 48V 6W\" \/>\n<meta property=\"og:description\" content=\"LED-Pendelleuchte, modernes und elegantes kugelf\u00f6rmiges Design. Leistung von 6W, CRI h\u00f6her als 90. Erh\u00e4ltlich in drei Farben wei\u00df, schwarz und gold.\" \/>\n<meta property=\"og:url\" content=\"https:\/\/decolightingitaly.com\/de\/producto\/lampada-a-sospensione-sfera-per-binario-magnetico-48v-6w\/\" \/>\n<meta property=\"og:site_name\" content=\"Decolighting\" \/>\n<meta property=\"article:publisher\" content=\"https:\/\/www.facebook.com\/people\/Decolighting-Italy\/61570211287982\/\" \/>\n<meta property=\"og:image\" content=\"https:\/\/decolightingitaly.com\/wp-content\/uploads\/2025\/04\/sfera-dorata.png\" \/>\n\t<meta property=\"og:image:width\" content=\"1000\" \/>\n\t<meta property=\"og:image:height\" content=\"1000\" \/>\n\t<meta property=\"og:image:type\" content=\"image\/png\" \/>\n<meta name=\"twitter:card\" content=\"summary_large_image\" \/>\n<meta name=\"twitter:label1\" content=\"Gesch\u00e4tzte Lesezeit\" \/>\n\t<meta name=\"twitter:data1\" content=\"1\u00a0Minute\" \/>\n<script type=\"application\/ld+json\" class=\"yoast-schema-graph\">{\"@context\":\"https:\/\/schema.org\",\"@graph\":[{\"@type\":\"WebPage\",\"@id\":\"https:\/\/decolightingitaly.com\/de\/producto\/lampada-a-sospensione-sfera-per-binario-magnetico-48v-6w\/\",\"url\":\"https:\/\/decolightingitaly.com\/de\/producto\/lampada-a-sospensione-sfera-per-binario-magnetico-48v-6w\/\",\"name\":\"H\u00e4ngelampe Kugel f\u00fcr Magnetschiene 48V 6W\",\"isPartOf\":{\"@id\":\"https:\/\/decolightingitaly.com\/de\/#website\"},\"primaryImageOfPage\":{\"@id\":\"https:\/\/decolightingitaly.com\/de\/producto\/lampada-a-sospensione-sfera-per-binario-magnetico-48v-6w\/#primaryimage\"},\"image\":{\"@id\":\"https:\/\/decolightingitaly.com\/de\/producto\/lampada-a-sospensione-sfera-per-binario-magnetico-48v-6w\/#primaryimage\"},\"thumbnailUrl\":\"https:\/\/decolightingitaly.com\/wp-content\/uploads\/2025\/04\/sfera-dorata.png\",\"datePublished\":\"2025-04-15T12:37:56+00:00\",\"description\":\"LED-Pendelleuchte, modernes und elegantes kugelf\u00f6rmiges Design. Leistung von 6W, CRI h\u00f6her als 90. Erh\u00e4ltlich in drei Farben wei\u00df, schwarz und gold.\",\"breadcrumb\":{\"@id\":\"https:\/\/decolightingitaly.com\/de\/producto\/lampada-a-sospensione-sfera-per-binario-magnetico-48v-6w\/#breadcrumb\"},\"inLanguage\":\"de\",\"potentialAction\":[{\"@type\":\"ReadAction\",\"target\":[\"https:\/\/decolightingitaly.com\/de\/producto\/lampada-a-sospensione-sfera-per-binario-magnetico-48v-6w\/\"]}]},{\"@type\":\"ImageObject\",\"inLanguage\":\"de\",\"@id\":\"https:\/\/decolightingitaly.com\/de\/producto\/lampada-a-sospensione-sfera-per-binario-magnetico-48v-6w\/#primaryimage\",\"url\":\"https:\/\/decolightingitaly.com\/wp-content\/uploads\/2025\/04\/sfera-dorata.png\",\"contentUrl\":\"https:\/\/decolightingitaly.com\/wp-content\/uploads\/2025\/04\/sfera-dorata.png\",\"width\":1000,\"height\":1000},{\"@type\":\"BreadcrumbList\",\"@id\":\"https:\/\/decolightingitaly.com\/de\/producto\/lampada-a-sospensione-sfera-per-binario-magnetico-48v-6w\/#breadcrumb\",\"itemListElement\":[{\"@type\":\"ListItem\",\"position\":1,\"name\":\"Home\",\"item\":\"https:\/\/decolightingitaly.com\/de\/\"},{\"@type\":\"ListItem\",\"position\":2,\"name\":\"Gesch\u00e4ft\",\"item\":\"https:\/\/decolightingitaly.com\/de\/shop\/\"},{\"@type\":\"ListItem\",\"position\":3,\"name\":\"H\u00e4ngelampe Kugel f\u00fcr Magnetschiene 48V 6W\"}]},{\"@type\":\"WebSite\",\"@id\":\"https:\/\/decolightingitaly.com\/de\/#website\",\"url\":\"https:\/\/decolightingitaly.com\/de\/\",\"name\":\"Decolightingitaly\",\"description\":\"Illuminazione decorativa e di design\",\"publisher\":{\"@id\":\"https:\/\/decolightingitaly.com\/de\/#organization\"},\"alternateName\":\"Decolighting\",\"potentialAction\":[{\"@type\":\"SearchAction\",\"target\":{\"@type\":\"EntryPoint\",\"urlTemplate\":\"https:\/\/decolightingitaly.com\/de\/?s={search_term_string}\"},\"query-input\":{\"@type\":\"PropertyValueSpecification\",\"valueRequired\":true,\"valueName\":\"search_term_string\"}}],\"inLanguage\":\"de\"},{\"@type\":\"Organization\",\"@id\":\"https:\/\/decolightingitaly.com\/de\/#organization\",\"name\":\"Decolightingitaly\",\"alternateName\":\"Decolighting\",\"url\":\"https:\/\/decolightingitaly.com\/de\/\",\"logo\":{\"@type\":\"ImageObject\",\"inLanguage\":\"de\",\"@id\":\"https:\/\/decolightingitaly.com\/de\/#\/schema\/logo\/image\/\",\"url\":\"https:\/\/decolightingitaly.com\/wp-content\/uploads\/2024\/10\/Logo-v_3.png\",\"contentUrl\":\"https:\/\/decolightingitaly.com\/wp-content\/uploads\/2024\/10\/Logo-v_3.png\",\"width\":852,\"height\":684,\"caption\":\"Decolightingitaly\"},\"image\":{\"@id\":\"https:\/\/decolightingitaly.com\/de\/#\/schema\/logo\/image\/\"},\"sameAs\":[\"https:\/\/www.facebook.com\/people\/Decolighting-Italy\/61570211287982\/\"]}]}<\/script>\n<!-- \/ Yoast SEO plugin. -->","yoast_head_json":{"title":"H\u00e4ngelampe Kugel f\u00fcr Magnetschiene 48V 6W","description":"LED-Pendelleuchte, modernes und elegantes kugelf\u00f6rmiges Design. Leistung von 6W, CRI h\u00f6her als 90. Erh\u00e4ltlich in drei Farben wei\u00df, schwarz und gold.","robots":{"index":"index","follow":"follow","max-snippet":"max-snippet:-1","max-image-preview":"max-image-preview:large","max-video-preview":"max-video-preview:-1"},"canonical":"https:\/\/decolightingitaly.com\/de\/producto\/lampada-a-sospensione-sfera-per-binario-magnetico-48v-6w\/","og_locale":"de_DE","og_type":"article","og_title":"H\u00e4ngelampe Kugel f\u00fcr Magnetschiene 48V 6W","og_description":"LED-Pendelleuchte, modernes und elegantes kugelf\u00f6rmiges Design. Leistung von 6W, CRI h\u00f6her als 90. Erh\u00e4ltlich in drei Farben wei\u00df, schwarz und gold.","og_url":"https:\/\/decolightingitaly.com\/de\/producto\/lampada-a-sospensione-sfera-per-binario-magnetico-48v-6w\/","og_site_name":"Decolighting","article_publisher":"https:\/\/www.facebook.com\/people\/Decolighting-Italy\/61570211287982\/","og_image":[{"width":1000,"height":1000,"url":"https:\/\/decolightingitaly.com\/wp-content\/uploads\/2025\/04\/sfera-dorata.png","type":"image\/png"}],"twitter_card":"summary_large_image","twitter_misc":{"Gesch\u00e4tzte Lesezeit":"1\u00a0Minute"},"schema":{"@context":"https:\/\/schema.org","@graph":[{"@type":"WebPage","@id":"https:\/\/decolightingitaly.com\/de\/producto\/lampada-a-sospensione-sfera-per-binario-magnetico-48v-6w\/","url":"https:\/\/decolightingitaly.com\/de\/producto\/lampada-a-sospensione-sfera-per-binario-magnetico-48v-6w\/","name":"H\u00e4ngelampe Kugel f\u00fcr Magnetschiene 48V 6W","isPartOf":{"@id":"https:\/\/decolightingitaly.com\/de\/#website"},"primaryImageOfPage":{"@id":"https:\/\/decolightingitaly.com\/de\/producto\/lampada-a-sospensione-sfera-per-binario-magnetico-48v-6w\/#primaryimage"},"image":{"@id":"https:\/\/decolightingitaly.com\/de\/producto\/lampada-a-sospensione-sfera-per-binario-magnetico-48v-6w\/#primaryimage"},"thumbnailUrl":"https:\/\/decolightingitaly.com\/wp-content\/uploads\/2025\/04\/sfera-dorata.png","datePublished":"2025-04-15T12:37:56+00:00","description":"LED-Pendelleuchte, modernes und elegantes kugelf\u00f6rmiges Design. Leistung von 6W, CRI h\u00f6her als 90. Erh\u00e4ltlich in drei Farben wei\u00df, schwarz und gold.","breadcrumb":{"@id":"https:\/\/decolightingitaly.com\/de\/producto\/lampada-a-sospensione-sfera-per-binario-magnetico-48v-6w\/#breadcrumb"},"inLanguage":"de","potentialAction":[{"@type":"ReadAction","target":["https:\/\/decolightingitaly.com\/de\/producto\/lampada-a-sospensione-sfera-per-binario-magnetico-48v-6w\/"]}]},{"@type":"ImageObject","inLanguage":"de","@id":"https:\/\/decolightingitaly.com\/de\/producto\/lampada-a-sospensione-sfera-per-binario-magnetico-48v-6w\/#primaryimage","url":"https:\/\/decolightingitaly.com\/wp-content\/uploads\/2025\/04\/sfera-dorata.png","contentUrl":"https:\/\/decolightingitaly.com\/wp-content\/uploads\/2025\/04\/sfera-dorata.png","width":1000,"height":1000},{"@type":"BreadcrumbList","@id":"https:\/\/decolightingitaly.com\/de\/producto\/lampada-a-sospensione-sfera-per-binario-magnetico-48v-6w\/#breadcrumb","itemListElement":[{"@type":"ListItem","position":1,"name":"Home","item":"https:\/\/decolightingitaly.com\/de\/"},{"@type":"ListItem","position":2,"name":"Gesch\u00e4ft","item":"https:\/\/decolightingitaly.com\/de\/shop\/"},{"@type":"ListItem","position":3,"name":"H\u00e4ngelampe Kugel f\u00fcr Magnetschiene 48V 6W"}]},{"@type":"WebSite","@id":"https:\/\/decolightingitaly.com\/de\/#website","url":"https:\/\/decolightingitaly.com\/de\/","name":"Decolightingitaly","description":"Illuminazione decorativa e di design","publisher":{"@id":"https:\/\/decolightingitaly.com\/de\/#organization"},"alternateName":"Decolighting","potentialAction":[{"@type":"SearchAction","target":{"@type":"EntryPoint","urlTemplate":"https:\/\/decolightingitaly.com\/de\/?s={search_term_string}"},"query-input":{"@type":"PropertyValueSpecification","valueRequired":true,"valueName":"search_term_string"}}],"inLanguage":"de"},{"@type":"Organization","@id":"https:\/\/decolightingitaly.com\/de\/#organization","name":"Decolightingitaly","alternateName":"Decolighting","url":"https:\/\/decolightingitaly.com\/de\/","logo":{"@type":"ImageObject","inLanguage":"de","@id":"https:\/\/decolightingitaly.com\/de\/#\/schema\/logo\/image\/","url":"https:\/\/decolightingitaly.com\/wp-content\/uploads\/2024\/10\/Logo-v_3.png","contentUrl":"https:\/\/decolightingitaly.com\/wp-content\/uploads\/2024\/10\/Logo-v_3.png","width":852,"height":684,"caption":"Decolightingitaly"},"image":{"@id":"https:\/\/decolightingitaly.com\/de\/#\/schema\/logo\/image\/"},"sameAs":["https:\/\/www.facebook.com\/people\/Decolighting-Italy\/61570211287982\/"]}]}},"jetpack_sharing_enabled":true,"_links":{"self":[{"href":"https:\/\/decolightingitaly.com\/de\/wp-json\/wp\/v2\/product\/4877","targetHints":{"allow":["GET"]}}],"collection":[{"href":"https:\/\/decolightingitaly.com\/de\/wp-json\/wp\/v2\/product"}],"about":[{"href":"https:\/\/decolightingitaly.com\/de\/wp-json\/wp\/v2\/types\/product"}],"replies":[{"embeddable":true,"href":"https:\/\/decolightingitaly.com\/de\/wp-json\/wp\/v2\/comments?post=4877"}],"wp:featuredmedia":[{"embeddable":true,"href":"https:\/\/decolightingitaly.com\/de\/wp-json\/wp\/v2\/media\/2940"}],"wp:attachment":[{"href":"https:\/\/decolightingitaly.com\/de\/wp-json\/wp\/v2\/media?parent=4877"}],"wp:term":[{"taxonomy":"product_brand","embeddable":true,"href":"https:\/\/decolightingitaly.com\/de\/wp-json\/wp\/v2\/product_brand?post=4877"},{"taxonomy":"product_cat","embeddable":true,"href":"https:\/\/decolightingitaly.com\/de\/wp-json\/wp\/v2\/product_cat?post=4877"},{"taxonomy":"product_tag","embeddable":true,"href":"https:\/\/decolightingitaly.com\/de\/wp-json\/wp\/v2\/product_tag?post=4877"}],"curies":[{"name":"wp","href":"https:\/\/api.w.org\/{rel}","templated":true}]}}