{"id":4862,"date":"2024-09-30T10:29:05","date_gmt":"2024-09-30T10:29:05","guid":{"rendered":"https:\/\/decolightingitaly.com\/producto\/aluminium-wandleuchte-vetraro\/"},"modified":"2024-09-30T10:29:05","modified_gmt":"2024-09-30T10:29:05","slug":"aluminium-wandleuchte-vetraro","status":"publish","type":"product","link":"https:\/\/decolightingitaly.com\/de\/producto\/aluminium-wandleuchte-vetraro\/","title":{"rendered":"Aluminium Wandleuchte Vetraro"},"content":{"rendered":"<h2>Elegantes und modernes Design<\/h2>\n<p>Die formsch\u00f6ne Wandleuchte vereint Stil und Funktionalit\u00e4t. Die aus hochwertigem Aluminium und Glas gefertigte Leuchte beleuchtet nicht nur, sondern schm\u00fcckt Ihren Raum auch mit einem modernen Touch. <\/p>\n<h2>Hochwertige Materialien<\/h2>\n<p>Die Verwendung von glasiertem Aluminium garantiert Langlebigkeit und Eleganz und macht jede Leuchte zu einem Einzelst\u00fcck. Das Glas reflektiert das Licht fantastisch und schafft eine gem\u00fctliche und anspruchsvolle Atmosph\u00e4re. <\/p>\n<h2>Vielseitigkeit und Funktionalit\u00e4t<\/h2>\n<p>Die Wandleuchte eignet sich f\u00fcr verschiedene R\u00e4ume und ist ideal f\u00fcr Schlafzimmer, Wohnzimmer oder Flure. Dank ihres vielseitigen Designs f\u00fcgt sie sich leicht in jede Einrichtung ein und wertet Ihren Raum auf. <\/p>\n","protected":false},"excerpt":{"rendered":"<p>Die formsch\u00f6ne Wandleuchte vereint Stil und Funktionalit\u00e4t. Die aus hochwertigem Aluminium und Glas gefertigte Leuchte beleuchtet nicht nur, sondern schm\u00fcckt Ihren Raum auch mit einem modernen Touch. <\/p>\n<p><strong>Gl\u00fchbirne Modell E27 G45 nicht enthalten.<\/strong><\/p>\n","protected":false},"featured_media":633,"comment_status":"open","ping_status":"closed","template":"","meta":{"_joinchat":[]},"product_brand":[],"product_cat":[105,118],"product_tag":[],"class_list":{"0":"post-4862","1":"product","2":"type-product","3":"status-publish","4":"has-post-thumbnail","6":"product_cat-innenraum","7":"product_cat-wandleuchte","9":"first","10":"instock","11":"taxable","12":"shipping-taxable","13":"purchasable","14":"product-type-variable"},"yoast_head":"<!-- This site is optimized with the Yoast SEO plugin v26.5 - https:\/\/yoast.com\/wordpress\/plugins\/seo\/ -->\n<title>Aluminium Wandleuchte Vetraro - Decolighting<\/title>\n<meta name=\"robots\" content=\"index, follow, max-snippet:-1, max-image-preview:large, max-video-preview:-1\" \/>\n<link rel=\"canonical\" href=\"https:\/\/decolightingitaly.com\/de\/producto\/aluminium-wandleuchte-vetraro\/\" \/>\n<meta property=\"og:locale\" content=\"de_DE\" \/>\n<meta property=\"og:type\" content=\"article\" \/>\n<meta property=\"og:title\" content=\"Aluminium Wandleuchte Vetraro - Decolighting\" \/>\n<meta property=\"og:description\" content=\"Die formsch\u00f6ne Wandleuchte vereint Stil und Funktionalit\u00e4t. Die aus hochwertigem Aluminium und Glas gefertigte Leuchte beleuchtet nicht nur, sondern schm\u00fcckt Ihren Raum auch mit einem modernen Touch.  Gl\u00fchbirne Modell E27 G45 nicht enthalten.\" \/>\n<meta property=\"og:url\" content=\"https:\/\/decolightingitaly.com\/de\/producto\/aluminium-wandleuchte-vetraro\/\" \/>\n<meta property=\"og:site_name\" content=\"Decolighting\" \/>\n<meta property=\"article:publisher\" content=\"https:\/\/www.facebook.com\/people\/Decolighting-Italy\/61570211287982\/\" \/>\n<meta property=\"og:image\" content=\"https:\/\/decolightingitaly.com\/wp-content\/uploads\/2024\/09\/lampada-da-parete-lips-ispirata-al-design-di-tom-dixon-3.jpg\" \/>\n\t<meta property=\"og:image:width\" content=\"800\" \/>\n\t<meta property=\"og:image:height\" content=\"800\" \/>\n\t<meta property=\"og:image:type\" content=\"image\/jpeg\" \/>\n<meta name=\"twitter:card\" content=\"summary_large_image\" \/>\n<meta name=\"twitter:label1\" content=\"Gesch\u00e4tzte Lesezeit\" \/>\n\t<meta name=\"twitter:data1\" content=\"1\u00a0Minute\" \/>\n<script type=\"application\/ld+json\" class=\"yoast-schema-graph\">{\"@context\":\"https:\/\/schema.org\",\"@graph\":[{\"@type\":\"WebPage\",\"@id\":\"https:\/\/decolightingitaly.com\/de\/producto\/aluminium-wandleuchte-vetraro\/\",\"url\":\"https:\/\/decolightingitaly.com\/de\/producto\/aluminium-wandleuchte-vetraro\/\",\"name\":\"Aluminium Wandleuchte Vetraro - Decolighting\",\"isPartOf\":{\"@id\":\"https:\/\/decolightingitaly.com\/de\/#website\"},\"primaryImageOfPage\":{\"@id\":\"https:\/\/decolightingitaly.com\/de\/producto\/aluminium-wandleuchte-vetraro\/#primaryimage\"},\"image\":{\"@id\":\"https:\/\/decolightingitaly.com\/de\/producto\/aluminium-wandleuchte-vetraro\/#primaryimage\"},\"thumbnailUrl\":\"https:\/\/decolightingitaly.com\/wp-content\/uploads\/2024\/09\/lampada-da-parete-lips-ispirata-al-design-di-tom-dixon-3.jpg\",\"datePublished\":\"2024-09-30T10:29:05+00:00\",\"breadcrumb\":{\"@id\":\"https:\/\/decolightingitaly.com\/de\/producto\/aluminium-wandleuchte-vetraro\/#breadcrumb\"},\"inLanguage\":\"de\",\"potentialAction\":[{\"@type\":\"ReadAction\",\"target\":[\"https:\/\/decolightingitaly.com\/de\/producto\/aluminium-wandleuchte-vetraro\/\"]}]},{\"@type\":\"ImageObject\",\"inLanguage\":\"de\",\"@id\":\"https:\/\/decolightingitaly.com\/de\/producto\/aluminium-wandleuchte-vetraro\/#primaryimage\",\"url\":\"https:\/\/decolightingitaly.com\/wp-content\/uploads\/2024\/09\/lampada-da-parete-lips-ispirata-al-design-di-tom-dixon-3.jpg\",\"contentUrl\":\"https:\/\/decolightingitaly.com\/wp-content\/uploads\/2024\/09\/lampada-da-parete-lips-ispirata-al-design-di-tom-dixon-3.jpg\",\"width\":800,\"height\":800},{\"@type\":\"BreadcrumbList\",\"@id\":\"https:\/\/decolightingitaly.com\/de\/producto\/aluminium-wandleuchte-vetraro\/#breadcrumb\",\"itemListElement\":[{\"@type\":\"ListItem\",\"position\":1,\"name\":\"Home\",\"item\":\"https:\/\/decolightingitaly.com\/de\/\"},{\"@type\":\"ListItem\",\"position\":2,\"name\":\"Gesch\u00e4ft\",\"item\":\"https:\/\/decolightingitaly.com\/de\/shop\/\"},{\"@type\":\"ListItem\",\"position\":3,\"name\":\"Aluminium Wandleuchte Vetraro\"}]},{\"@type\":\"WebSite\",\"@id\":\"https:\/\/decolightingitaly.com\/de\/#website\",\"url\":\"https:\/\/decolightingitaly.com\/de\/\",\"name\":\"Decolightingitaly\",\"description\":\"Illuminazione decorativa e di design\",\"publisher\":{\"@id\":\"https:\/\/decolightingitaly.com\/de\/#organization\"},\"alternateName\":\"Decolighting\",\"potentialAction\":[{\"@type\":\"SearchAction\",\"target\":{\"@type\":\"EntryPoint\",\"urlTemplate\":\"https:\/\/decolightingitaly.com\/de\/?s={search_term_string}\"},\"query-input\":{\"@type\":\"PropertyValueSpecification\",\"valueRequired\":true,\"valueName\":\"search_term_string\"}}],\"inLanguage\":\"de\"},{\"@type\":\"Organization\",\"@id\":\"https:\/\/decolightingitaly.com\/de\/#organization\",\"name\":\"Decolightingitaly\",\"alternateName\":\"Decolighting\",\"url\":\"https:\/\/decolightingitaly.com\/de\/\",\"logo\":{\"@type\":\"ImageObject\",\"inLanguage\":\"de\",\"@id\":\"https:\/\/decolightingitaly.com\/de\/#\/schema\/logo\/image\/\",\"url\":\"https:\/\/decolightingitaly.com\/wp-content\/uploads\/2024\/10\/Logo-v_3.png\",\"contentUrl\":\"https:\/\/decolightingitaly.com\/wp-content\/uploads\/2024\/10\/Logo-v_3.png\",\"width\":852,\"height\":684,\"caption\":\"Decolightingitaly\"},\"image\":{\"@id\":\"https:\/\/decolightingitaly.com\/de\/#\/schema\/logo\/image\/\"},\"sameAs\":[\"https:\/\/www.facebook.com\/people\/Decolighting-Italy\/61570211287982\/\"]}]}<\/script>\n<!-- \/ Yoast SEO plugin. -->","yoast_head_json":{"title":"Aluminium Wandleuchte Vetraro - Decolighting","robots":{"index":"index","follow":"follow","max-snippet":"max-snippet:-1","max-image-preview":"max-image-preview:large","max-video-preview":"max-video-preview:-1"},"canonical":"https:\/\/decolightingitaly.com\/de\/producto\/aluminium-wandleuchte-vetraro\/","og_locale":"de_DE","og_type":"article","og_title":"Aluminium Wandleuchte Vetraro - Decolighting","og_description":"Die formsch\u00f6ne Wandleuchte vereint Stil und Funktionalit\u00e4t. Die aus hochwertigem Aluminium und Glas gefertigte Leuchte beleuchtet nicht nur, sondern schm\u00fcckt Ihren Raum auch mit einem modernen Touch.  Gl\u00fchbirne Modell E27 G45 nicht enthalten.","og_url":"https:\/\/decolightingitaly.com\/de\/producto\/aluminium-wandleuchte-vetraro\/","og_site_name":"Decolighting","article_publisher":"https:\/\/www.facebook.com\/people\/Decolighting-Italy\/61570211287982\/","og_image":[{"width":800,"height":800,"url":"https:\/\/decolightingitaly.com\/wp-content\/uploads\/2024\/09\/lampada-da-parete-lips-ispirata-al-design-di-tom-dixon-3.jpg","type":"image\/jpeg"}],"twitter_card":"summary_large_image","twitter_misc":{"Gesch\u00e4tzte Lesezeit":"1\u00a0Minute"},"schema":{"@context":"https:\/\/schema.org","@graph":[{"@type":"WebPage","@id":"https:\/\/decolightingitaly.com\/de\/producto\/aluminium-wandleuchte-vetraro\/","url":"https:\/\/decolightingitaly.com\/de\/producto\/aluminium-wandleuchte-vetraro\/","name":"Aluminium Wandleuchte Vetraro - Decolighting","isPartOf":{"@id":"https:\/\/decolightingitaly.com\/de\/#website"},"primaryImageOfPage":{"@id":"https:\/\/decolightingitaly.com\/de\/producto\/aluminium-wandleuchte-vetraro\/#primaryimage"},"image":{"@id":"https:\/\/decolightingitaly.com\/de\/producto\/aluminium-wandleuchte-vetraro\/#primaryimage"},"thumbnailUrl":"https:\/\/decolightingitaly.com\/wp-content\/uploads\/2024\/09\/lampada-da-parete-lips-ispirata-al-design-di-tom-dixon-3.jpg","datePublished":"2024-09-30T10:29:05+00:00","breadcrumb":{"@id":"https:\/\/decolightingitaly.com\/de\/producto\/aluminium-wandleuchte-vetraro\/#breadcrumb"},"inLanguage":"de","potentialAction":[{"@type":"ReadAction","target":["https:\/\/decolightingitaly.com\/de\/producto\/aluminium-wandleuchte-vetraro\/"]}]},{"@type":"ImageObject","inLanguage":"de","@id":"https:\/\/decolightingitaly.com\/de\/producto\/aluminium-wandleuchte-vetraro\/#primaryimage","url":"https:\/\/decolightingitaly.com\/wp-content\/uploads\/2024\/09\/lampada-da-parete-lips-ispirata-al-design-di-tom-dixon-3.jpg","contentUrl":"https:\/\/decolightingitaly.com\/wp-content\/uploads\/2024\/09\/lampada-da-parete-lips-ispirata-al-design-di-tom-dixon-3.jpg","width":800,"height":800},{"@type":"BreadcrumbList","@id":"https:\/\/decolightingitaly.com\/de\/producto\/aluminium-wandleuchte-vetraro\/#breadcrumb","itemListElement":[{"@type":"ListItem","position":1,"name":"Home","item":"https:\/\/decolightingitaly.com\/de\/"},{"@type":"ListItem","position":2,"name":"Gesch\u00e4ft","item":"https:\/\/decolightingitaly.com\/de\/shop\/"},{"@type":"ListItem","position":3,"name":"Aluminium Wandleuchte Vetraro"}]},{"@type":"WebSite","@id":"https:\/\/decolightingitaly.com\/de\/#website","url":"https:\/\/decolightingitaly.com\/de\/","name":"Decolightingitaly","description":"Illuminazione decorativa e di design","publisher":{"@id":"https:\/\/decolightingitaly.com\/de\/#organization"},"alternateName":"Decolighting","potentialAction":[{"@type":"SearchAction","target":{"@type":"EntryPoint","urlTemplate":"https:\/\/decolightingitaly.com\/de\/?s={search_term_string}"},"query-input":{"@type":"PropertyValueSpecification","valueRequired":true,"valueName":"search_term_string"}}],"inLanguage":"de"},{"@type":"Organization","@id":"https:\/\/decolightingitaly.com\/de\/#organization","name":"Decolightingitaly","alternateName":"Decolighting","url":"https:\/\/decolightingitaly.com\/de\/","logo":{"@type":"ImageObject","inLanguage":"de","@id":"https:\/\/decolightingitaly.com\/de\/#\/schema\/logo\/image\/","url":"https:\/\/decolightingitaly.com\/wp-content\/uploads\/2024\/10\/Logo-v_3.png","contentUrl":"https:\/\/decolightingitaly.com\/wp-content\/uploads\/2024\/10\/Logo-v_3.png","width":852,"height":684,"caption":"Decolightingitaly"},"image":{"@id":"https:\/\/decolightingitaly.com\/de\/#\/schema\/logo\/image\/"},"sameAs":["https:\/\/www.facebook.com\/people\/Decolighting-Italy\/61570211287982\/"]}]}},"jetpack_sharing_enabled":true,"_links":{"self":[{"href":"https:\/\/decolightingitaly.com\/de\/wp-json\/wp\/v2\/product\/4862","targetHints":{"allow":["GET"]}}],"collection":[{"href":"https:\/\/decolightingitaly.com\/de\/wp-json\/wp\/v2\/product"}],"about":[{"href":"https:\/\/decolightingitaly.com\/de\/wp-json\/wp\/v2\/types\/product"}],"replies":[{"embeddable":true,"href":"https:\/\/decolightingitaly.com\/de\/wp-json\/wp\/v2\/comments?post=4862"}],"wp:featuredmedia":[{"embeddable":true,"href":"https:\/\/decolightingitaly.com\/de\/wp-json\/wp\/v2\/media\/633"}],"wp:attachment":[{"href":"https:\/\/decolightingitaly.com\/de\/wp-json\/wp\/v2\/media?parent=4862"}],"wp:term":[{"taxonomy":"product_brand","embeddable":true,"href":"https:\/\/decolightingitaly.com\/de\/wp-json\/wp\/v2\/product_brand?post=4862"},{"taxonomy":"product_cat","embeddable":true,"href":"https:\/\/decolightingitaly.com\/de\/wp-json\/wp\/v2\/product_cat?post=4862"},{"taxonomy":"product_tag","embeddable":true,"href":"https:\/\/decolightingitaly.com\/de\/wp-json\/wp\/v2\/product_tag?post=4862"}],"curies":[{"name":"wp","href":"https:\/\/api.w.org\/{rel}","templated":true}]}}