{"id":4846,"date":"2024-10-21T12:57:39","date_gmt":"2024-10-21T12:57:39","guid":{"rendered":"https:\/\/decolightingitaly.com\/producto\/faszienputz-wandleuchte\/"},"modified":"2024-10-21T12:57:39","modified_gmt":"2024-10-21T12:57:39","slug":"faszienputz-wandleuchte","status":"publish","type":"product","link":"https:\/\/decolightingitaly.com\/de\/producto\/faszienputz-wandleuchte\/","title":{"rendered":"Faszienputz Wandleuchte"},"content":{"rendered":"<h3><strong>Elegantes Design<\/strong><\/h3>\n<p>Die<strong>Gipswandleuchte Fascia<\/strong> zeichnet sich durch ihr modernes, geometrisches Design aus und ist ideal f\u00fcr alle, die Eleganz und Schlichtheit suchen. Die klaren Linien und horizontalen B\u00e4nder verleihen ihr ein minimalistisches Aussehen, das sich perfekt in jede moderne Umgebung einf\u00fcgt. Die hochwertige Gipsstruktur kann gestrichen werden, so dass Sie die Wandleuchte individuell an die Farbe und den Stil Ihrer W\u00e4nde anpassen k\u00f6nnen.  <\/p>\n<h3><strong>Qualit\u00e4t der Beleuchtung<\/strong><\/h3>\n<p>Diese <strong>moderne Wandleuchte<\/strong> spendet weiches, gleichm\u00e4\u00dfiges Licht und schafft in jedem Raum eine gem\u00fctliche und raffinierte Atmosph\u00e4re. Das Licht wird nach oben und unten verteilt und sorgt f\u00fcr eine ausgewogene, blendfreie Beleuchtung, ideal f\u00fcr R\u00e4ume wie Wohnzimmer, Flure oder Schlafzimmer. <\/p>\n<h3><strong>Vielseitigkeit und Stil<\/strong><\/h3>\n<p>Dank ihres vielseitigen Designs eignet sich die<strong>Wandleuchte aus Gips<\/strong> perfekt f\u00fcr verschiedene dekorative Kontexte in Wohn- und Gesch\u00e4ftsr\u00e4umen. Sie kann als Akzentbeleuchtung oder als Hauptlichtquelle installiert werden und bietet Stil und Funktionalit\u00e4t. Durch das schlichte und raffinierte Design passt sie zu jeder Einrichtung und verleiht ihr einen Hauch von Modernit\u00e4t und Klasse.  <\/p>\n","protected":false},"excerpt":{"rendered":"<p>Die<strong>Wandleuchte aus Gips<\/strong> zeichnet sich durch ihr modernes, geometrisches Design aus, ideal f\u00fcr alle, die Eleganz und Schlichtheit suchen. Die klaren Linien und horizontalen B\u00e4nder verleihen ihr ein minimalistisches Aussehen, das sich perfekt in jede moderne Umgebung einf\u00fcgt. Die hochwertige Gipsstruktur kann gestrichen werden, so dass Sie die Wandleuchte individuell gestalten k\u00f6nnen, um sie an die Farbe und den Stil Ihrer W\u00e4nde anzupassen.  <\/p>\n<ul>\n<li>Kreide<\/li>\n<li>Gl\u00fchbirne E14 Nicht enthalten<\/li>\n<li>Interne Verwendung<\/li>\n<\/ul>\n","protected":false},"featured_media":1227,"comment_status":"open","ping_status":"closed","template":"","meta":{"_joinchat":[]},"product_brand":[],"product_cat":[105,118],"product_tag":[],"class_list":{"0":"post-4846","1":"product","2":"type-product","3":"status-publish","4":"has-post-thumbnail","6":"product_cat-innenraum","7":"product_cat-wandleuchte","9":"first","10":"instock","11":"taxable","12":"shipping-taxable","13":"purchasable","14":"product-type-simple"},"yoast_head":"<!-- This site is optimized with the Yoast SEO plugin v26.5 - https:\/\/yoast.com\/wordpress\/plugins\/seo\/ -->\n<title>Faszienputz Wandleuchte - Decolighting<\/title>\n<meta name=\"robots\" content=\"index, follow, max-snippet:-1, max-image-preview:large, max-video-preview:-1\" \/>\n<link rel=\"canonical\" href=\"https:\/\/decolightingitaly.com\/de\/producto\/faszienputz-wandleuchte\/\" \/>\n<meta property=\"og:locale\" content=\"de_DE\" \/>\n<meta property=\"og:type\" content=\"article\" \/>\n<meta property=\"og:title\" content=\"Faszienputz Wandleuchte - Decolighting\" \/>\n<meta property=\"og:description\" content=\"DieWandleuchte aus Gips zeichnet sich durch ihr modernes, geometrisches Design aus, ideal f\u00fcr alle, die Eleganz und Schlichtheit suchen. Die klaren Linien und horizontalen B\u00e4nder verleihen ihr ein minimalistisches Aussehen, das sich perfekt in jede moderne Umgebung einf\u00fcgt. Die hochwertige Gipsstruktur kann gestrichen werden, so dass Sie die Wandleuchte individuell gestalten k\u00f6nnen, um sie an die Farbe und den Stil Ihrer W\u00e4nde anzupassen.   Kreide  Gl\u00fchbirne E14 Nicht enthalten  Interne Verwendung\" \/>\n<meta property=\"og:url\" content=\"https:\/\/decolightingitaly.com\/de\/producto\/faszienputz-wandleuchte\/\" \/>\n<meta property=\"og:site_name\" content=\"Decolighting\" \/>\n<meta property=\"article:publisher\" content=\"https:\/\/www.facebook.com\/people\/Decolighting-Italy\/61570211287982\/\" \/>\n<meta property=\"og:image\" content=\"https:\/\/decolightingitaly.com\/wp-content\/uploads\/2024\/10\/applique-in-gesso-line-1-x-e14-2.jpg\" \/>\n\t<meta property=\"og:image:width\" content=\"800\" \/>\n\t<meta property=\"og:image:height\" content=\"800\" \/>\n\t<meta property=\"og:image:type\" content=\"image\/jpeg\" \/>\n<meta name=\"twitter:card\" content=\"summary_large_image\" \/>\n<meta name=\"twitter:label1\" content=\"Gesch\u00e4tzte Lesezeit\" \/>\n\t<meta name=\"twitter:data1\" content=\"1\u00a0Minute\" \/>\n<script type=\"application\/ld+json\" class=\"yoast-schema-graph\">{\"@context\":\"https:\/\/schema.org\",\"@graph\":[{\"@type\":\"WebPage\",\"@id\":\"https:\/\/decolightingitaly.com\/de\/producto\/faszienputz-wandleuchte\/\",\"url\":\"https:\/\/decolightingitaly.com\/de\/producto\/faszienputz-wandleuchte\/\",\"name\":\"Faszienputz Wandleuchte - Decolighting\",\"isPartOf\":{\"@id\":\"https:\/\/decolightingitaly.com\/de\/#website\"},\"primaryImageOfPage\":{\"@id\":\"https:\/\/decolightingitaly.com\/de\/producto\/faszienputz-wandleuchte\/#primaryimage\"},\"image\":{\"@id\":\"https:\/\/decolightingitaly.com\/de\/producto\/faszienputz-wandleuchte\/#primaryimage\"},\"thumbnailUrl\":\"https:\/\/decolightingitaly.com\/wp-content\/uploads\/2024\/10\/applique-in-gesso-line-1-x-e14-2.jpg\",\"datePublished\":\"2024-10-21T12:57:39+00:00\",\"breadcrumb\":{\"@id\":\"https:\/\/decolightingitaly.com\/de\/producto\/faszienputz-wandleuchte\/#breadcrumb\"},\"inLanguage\":\"de\",\"potentialAction\":[{\"@type\":\"ReadAction\",\"target\":[\"https:\/\/decolightingitaly.com\/de\/producto\/faszienputz-wandleuchte\/\"]}]},{\"@type\":\"ImageObject\",\"inLanguage\":\"de\",\"@id\":\"https:\/\/decolightingitaly.com\/de\/producto\/faszienputz-wandleuchte\/#primaryimage\",\"url\":\"https:\/\/decolightingitaly.com\/wp-content\/uploads\/2024\/10\/applique-in-gesso-line-1-x-e14-2.jpg\",\"contentUrl\":\"https:\/\/decolightingitaly.com\/wp-content\/uploads\/2024\/10\/applique-in-gesso-line-1-x-e14-2.jpg\",\"width\":800,\"height\":800},{\"@type\":\"BreadcrumbList\",\"@id\":\"https:\/\/decolightingitaly.com\/de\/producto\/faszienputz-wandleuchte\/#breadcrumb\",\"itemListElement\":[{\"@type\":\"ListItem\",\"position\":1,\"name\":\"Home\",\"item\":\"https:\/\/decolightingitaly.com\/de\/\"},{\"@type\":\"ListItem\",\"position\":2,\"name\":\"Gesch\u00e4ft\",\"item\":\"https:\/\/decolightingitaly.com\/de\/shop\/\"},{\"@type\":\"ListItem\",\"position\":3,\"name\":\"Faszienputz Wandleuchte\"}]},{\"@type\":\"WebSite\",\"@id\":\"https:\/\/decolightingitaly.com\/de\/#website\",\"url\":\"https:\/\/decolightingitaly.com\/de\/\",\"name\":\"Decolightingitaly\",\"description\":\"Illuminazione decorativa e di design\",\"publisher\":{\"@id\":\"https:\/\/decolightingitaly.com\/de\/#organization\"},\"alternateName\":\"Decolighting\",\"potentialAction\":[{\"@type\":\"SearchAction\",\"target\":{\"@type\":\"EntryPoint\",\"urlTemplate\":\"https:\/\/decolightingitaly.com\/de\/?s={search_term_string}\"},\"query-input\":{\"@type\":\"PropertyValueSpecification\",\"valueRequired\":true,\"valueName\":\"search_term_string\"}}],\"inLanguage\":\"de\"},{\"@type\":\"Organization\",\"@id\":\"https:\/\/decolightingitaly.com\/de\/#organization\",\"name\":\"Decolightingitaly\",\"alternateName\":\"Decolighting\",\"url\":\"https:\/\/decolightingitaly.com\/de\/\",\"logo\":{\"@type\":\"ImageObject\",\"inLanguage\":\"de\",\"@id\":\"https:\/\/decolightingitaly.com\/de\/#\/schema\/logo\/image\/\",\"url\":\"https:\/\/decolightingitaly.com\/wp-content\/uploads\/2024\/10\/Logo-v_3.png\",\"contentUrl\":\"https:\/\/decolightingitaly.com\/wp-content\/uploads\/2024\/10\/Logo-v_3.png\",\"width\":852,\"height\":684,\"caption\":\"Decolightingitaly\"},\"image\":{\"@id\":\"https:\/\/decolightingitaly.com\/de\/#\/schema\/logo\/image\/\"},\"sameAs\":[\"https:\/\/www.facebook.com\/people\/Decolighting-Italy\/61570211287982\/\"]}]}<\/script>\n<!-- \/ Yoast SEO plugin. -->","yoast_head_json":{"title":"Faszienputz Wandleuchte - Decolighting","robots":{"index":"index","follow":"follow","max-snippet":"max-snippet:-1","max-image-preview":"max-image-preview:large","max-video-preview":"max-video-preview:-1"},"canonical":"https:\/\/decolightingitaly.com\/de\/producto\/faszienputz-wandleuchte\/","og_locale":"de_DE","og_type":"article","og_title":"Faszienputz Wandleuchte - Decolighting","og_description":"DieWandleuchte aus Gips zeichnet sich durch ihr modernes, geometrisches Design aus, ideal f\u00fcr alle, die Eleganz und Schlichtheit suchen. Die klaren Linien und horizontalen B\u00e4nder verleihen ihr ein minimalistisches Aussehen, das sich perfekt in jede moderne Umgebung einf\u00fcgt. Die hochwertige Gipsstruktur kann gestrichen werden, so dass Sie die Wandleuchte individuell gestalten k\u00f6nnen, um sie an die Farbe und den Stil Ihrer W\u00e4nde anzupassen.   Kreide  Gl\u00fchbirne E14 Nicht enthalten  Interne Verwendung","og_url":"https:\/\/decolightingitaly.com\/de\/producto\/faszienputz-wandleuchte\/","og_site_name":"Decolighting","article_publisher":"https:\/\/www.facebook.com\/people\/Decolighting-Italy\/61570211287982\/","og_image":[{"width":800,"height":800,"url":"https:\/\/decolightingitaly.com\/wp-content\/uploads\/2024\/10\/applique-in-gesso-line-1-x-e14-2.jpg","type":"image\/jpeg"}],"twitter_card":"summary_large_image","twitter_misc":{"Gesch\u00e4tzte Lesezeit":"1\u00a0Minute"},"schema":{"@context":"https:\/\/schema.org","@graph":[{"@type":"WebPage","@id":"https:\/\/decolightingitaly.com\/de\/producto\/faszienputz-wandleuchte\/","url":"https:\/\/decolightingitaly.com\/de\/producto\/faszienputz-wandleuchte\/","name":"Faszienputz Wandleuchte - Decolighting","isPartOf":{"@id":"https:\/\/decolightingitaly.com\/de\/#website"},"primaryImageOfPage":{"@id":"https:\/\/decolightingitaly.com\/de\/producto\/faszienputz-wandleuchte\/#primaryimage"},"image":{"@id":"https:\/\/decolightingitaly.com\/de\/producto\/faszienputz-wandleuchte\/#primaryimage"},"thumbnailUrl":"https:\/\/decolightingitaly.com\/wp-content\/uploads\/2024\/10\/applique-in-gesso-line-1-x-e14-2.jpg","datePublished":"2024-10-21T12:57:39+00:00","breadcrumb":{"@id":"https:\/\/decolightingitaly.com\/de\/producto\/faszienputz-wandleuchte\/#breadcrumb"},"inLanguage":"de","potentialAction":[{"@type":"ReadAction","target":["https:\/\/decolightingitaly.com\/de\/producto\/faszienputz-wandleuchte\/"]}]},{"@type":"ImageObject","inLanguage":"de","@id":"https:\/\/decolightingitaly.com\/de\/producto\/faszienputz-wandleuchte\/#primaryimage","url":"https:\/\/decolightingitaly.com\/wp-content\/uploads\/2024\/10\/applique-in-gesso-line-1-x-e14-2.jpg","contentUrl":"https:\/\/decolightingitaly.com\/wp-content\/uploads\/2024\/10\/applique-in-gesso-line-1-x-e14-2.jpg","width":800,"height":800},{"@type":"BreadcrumbList","@id":"https:\/\/decolightingitaly.com\/de\/producto\/faszienputz-wandleuchte\/#breadcrumb","itemListElement":[{"@type":"ListItem","position":1,"name":"Home","item":"https:\/\/decolightingitaly.com\/de\/"},{"@type":"ListItem","position":2,"name":"Gesch\u00e4ft","item":"https:\/\/decolightingitaly.com\/de\/shop\/"},{"@type":"ListItem","position":3,"name":"Faszienputz Wandleuchte"}]},{"@type":"WebSite","@id":"https:\/\/decolightingitaly.com\/de\/#website","url":"https:\/\/decolightingitaly.com\/de\/","name":"Decolightingitaly","description":"Illuminazione decorativa e di design","publisher":{"@id":"https:\/\/decolightingitaly.com\/de\/#organization"},"alternateName":"Decolighting","potentialAction":[{"@type":"SearchAction","target":{"@type":"EntryPoint","urlTemplate":"https:\/\/decolightingitaly.com\/de\/?s={search_term_string}"},"query-input":{"@type":"PropertyValueSpecification","valueRequired":true,"valueName":"search_term_string"}}],"inLanguage":"de"},{"@type":"Organization","@id":"https:\/\/decolightingitaly.com\/de\/#organization","name":"Decolightingitaly","alternateName":"Decolighting","url":"https:\/\/decolightingitaly.com\/de\/","logo":{"@type":"ImageObject","inLanguage":"de","@id":"https:\/\/decolightingitaly.com\/de\/#\/schema\/logo\/image\/","url":"https:\/\/decolightingitaly.com\/wp-content\/uploads\/2024\/10\/Logo-v_3.png","contentUrl":"https:\/\/decolightingitaly.com\/wp-content\/uploads\/2024\/10\/Logo-v_3.png","width":852,"height":684,"caption":"Decolightingitaly"},"image":{"@id":"https:\/\/decolightingitaly.com\/de\/#\/schema\/logo\/image\/"},"sameAs":["https:\/\/www.facebook.com\/people\/Decolighting-Italy\/61570211287982\/"]}]}},"jetpack_sharing_enabled":true,"_links":{"self":[{"href":"https:\/\/decolightingitaly.com\/de\/wp-json\/wp\/v2\/product\/4846","targetHints":{"allow":["GET"]}}],"collection":[{"href":"https:\/\/decolightingitaly.com\/de\/wp-json\/wp\/v2\/product"}],"about":[{"href":"https:\/\/decolightingitaly.com\/de\/wp-json\/wp\/v2\/types\/product"}],"replies":[{"embeddable":true,"href":"https:\/\/decolightingitaly.com\/de\/wp-json\/wp\/v2\/comments?post=4846"}],"wp:featuredmedia":[{"embeddable":true,"href":"https:\/\/decolightingitaly.com\/de\/wp-json\/wp\/v2\/media\/1227"}],"wp:attachment":[{"href":"https:\/\/decolightingitaly.com\/de\/wp-json\/wp\/v2\/media?parent=4846"}],"wp:term":[{"taxonomy":"product_brand","embeddable":true,"href":"https:\/\/decolightingitaly.com\/de\/wp-json\/wp\/v2\/product_brand?post=4846"},{"taxonomy":"product_cat","embeddable":true,"href":"https:\/\/decolightingitaly.com\/de\/wp-json\/wp\/v2\/product_cat?post=4846"},{"taxonomy":"product_tag","embeddable":true,"href":"https:\/\/decolightingitaly.com\/de\/wp-json\/wp\/v2\/product_tag?post=4846"}],"curies":[{"name":"wp","href":"https:\/\/api.w.org\/{rel}","templated":true}]}}