{"id":4834,"date":"2024-12-02T12:13:19","date_gmt":"2024-12-02T12:13:19","guid":{"rendered":"https:\/\/decolightingitaly.com\/producto\/ufo-industrie-led-glocke-150w-cct-lifud-treiber\/"},"modified":"2024-12-02T12:13:19","modified_gmt":"2024-12-02T12:13:19","slug":"ufo-industrie-led-glocke-150w-cct-lifud-treiber","status":"publish","type":"product","link":"https:\/\/decolightingitaly.com\/de\/producto\/ufo-industrie-led-glocke-150w-cct-lifud-treiber\/","title":{"rendered":"UFO Industrie-LED-Glocke 150W | CCT | LIFUD-Treiber"},"content":{"rendered":"<h2>Unbegrenzte Leistung f\u00fcr jeden BedarfR<\/h2>\n<p>Die UFO Industrial 150W LED-Glocke wurde entwickelt, um eine hochwertige Beleuchtung in industriellen Umgebungen zu gew\u00e4hrleisten. Die Leistung kann auf 150W, 130W oder 100W eingestellt werden, so dass das Licht an die spezifischen Bed\u00fcrfnisse des Arbeitsbereichs angepasst werden kann. Dank des CCT-Systems k\u00f6nnen Sie auch die Temperatur der Lichtfarbe einstellen.  <\/p>\n<h2>Energieeffizienz und Langlebigkeit<\/h2>\n<p>Diese leistungsstarke Beleuchtungsl\u00f6sung ist mit einem Lifud-Treiber ausgestattet, der eine hervorragende Energieeffizienz und eine lange Lebensdauer gew\u00e4hrleistet. Mit der LED-Glocke sparen Sie nicht nur bei Ihrer Stromrechnung, sondern tragen auch zu einer geringeren Umweltbelastung bei. <\/p>\n<h2>Garantie und Verl\u00e4sslichkeit<\/h2>\n<p>Kaufen Sie mit Vertrauen dank der 5-Jahres-Garantie, die mit diesem Produkt geliefert wird. Die UFO 150W LED-Glocke ist ein Synonym f\u00fcr Qualit\u00e4t und Langlebigkeit und damit eine ideale Investition f\u00fcr Ihr Unternehmen. <\/p>\n","protected":false},"excerpt":{"rendered":"<p>Die UFO Industrial 150W LED-Glocke wurde entwickelt, um eine hochwertige Beleuchtung in industriellen Umgebungen zu gew\u00e4hrleisten. Stellen Sie die Leistung auf 150W, 130W oder 100W ein und passen Sie das Licht an die spezifischen Bed\u00fcrfnisse des Arbeitsbereichs an. Dank des CCT-Systems k\u00f6nnen Sie auch die Temperatur der Lichtfarbe einstellen.  <\/p>\n<ul>\n<li>Leistungsregler 150w-130w-100w<\/li>\n<li>CCT-System<\/li>\n<li>5 Anny-Garantie<\/li>\n<li>22.800 lm<\/li>\n<\/ul>\n","protected":false},"featured_media":1702,"comment_status":"open","ping_status":"closed","template":"","meta":{"_joinchat":[]},"product_brand":[],"product_cat":[125,130],"product_tag":[],"class_list":{"0":"post-4834","1":"product","2":"type-product","3":"status-publish","4":"has-post-thumbnail","6":"product_cat-hallenstrahler","7":"product_cat-kommerzielle-beleuchtung","9":"first","10":"instock","11":"taxable","12":"shipping-taxable","13":"purchasable","14":"product-type-simple"},"yoast_head":"<!-- This site is optimized with the Yoast SEO plugin v26.5 - https:\/\/yoast.com\/wordpress\/plugins\/seo\/ -->\n<title>UFO Industrie-LED-Glocke 150W CCT Treiber LIFUD<\/title>\n<meta name=\"description\" content=\"Alles in einem Produkt, 150w\/130w\/100w Leistungsregler und CCT Sytem Lichtfarbeinstellung 3000k 4000k 6000k, plus 5 Jahre Garantie.\" \/>\n<meta name=\"robots\" content=\"index, follow, max-snippet:-1, max-image-preview:large, max-video-preview:-1\" \/>\n<link rel=\"canonical\" href=\"https:\/\/decolightingitaly.com\/de\/producto\/ufo-industrie-led-glocke-150w-cct-lifud-treiber\/\" \/>\n<meta property=\"og:locale\" content=\"de_DE\" \/>\n<meta property=\"og:type\" content=\"article\" \/>\n<meta property=\"og:title\" content=\"UFO Industrie-LED-Glocke 150W CCT Treiber LIFUD\" \/>\n<meta property=\"og:description\" content=\"Alles in einem Produkt, 150w\/130w\/100w Leistungsregler und CCT Sytem Lichtfarbeinstellung 3000k 4000k 6000k, plus 5 Jahre Garantie.\" \/>\n<meta property=\"og:url\" content=\"https:\/\/decolightingitaly.com\/de\/producto\/ufo-industrie-led-glocke-150w-cct-lifud-treiber\/\" \/>\n<meta property=\"og:site_name\" content=\"Decolighting\" \/>\n<meta property=\"article:publisher\" content=\"https:\/\/www.facebook.com\/people\/Decolighting-Italy\/61570211287982\/\" \/>\n<meta property=\"og:image\" content=\"https:\/\/decolightingitaly.com\/wp-content\/uploads\/2024\/12\/CAMPANA-LIFUD-1.jpg\" \/>\n\t<meta property=\"og:image:width\" content=\"800\" \/>\n\t<meta property=\"og:image:height\" content=\"800\" \/>\n\t<meta property=\"og:image:type\" content=\"image\/jpeg\" \/>\n<meta name=\"twitter:card\" content=\"summary_large_image\" \/>\n<meta name=\"twitter:label1\" content=\"Gesch\u00e4tzte Lesezeit\" \/>\n\t<meta name=\"twitter:data1\" content=\"1\u00a0Minute\" \/>\n<script type=\"application\/ld+json\" class=\"yoast-schema-graph\">{\"@context\":\"https:\/\/schema.org\",\"@graph\":[{\"@type\":\"WebPage\",\"@id\":\"https:\/\/decolightingitaly.com\/de\/producto\/ufo-industrie-led-glocke-150w-cct-lifud-treiber\/\",\"url\":\"https:\/\/decolightingitaly.com\/de\/producto\/ufo-industrie-led-glocke-150w-cct-lifud-treiber\/\",\"name\":\"UFO Industrie-LED-Glocke 150W CCT Treiber LIFUD\",\"isPartOf\":{\"@id\":\"https:\/\/decolightingitaly.com\/de\/#website\"},\"primaryImageOfPage\":{\"@id\":\"https:\/\/decolightingitaly.com\/de\/producto\/ufo-industrie-led-glocke-150w-cct-lifud-treiber\/#primaryimage\"},\"image\":{\"@id\":\"https:\/\/decolightingitaly.com\/de\/producto\/ufo-industrie-led-glocke-150w-cct-lifud-treiber\/#primaryimage\"},\"thumbnailUrl\":\"https:\/\/decolightingitaly.com\/wp-content\/uploads\/2024\/12\/CAMPANA-LIFUD-1.jpg\",\"datePublished\":\"2024-12-02T12:13:19+00:00\",\"description\":\"Alles in einem Produkt, 150w\/130w\/100w Leistungsregler und CCT Sytem Lichtfarbeinstellung 3000k 4000k 6000k, plus 5 Jahre Garantie.\",\"breadcrumb\":{\"@id\":\"https:\/\/decolightingitaly.com\/de\/producto\/ufo-industrie-led-glocke-150w-cct-lifud-treiber\/#breadcrumb\"},\"inLanguage\":\"de\",\"potentialAction\":[{\"@type\":\"ReadAction\",\"target\":[\"https:\/\/decolightingitaly.com\/de\/producto\/ufo-industrie-led-glocke-150w-cct-lifud-treiber\/\"]}]},{\"@type\":\"ImageObject\",\"inLanguage\":\"de\",\"@id\":\"https:\/\/decolightingitaly.com\/de\/producto\/ufo-industrie-led-glocke-150w-cct-lifud-treiber\/#primaryimage\",\"url\":\"https:\/\/decolightingitaly.com\/wp-content\/uploads\/2024\/12\/CAMPANA-LIFUD-1.jpg\",\"contentUrl\":\"https:\/\/decolightingitaly.com\/wp-content\/uploads\/2024\/12\/CAMPANA-LIFUD-1.jpg\",\"width\":800,\"height\":800},{\"@type\":\"BreadcrumbList\",\"@id\":\"https:\/\/decolightingitaly.com\/de\/producto\/ufo-industrie-led-glocke-150w-cct-lifud-treiber\/#breadcrumb\",\"itemListElement\":[{\"@type\":\"ListItem\",\"position\":1,\"name\":\"Home\",\"item\":\"https:\/\/decolightingitaly.com\/de\/\"},{\"@type\":\"ListItem\",\"position\":2,\"name\":\"Gesch\u00e4ft\",\"item\":\"https:\/\/decolightingitaly.com\/de\/shop\/\"},{\"@type\":\"ListItem\",\"position\":3,\"name\":\"UFO Industrie-LED-Glocke 150W | CCT | LIFUD-Treiber\"}]},{\"@type\":\"WebSite\",\"@id\":\"https:\/\/decolightingitaly.com\/de\/#website\",\"url\":\"https:\/\/decolightingitaly.com\/de\/\",\"name\":\"Decolightingitaly\",\"description\":\"Illuminazione decorativa e di design\",\"publisher\":{\"@id\":\"https:\/\/decolightingitaly.com\/de\/#organization\"},\"alternateName\":\"Decolighting\",\"potentialAction\":[{\"@type\":\"SearchAction\",\"target\":{\"@type\":\"EntryPoint\",\"urlTemplate\":\"https:\/\/decolightingitaly.com\/de\/?s={search_term_string}\"},\"query-input\":{\"@type\":\"PropertyValueSpecification\",\"valueRequired\":true,\"valueName\":\"search_term_string\"}}],\"inLanguage\":\"de\"},{\"@type\":\"Organization\",\"@id\":\"https:\/\/decolightingitaly.com\/de\/#organization\",\"name\":\"Decolightingitaly\",\"alternateName\":\"Decolighting\",\"url\":\"https:\/\/decolightingitaly.com\/de\/\",\"logo\":{\"@type\":\"ImageObject\",\"inLanguage\":\"de\",\"@id\":\"https:\/\/decolightingitaly.com\/de\/#\/schema\/logo\/image\/\",\"url\":\"https:\/\/decolightingitaly.com\/wp-content\/uploads\/2024\/10\/Logo-v_3.png\",\"contentUrl\":\"https:\/\/decolightingitaly.com\/wp-content\/uploads\/2024\/10\/Logo-v_3.png\",\"width\":852,\"height\":684,\"caption\":\"Decolightingitaly\"},\"image\":{\"@id\":\"https:\/\/decolightingitaly.com\/de\/#\/schema\/logo\/image\/\"},\"sameAs\":[\"https:\/\/www.facebook.com\/people\/Decolighting-Italy\/61570211287982\/\"]}]}<\/script>\n<!-- \/ Yoast SEO plugin. -->","yoast_head_json":{"title":"UFO Industrie-LED-Glocke 150W CCT Treiber LIFUD","description":"Alles in einem Produkt, 150w\/130w\/100w Leistungsregler und CCT Sytem Lichtfarbeinstellung 3000k 4000k 6000k, plus 5 Jahre Garantie.","robots":{"index":"index","follow":"follow","max-snippet":"max-snippet:-1","max-image-preview":"max-image-preview:large","max-video-preview":"max-video-preview:-1"},"canonical":"https:\/\/decolightingitaly.com\/de\/producto\/ufo-industrie-led-glocke-150w-cct-lifud-treiber\/","og_locale":"de_DE","og_type":"article","og_title":"UFO Industrie-LED-Glocke 150W CCT Treiber LIFUD","og_description":"Alles in einem Produkt, 150w\/130w\/100w Leistungsregler und CCT Sytem Lichtfarbeinstellung 3000k 4000k 6000k, plus 5 Jahre Garantie.","og_url":"https:\/\/decolightingitaly.com\/de\/producto\/ufo-industrie-led-glocke-150w-cct-lifud-treiber\/","og_site_name":"Decolighting","article_publisher":"https:\/\/www.facebook.com\/people\/Decolighting-Italy\/61570211287982\/","og_image":[{"width":800,"height":800,"url":"https:\/\/decolightingitaly.com\/wp-content\/uploads\/2024\/12\/CAMPANA-LIFUD-1.jpg","type":"image\/jpeg"}],"twitter_card":"summary_large_image","twitter_misc":{"Gesch\u00e4tzte Lesezeit":"1\u00a0Minute"},"schema":{"@context":"https:\/\/schema.org","@graph":[{"@type":"WebPage","@id":"https:\/\/decolightingitaly.com\/de\/producto\/ufo-industrie-led-glocke-150w-cct-lifud-treiber\/","url":"https:\/\/decolightingitaly.com\/de\/producto\/ufo-industrie-led-glocke-150w-cct-lifud-treiber\/","name":"UFO Industrie-LED-Glocke 150W CCT Treiber LIFUD","isPartOf":{"@id":"https:\/\/decolightingitaly.com\/de\/#website"},"primaryImageOfPage":{"@id":"https:\/\/decolightingitaly.com\/de\/producto\/ufo-industrie-led-glocke-150w-cct-lifud-treiber\/#primaryimage"},"image":{"@id":"https:\/\/decolightingitaly.com\/de\/producto\/ufo-industrie-led-glocke-150w-cct-lifud-treiber\/#primaryimage"},"thumbnailUrl":"https:\/\/decolightingitaly.com\/wp-content\/uploads\/2024\/12\/CAMPANA-LIFUD-1.jpg","datePublished":"2024-12-02T12:13:19+00:00","description":"Alles in einem Produkt, 150w\/130w\/100w Leistungsregler und CCT Sytem Lichtfarbeinstellung 3000k 4000k 6000k, plus 5 Jahre Garantie.","breadcrumb":{"@id":"https:\/\/decolightingitaly.com\/de\/producto\/ufo-industrie-led-glocke-150w-cct-lifud-treiber\/#breadcrumb"},"inLanguage":"de","potentialAction":[{"@type":"ReadAction","target":["https:\/\/decolightingitaly.com\/de\/producto\/ufo-industrie-led-glocke-150w-cct-lifud-treiber\/"]}]},{"@type":"ImageObject","inLanguage":"de","@id":"https:\/\/decolightingitaly.com\/de\/producto\/ufo-industrie-led-glocke-150w-cct-lifud-treiber\/#primaryimage","url":"https:\/\/decolightingitaly.com\/wp-content\/uploads\/2024\/12\/CAMPANA-LIFUD-1.jpg","contentUrl":"https:\/\/decolightingitaly.com\/wp-content\/uploads\/2024\/12\/CAMPANA-LIFUD-1.jpg","width":800,"height":800},{"@type":"BreadcrumbList","@id":"https:\/\/decolightingitaly.com\/de\/producto\/ufo-industrie-led-glocke-150w-cct-lifud-treiber\/#breadcrumb","itemListElement":[{"@type":"ListItem","position":1,"name":"Home","item":"https:\/\/decolightingitaly.com\/de\/"},{"@type":"ListItem","position":2,"name":"Gesch\u00e4ft","item":"https:\/\/decolightingitaly.com\/de\/shop\/"},{"@type":"ListItem","position":3,"name":"UFO Industrie-LED-Glocke 150W | CCT | LIFUD-Treiber"}]},{"@type":"WebSite","@id":"https:\/\/decolightingitaly.com\/de\/#website","url":"https:\/\/decolightingitaly.com\/de\/","name":"Decolightingitaly","description":"Illuminazione decorativa e di design","publisher":{"@id":"https:\/\/decolightingitaly.com\/de\/#organization"},"alternateName":"Decolighting","potentialAction":[{"@type":"SearchAction","target":{"@type":"EntryPoint","urlTemplate":"https:\/\/decolightingitaly.com\/de\/?s={search_term_string}"},"query-input":{"@type":"PropertyValueSpecification","valueRequired":true,"valueName":"search_term_string"}}],"inLanguage":"de"},{"@type":"Organization","@id":"https:\/\/decolightingitaly.com\/de\/#organization","name":"Decolightingitaly","alternateName":"Decolighting","url":"https:\/\/decolightingitaly.com\/de\/","logo":{"@type":"ImageObject","inLanguage":"de","@id":"https:\/\/decolightingitaly.com\/de\/#\/schema\/logo\/image\/","url":"https:\/\/decolightingitaly.com\/wp-content\/uploads\/2024\/10\/Logo-v_3.png","contentUrl":"https:\/\/decolightingitaly.com\/wp-content\/uploads\/2024\/10\/Logo-v_3.png","width":852,"height":684,"caption":"Decolightingitaly"},"image":{"@id":"https:\/\/decolightingitaly.com\/de\/#\/schema\/logo\/image\/"},"sameAs":["https:\/\/www.facebook.com\/people\/Decolighting-Italy\/61570211287982\/"]}]}},"jetpack_sharing_enabled":true,"_links":{"self":[{"href":"https:\/\/decolightingitaly.com\/de\/wp-json\/wp\/v2\/product\/4834","targetHints":{"allow":["GET"]}}],"collection":[{"href":"https:\/\/decolightingitaly.com\/de\/wp-json\/wp\/v2\/product"}],"about":[{"href":"https:\/\/decolightingitaly.com\/de\/wp-json\/wp\/v2\/types\/product"}],"replies":[{"embeddable":true,"href":"https:\/\/decolightingitaly.com\/de\/wp-json\/wp\/v2\/comments?post=4834"}],"wp:featuredmedia":[{"embeddable":true,"href":"https:\/\/decolightingitaly.com\/de\/wp-json\/wp\/v2\/media\/1702"}],"wp:attachment":[{"href":"https:\/\/decolightingitaly.com\/de\/wp-json\/wp\/v2\/media?parent=4834"}],"wp:term":[{"taxonomy":"product_brand","embeddable":true,"href":"https:\/\/decolightingitaly.com\/de\/wp-json\/wp\/v2\/product_brand?post=4834"},{"taxonomy":"product_cat","embeddable":true,"href":"https:\/\/decolightingitaly.com\/de\/wp-json\/wp\/v2\/product_cat?post=4834"},{"taxonomy":"product_tag","embeddable":true,"href":"https:\/\/decolightingitaly.com\/de\/wp-json\/wp\/v2\/product_tag?post=4834"}],"curies":[{"name":"wp","href":"https:\/\/api.w.org\/{rel}","templated":true}]}}