{"id":4829,"date":"2024-12-02T13:44:43","date_gmt":"2024-12-02T13:44:43","guid":{"rendered":"https:\/\/decolightingitaly.com\/producto\/led-paneel-60x60-cm-philips-treiber-36w-ugr22\/"},"modified":"2024-12-02T13:44:43","modified_gmt":"2024-12-02T13:44:43","slug":"led-paneel-60x60-cm-philips-treiber-36w-ugr22","status":"publish","type":"product","link":"https:\/\/decolightingitaly.com\/de\/producto\/led-paneel-60x60-cm-philips-treiber-36w-ugr22\/","title":{"rendered":"LED-Paneel 60X60 cm | PHILIPS-Treiber | 36W | UGR22"},"content":{"rendered":"<h2>Innovatives Design<\/h2>\n<p>Das LED-Hintergrundbeleuchtungspanel 60&#215;60 ist das perfekte Zubeh\u00f6r f\u00fcr alle, die eine vielseitige und moderne Beleuchtung suchen. Dank seiner fortschrittlichen Technologie kombiniert es innovative optische Designmerkmale f\u00fcr eine gleichm\u00e4\u00dfige Ausleuchtung. <\/p>\n<h2>Hohe Energie-Effizienz<\/h2>\n<p>Mit seinem hohen Wirkungsgrad ist dieses Panel eine ideale L\u00f6sung f\u00fcr Arbeitsbereiche und Wohnumgebungen. Die Qualit\u00e4t des ausgestrahlten Lichts tr\u00e4gt zu einer angenehmen und produktiven Atmosph\u00e4re bei, unterst\u00fctzt durch den hochpr\u00e4zisen Philips Treiber. <\/p>\n<h2>Einfache Installation<\/h2>\n<p>Die einfache Installation macht das 60&#215;60 Backlight LED-Panel zu einer ausgezeichneten Wahl f\u00fcr alle. Ob f\u00fcr die Renovierung oder den Neubau, dieses Produkt passt perfekt in jeden Kontext und garantiert immer die beste Lichtleistung. <\/p>\n","protected":false},"excerpt":{"rendered":"<p>Das LED-Hintergrundbeleuchtungspanel 60&#215;60 ist das perfekte Zubeh\u00f6r f\u00fcr alle, die eine vielseitige und moderne Beleuchtung suchen. Dank seiner fortschrittlichen Technologie kombiniert es innovative optische Designmerkmale f\u00fcr eine gleichm\u00e4\u00dfige Ausleuchtung. <\/p>\n<ul>\n<li>PHILIPS CERTA TREIBER<\/li>\n<li>LEISTUNG 36W<\/li>\n<li>3.800 LM<\/li>\n<li>5 JAHRE GARANTIE<\/li>\n<li>IP40<\/li>\n<\/ul>\n","protected":false},"featured_media":1705,"comment_status":"open","ping_status":"closed","template":"","meta":{"_joinchat":[]},"product_brand":[],"product_cat":[130,126],"product_tag":[],"class_list":{"0":"post-4829","1":"product","2":"type-product","3":"status-publish","4":"has-post-thumbnail","6":"product_cat-kommerzielle-beleuchtung","7":"product_cat-panelleuchten","9":"first","10":"instock","11":"taxable","12":"shipping-taxable","13":"purchasable","14":"product-type-variable"},"yoast_head":"<!-- This site is optimized with the Yoast SEO plugin v26.5 - https:\/\/yoast.com\/wordpress\/plugins\/seo\/ -->\n<title>60X60 LED-Panel PHILIPS 36W UGR22 Treiber<\/title>\n<meta name=\"description\" content=\"Das Panel mit Backlight-Technologie erreicht aufgrund seines Designs eine gleichm\u00e4\u00dfige Ausleuchtung und eine hervorragende Lichtausbeute. 5 Jahre Garantie.\" \/>\n<meta name=\"robots\" content=\"index, follow, max-snippet:-1, max-image-preview:large, max-video-preview:-1\" \/>\n<link rel=\"canonical\" href=\"https:\/\/decolightingitaly.com\/de\/producto\/led-paneel-60x60-cm-philips-treiber-36w-ugr22\/\" \/>\n<meta property=\"og:locale\" content=\"de_DE\" \/>\n<meta property=\"og:type\" content=\"article\" \/>\n<meta property=\"og:title\" content=\"60X60 LED-Panel PHILIPS 36W UGR22 Treiber\" \/>\n<meta property=\"og:description\" content=\"Das Panel mit Backlight-Technologie erreicht aufgrund seines Designs eine gleichm\u00e4\u00dfige Ausleuchtung und eine hervorragende Lichtausbeute. 5 Jahre Garantie.\" \/>\n<meta property=\"og:url\" content=\"https:\/\/decolightingitaly.com\/de\/producto\/led-paneel-60x60-cm-philips-treiber-36w-ugr22\/\" \/>\n<meta property=\"og:site_name\" content=\"Decolighting\" \/>\n<meta property=\"article:publisher\" content=\"https:\/\/www.facebook.com\/people\/Decolighting-Italy\/61570211287982\/\" \/>\n<meta property=\"og:image\" content=\"https:\/\/decolightingitaly.com\/wp-content\/uploads\/2024\/12\/Pannello-60x60-backlight.jpg\" \/>\n\t<meta property=\"og:image:width\" content=\"800\" \/>\n\t<meta property=\"og:image:height\" content=\"800\" \/>\n\t<meta property=\"og:image:type\" content=\"image\/jpeg\" \/>\n<meta name=\"twitter:card\" content=\"summary_large_image\" \/>\n<meta name=\"twitter:label1\" content=\"Gesch\u00e4tzte Lesezeit\" \/>\n\t<meta name=\"twitter:data1\" content=\"1\u00a0Minute\" \/>\n<script type=\"application\/ld+json\" class=\"yoast-schema-graph\">{\"@context\":\"https:\/\/schema.org\",\"@graph\":[{\"@type\":\"WebPage\",\"@id\":\"https:\/\/decolightingitaly.com\/de\/producto\/led-paneel-60x60-cm-philips-treiber-36w-ugr22\/\",\"url\":\"https:\/\/decolightingitaly.com\/de\/producto\/led-paneel-60x60-cm-philips-treiber-36w-ugr22\/\",\"name\":\"60X60 LED-Panel PHILIPS 36W UGR22 Treiber\",\"isPartOf\":{\"@id\":\"https:\/\/decolightingitaly.com\/de\/#website\"},\"primaryImageOfPage\":{\"@id\":\"https:\/\/decolightingitaly.com\/de\/producto\/led-paneel-60x60-cm-philips-treiber-36w-ugr22\/#primaryimage\"},\"image\":{\"@id\":\"https:\/\/decolightingitaly.com\/de\/producto\/led-paneel-60x60-cm-philips-treiber-36w-ugr22\/#primaryimage\"},\"thumbnailUrl\":\"https:\/\/decolightingitaly.com\/wp-content\/uploads\/2024\/12\/Pannello-60x60-backlight.jpg\",\"datePublished\":\"2024-12-02T13:44:43+00:00\",\"description\":\"Das Panel mit Backlight-Technologie erreicht aufgrund seines Designs eine gleichm\u00e4\u00dfige Ausleuchtung und eine hervorragende Lichtausbeute. 5 Jahre Garantie.\",\"breadcrumb\":{\"@id\":\"https:\/\/decolightingitaly.com\/de\/producto\/led-paneel-60x60-cm-philips-treiber-36w-ugr22\/#breadcrumb\"},\"inLanguage\":\"de\",\"potentialAction\":[{\"@type\":\"ReadAction\",\"target\":[\"https:\/\/decolightingitaly.com\/de\/producto\/led-paneel-60x60-cm-philips-treiber-36w-ugr22\/\"]}]},{\"@type\":\"ImageObject\",\"inLanguage\":\"de\",\"@id\":\"https:\/\/decolightingitaly.com\/de\/producto\/led-paneel-60x60-cm-philips-treiber-36w-ugr22\/#primaryimage\",\"url\":\"https:\/\/decolightingitaly.com\/wp-content\/uploads\/2024\/12\/Pannello-60x60-backlight.jpg\",\"contentUrl\":\"https:\/\/decolightingitaly.com\/wp-content\/uploads\/2024\/12\/Pannello-60x60-backlight.jpg\",\"width\":800,\"height\":800},{\"@type\":\"BreadcrumbList\",\"@id\":\"https:\/\/decolightingitaly.com\/de\/producto\/led-paneel-60x60-cm-philips-treiber-36w-ugr22\/#breadcrumb\",\"itemListElement\":[{\"@type\":\"ListItem\",\"position\":1,\"name\":\"Home\",\"item\":\"https:\/\/decolightingitaly.com\/de\/\"},{\"@type\":\"ListItem\",\"position\":2,\"name\":\"Gesch\u00e4ft\",\"item\":\"https:\/\/decolightingitaly.com\/de\/shop\/\"},{\"@type\":\"ListItem\",\"position\":3,\"name\":\"LED-Paneel 60X60 cm | PHILIPS-Treiber | 36W | UGR22\"}]},{\"@type\":\"WebSite\",\"@id\":\"https:\/\/decolightingitaly.com\/de\/#website\",\"url\":\"https:\/\/decolightingitaly.com\/de\/\",\"name\":\"Decolightingitaly\",\"description\":\"Illuminazione decorativa e di design\",\"publisher\":{\"@id\":\"https:\/\/decolightingitaly.com\/de\/#organization\"},\"alternateName\":\"Decolighting\",\"potentialAction\":[{\"@type\":\"SearchAction\",\"target\":{\"@type\":\"EntryPoint\",\"urlTemplate\":\"https:\/\/decolightingitaly.com\/de\/?s={search_term_string}\"},\"query-input\":{\"@type\":\"PropertyValueSpecification\",\"valueRequired\":true,\"valueName\":\"search_term_string\"}}],\"inLanguage\":\"de\"},{\"@type\":\"Organization\",\"@id\":\"https:\/\/decolightingitaly.com\/de\/#organization\",\"name\":\"Decolightingitaly\",\"alternateName\":\"Decolighting\",\"url\":\"https:\/\/decolightingitaly.com\/de\/\",\"logo\":{\"@type\":\"ImageObject\",\"inLanguage\":\"de\",\"@id\":\"https:\/\/decolightingitaly.com\/de\/#\/schema\/logo\/image\/\",\"url\":\"https:\/\/decolightingitaly.com\/wp-content\/uploads\/2024\/10\/Logo-v_3.png\",\"contentUrl\":\"https:\/\/decolightingitaly.com\/wp-content\/uploads\/2024\/10\/Logo-v_3.png\",\"width\":852,\"height\":684,\"caption\":\"Decolightingitaly\"},\"image\":{\"@id\":\"https:\/\/decolightingitaly.com\/de\/#\/schema\/logo\/image\/\"},\"sameAs\":[\"https:\/\/www.facebook.com\/people\/Decolighting-Italy\/61570211287982\/\"]}]}<\/script>\n<!-- \/ Yoast SEO plugin. -->","yoast_head_json":{"title":"60X60 LED-Panel PHILIPS 36W UGR22 Treiber","description":"Das Panel mit Backlight-Technologie erreicht aufgrund seines Designs eine gleichm\u00e4\u00dfige Ausleuchtung und eine hervorragende Lichtausbeute. 5 Jahre Garantie.","robots":{"index":"index","follow":"follow","max-snippet":"max-snippet:-1","max-image-preview":"max-image-preview:large","max-video-preview":"max-video-preview:-1"},"canonical":"https:\/\/decolightingitaly.com\/de\/producto\/led-paneel-60x60-cm-philips-treiber-36w-ugr22\/","og_locale":"de_DE","og_type":"article","og_title":"60X60 LED-Panel PHILIPS 36W UGR22 Treiber","og_description":"Das Panel mit Backlight-Technologie erreicht aufgrund seines Designs eine gleichm\u00e4\u00dfige Ausleuchtung und eine hervorragende Lichtausbeute. 5 Jahre Garantie.","og_url":"https:\/\/decolightingitaly.com\/de\/producto\/led-paneel-60x60-cm-philips-treiber-36w-ugr22\/","og_site_name":"Decolighting","article_publisher":"https:\/\/www.facebook.com\/people\/Decolighting-Italy\/61570211287982\/","og_image":[{"width":800,"height":800,"url":"https:\/\/decolightingitaly.com\/wp-content\/uploads\/2024\/12\/Pannello-60x60-backlight.jpg","type":"image\/jpeg"}],"twitter_card":"summary_large_image","twitter_misc":{"Gesch\u00e4tzte Lesezeit":"1\u00a0Minute"},"schema":{"@context":"https:\/\/schema.org","@graph":[{"@type":"WebPage","@id":"https:\/\/decolightingitaly.com\/de\/producto\/led-paneel-60x60-cm-philips-treiber-36w-ugr22\/","url":"https:\/\/decolightingitaly.com\/de\/producto\/led-paneel-60x60-cm-philips-treiber-36w-ugr22\/","name":"60X60 LED-Panel PHILIPS 36W UGR22 Treiber","isPartOf":{"@id":"https:\/\/decolightingitaly.com\/de\/#website"},"primaryImageOfPage":{"@id":"https:\/\/decolightingitaly.com\/de\/producto\/led-paneel-60x60-cm-philips-treiber-36w-ugr22\/#primaryimage"},"image":{"@id":"https:\/\/decolightingitaly.com\/de\/producto\/led-paneel-60x60-cm-philips-treiber-36w-ugr22\/#primaryimage"},"thumbnailUrl":"https:\/\/decolightingitaly.com\/wp-content\/uploads\/2024\/12\/Pannello-60x60-backlight.jpg","datePublished":"2024-12-02T13:44:43+00:00","description":"Das Panel mit Backlight-Technologie erreicht aufgrund seines Designs eine gleichm\u00e4\u00dfige Ausleuchtung und eine hervorragende Lichtausbeute. 5 Jahre Garantie.","breadcrumb":{"@id":"https:\/\/decolightingitaly.com\/de\/producto\/led-paneel-60x60-cm-philips-treiber-36w-ugr22\/#breadcrumb"},"inLanguage":"de","potentialAction":[{"@type":"ReadAction","target":["https:\/\/decolightingitaly.com\/de\/producto\/led-paneel-60x60-cm-philips-treiber-36w-ugr22\/"]}]},{"@type":"ImageObject","inLanguage":"de","@id":"https:\/\/decolightingitaly.com\/de\/producto\/led-paneel-60x60-cm-philips-treiber-36w-ugr22\/#primaryimage","url":"https:\/\/decolightingitaly.com\/wp-content\/uploads\/2024\/12\/Pannello-60x60-backlight.jpg","contentUrl":"https:\/\/decolightingitaly.com\/wp-content\/uploads\/2024\/12\/Pannello-60x60-backlight.jpg","width":800,"height":800},{"@type":"BreadcrumbList","@id":"https:\/\/decolightingitaly.com\/de\/producto\/led-paneel-60x60-cm-philips-treiber-36w-ugr22\/#breadcrumb","itemListElement":[{"@type":"ListItem","position":1,"name":"Home","item":"https:\/\/decolightingitaly.com\/de\/"},{"@type":"ListItem","position":2,"name":"Gesch\u00e4ft","item":"https:\/\/decolightingitaly.com\/de\/shop\/"},{"@type":"ListItem","position":3,"name":"LED-Paneel 60X60 cm | PHILIPS-Treiber | 36W | UGR22"}]},{"@type":"WebSite","@id":"https:\/\/decolightingitaly.com\/de\/#website","url":"https:\/\/decolightingitaly.com\/de\/","name":"Decolightingitaly","description":"Illuminazione decorativa e di design","publisher":{"@id":"https:\/\/decolightingitaly.com\/de\/#organization"},"alternateName":"Decolighting","potentialAction":[{"@type":"SearchAction","target":{"@type":"EntryPoint","urlTemplate":"https:\/\/decolightingitaly.com\/de\/?s={search_term_string}"},"query-input":{"@type":"PropertyValueSpecification","valueRequired":true,"valueName":"search_term_string"}}],"inLanguage":"de"},{"@type":"Organization","@id":"https:\/\/decolightingitaly.com\/de\/#organization","name":"Decolightingitaly","alternateName":"Decolighting","url":"https:\/\/decolightingitaly.com\/de\/","logo":{"@type":"ImageObject","inLanguage":"de","@id":"https:\/\/decolightingitaly.com\/de\/#\/schema\/logo\/image\/","url":"https:\/\/decolightingitaly.com\/wp-content\/uploads\/2024\/10\/Logo-v_3.png","contentUrl":"https:\/\/decolightingitaly.com\/wp-content\/uploads\/2024\/10\/Logo-v_3.png","width":852,"height":684,"caption":"Decolightingitaly"},"image":{"@id":"https:\/\/decolightingitaly.com\/de\/#\/schema\/logo\/image\/"},"sameAs":["https:\/\/www.facebook.com\/people\/Decolighting-Italy\/61570211287982\/"]}]}},"jetpack_sharing_enabled":true,"_links":{"self":[{"href":"https:\/\/decolightingitaly.com\/de\/wp-json\/wp\/v2\/product\/4829","targetHints":{"allow":["GET"]}}],"collection":[{"href":"https:\/\/decolightingitaly.com\/de\/wp-json\/wp\/v2\/product"}],"about":[{"href":"https:\/\/decolightingitaly.com\/de\/wp-json\/wp\/v2\/types\/product"}],"replies":[{"embeddable":true,"href":"https:\/\/decolightingitaly.com\/de\/wp-json\/wp\/v2\/comments?post=4829"}],"wp:featuredmedia":[{"embeddable":true,"href":"https:\/\/decolightingitaly.com\/de\/wp-json\/wp\/v2\/media\/1705"}],"wp:attachment":[{"href":"https:\/\/decolightingitaly.com\/de\/wp-json\/wp\/v2\/media?parent=4829"}],"wp:term":[{"taxonomy":"product_brand","embeddable":true,"href":"https:\/\/decolightingitaly.com\/de\/wp-json\/wp\/v2\/product_brand?post=4829"},{"taxonomy":"product_cat","embeddable":true,"href":"https:\/\/decolightingitaly.com\/de\/wp-json\/wp\/v2\/product_cat?post=4829"},{"taxonomy":"product_tag","embeddable":true,"href":"https:\/\/decolightingitaly.com\/de\/wp-json\/wp\/v2\/product_tag?post=4829"}],"curies":[{"name":"wp","href":"https:\/\/api.w.org\/{rel}","templated":true}]}}