{"id":4598,"date":"2024-09-20T08:24:26","date_gmt":"2024-09-20T08:24:26","guid":{"rendered":"https:\/\/decolightingitaly.com\/producto\/strahler-linear-verstellbar-cct-20w-ugr-weiss-mi-light\/"},"modified":"2025-08-17T21:34:38","modified_gmt":"2025-08-17T21:34:38","slug":"strahler-linear-verstellbar-cct-20w-ugr-weiss-mi-light","status":"publish","type":"product","link":"https:\/\/decolightingitaly.com\/de\/producto\/strahler-linear-verstellbar-cct-20w-ugr-weiss-mi-light\/","title":{"rendered":"Strahler Linear Verstellbar CCT |20W | UGR | Wei\u00df | Mi Light"},"content":{"rendered":"<h2>Elegantes und modernes Design<\/h2>\n<p>Der magnetische Projektor ist eine \u201eausgezeichnete Wahl f\u00fcr diejenigen, die eine\u201c effektive und stilvolle Beleuchtung suchen. Mit einem eleganten und innovativen Design beleuchtet er nicht nur die R\u00e4ume, sondern wird auch zu einem dekorativen Element. Er ist mit warmwei\u00dfem, naturwei\u00dfem und kaltwei\u00dfem Licht im selben Strahler erh\u00e4ltlich.  <\/p>\n<h2>Respekt f\u00fcr den Sehkomfort<\/h2>\n<p>Einer der Hauptvorteile des magnetischen Projektors ist der niedrige UGR18, der eine geringe Blendung garantiert. Das bedeutet, dass Sie gut beleuchtete Umgebungen genie\u00dfen k\u00f6nnen, ohne durch \u00fcberm\u00e4\u00dfig blendendes Licht gest\u00f6rt zu werden. <\/p>\n<h2>Vielseitigkeit und Anwendungen<\/h2>\n<p>Der magnetische Projektor ist f\u00fcr jede Art von Umgebung geeignet und vereint \u00c4sthetik und Funktionalit\u00e4t. Er ist ideal f\u00fcr B\u00fcros, Besprechungsr\u00e4ume und Wohnbereiche und bietet eine angenehme und komfortable Beleuchtung. <\/p>\n","protected":false},"excerpt":{"rendered":"<p>Der magnetische Projektor ist eine \u201eausgezeichnete Wahl f\u00fcr diejenigen, die eine\u201c effektive und stilvolle Beleuchtung suchen. Mit einem eleganten und innovativen Design beleuchtet er nicht nur die R\u00e4ume, sondern wird auch zu einem dekorativen Element. Er ist mit <strong>warmwei\u00dfem, naturwei\u00dfem und kaltwei\u00dfem Licht im selben Strahler<\/strong> erh\u00e4ltlich.  <\/p>\n","protected":false},"featured_media":272,"comment_status":"open","ping_status":"closed","template":"","meta":{"_joinchat":[]},"product_brand":[],"product_cat":[105,108,109,104,103],"product_tag":[110],"class_list":{"0":"post-4598","1":"product","2":"type-product","3":"status-publish","4":"has-post-thumbnail","6":"product_cat-innenraum","7":"product_cat-magnetisch","8":"product_cat-magnetischer-strahler","9":"product_cat-projektor","10":"product_cat-schienenleuchte","11":"product_tag-mi-light-de","13":"first","14":"instock","15":"taxable","16":"shipping-taxable","17":"purchasable","18":"product-type-simple"},"yoast_head":"<!-- This site is optimized with the Yoast SEO plugin v26.5 - https:\/\/yoast.com\/wordpress\/plugins\/seo\/ -->\n<title>Strahler Linear Verstellbar CCT |20W | UGR | Wei\u00df | Mi Light - Decolighting<\/title>\n<meta name=\"robots\" content=\"index, follow, max-snippet:-1, max-image-preview:large, max-video-preview:-1\" \/>\n<link rel=\"canonical\" href=\"https:\/\/decolightingitaly.com\/de\/producto\/strahler-linear-verstellbar-cct-20w-ugr-weiss-mi-light\/\" \/>\n<meta property=\"og:locale\" content=\"de_DE\" \/>\n<meta property=\"og:type\" content=\"article\" \/>\n<meta property=\"og:title\" content=\"Strahler Linear Verstellbar CCT |20W | UGR | Wei\u00df | Mi Light - Decolighting\" \/>\n<meta property=\"og:description\" content=\"Der magnetische Projektor ist eine \u201eausgezeichnete Wahl f\u00fcr diejenigen, die eine\u201c effektive und stilvolle Beleuchtung suchen. Mit einem eleganten und innovativen Design beleuchtet er nicht nur die R\u00e4ume, sondern wird auch zu einem dekorativen Element. Er ist mit warmwei\u00dfem, naturwei\u00dfem und kaltwei\u00dfem Licht im selben Strahler erh\u00e4ltlich.\" \/>\n<meta property=\"og:url\" content=\"https:\/\/decolightingitaly.com\/de\/producto\/strahler-linear-verstellbar-cct-20w-ugr-weiss-mi-light\/\" \/>\n<meta property=\"og:site_name\" content=\"Decolighting\" \/>\n<meta property=\"article:publisher\" content=\"https:\/\/www.facebook.com\/people\/Decolighting-Italy\/61570211287982\/\" \/>\n<meta property=\"article:modified_time\" content=\"2025-08-17T21:34:38+00:00\" \/>\n<meta property=\"og:image\" content=\"https:\/\/decolightingitaly.com\/wp-content\/uploads\/2024\/09\/apparecchio-lineare-orientabile-cct-a-binario-magnetico-20w-ugr18-mi-light-bianco-2.jpg\" \/>\n\t<meta property=\"og:image:width\" content=\"800\" \/>\n\t<meta property=\"og:image:height\" content=\"800\" \/>\n\t<meta property=\"og:image:type\" content=\"image\/jpeg\" \/>\n<meta name=\"twitter:card\" content=\"summary_large_image\" \/>\n<meta name=\"twitter:label1\" content=\"Gesch\u00e4tzte Lesezeit\" \/>\n\t<meta name=\"twitter:data1\" content=\"1\u00a0Minute\" \/>\n<script type=\"application\/ld+json\" class=\"yoast-schema-graph\">{\"@context\":\"https:\/\/schema.org\",\"@graph\":[{\"@type\":\"WebPage\",\"@id\":\"https:\/\/decolightingitaly.com\/de\/producto\/strahler-linear-verstellbar-cct-20w-ugr-weiss-mi-light\/\",\"url\":\"https:\/\/decolightingitaly.com\/de\/producto\/strahler-linear-verstellbar-cct-20w-ugr-weiss-mi-light\/\",\"name\":\"Strahler Linear Verstellbar CCT |20W | UGR | Wei\u00df | Mi Light - Decolighting\",\"isPartOf\":{\"@id\":\"https:\/\/decolightingitaly.com\/de\/#website\"},\"primaryImageOfPage\":{\"@id\":\"https:\/\/decolightingitaly.com\/de\/producto\/strahler-linear-verstellbar-cct-20w-ugr-weiss-mi-light\/#primaryimage\"},\"image\":{\"@id\":\"https:\/\/decolightingitaly.com\/de\/producto\/strahler-linear-verstellbar-cct-20w-ugr-weiss-mi-light\/#primaryimage\"},\"thumbnailUrl\":\"https:\/\/decolightingitaly.com\/wp-content\/uploads\/2024\/09\/apparecchio-lineare-orientabile-cct-a-binario-magnetico-20w-ugr18-mi-light-bianco-2.jpg\",\"datePublished\":\"2024-09-20T08:24:26+00:00\",\"dateModified\":\"2025-08-17T21:34:38+00:00\",\"breadcrumb\":{\"@id\":\"https:\/\/decolightingitaly.com\/de\/producto\/strahler-linear-verstellbar-cct-20w-ugr-weiss-mi-light\/#breadcrumb\"},\"inLanguage\":\"de\",\"potentialAction\":[{\"@type\":\"ReadAction\",\"target\":[\"https:\/\/decolightingitaly.com\/de\/producto\/strahler-linear-verstellbar-cct-20w-ugr-weiss-mi-light\/\"]}]},{\"@type\":\"ImageObject\",\"inLanguage\":\"de\",\"@id\":\"https:\/\/decolightingitaly.com\/de\/producto\/strahler-linear-verstellbar-cct-20w-ugr-weiss-mi-light\/#primaryimage\",\"url\":\"https:\/\/decolightingitaly.com\/wp-content\/uploads\/2024\/09\/apparecchio-lineare-orientabile-cct-a-binario-magnetico-20w-ugr18-mi-light-bianco-2.jpg\",\"contentUrl\":\"https:\/\/decolightingitaly.com\/wp-content\/uploads\/2024\/09\/apparecchio-lineare-orientabile-cct-a-binario-magnetico-20w-ugr18-mi-light-bianco-2.jpg\",\"width\":800,\"height\":800},{\"@type\":\"BreadcrumbList\",\"@id\":\"https:\/\/decolightingitaly.com\/de\/producto\/strahler-linear-verstellbar-cct-20w-ugr-weiss-mi-light\/#breadcrumb\",\"itemListElement\":[{\"@type\":\"ListItem\",\"position\":1,\"name\":\"Home\",\"item\":\"https:\/\/decolightingitaly.com\/de\/\"},{\"@type\":\"ListItem\",\"position\":2,\"name\":\"Gesch\u00e4ft\",\"item\":\"https:\/\/decolightingitaly.com\/de\/shop\/\"},{\"@type\":\"ListItem\",\"position\":3,\"name\":\"Strahler Linear Verstellbar CCT |20W | UGR | Wei\u00df | Mi Light\"}]},{\"@type\":\"WebSite\",\"@id\":\"https:\/\/decolightingitaly.com\/de\/#website\",\"url\":\"https:\/\/decolightingitaly.com\/de\/\",\"name\":\"Decolightingitaly\",\"description\":\"Illuminazione decorativa e di design\",\"publisher\":{\"@id\":\"https:\/\/decolightingitaly.com\/de\/#organization\"},\"alternateName\":\"Decolighting\",\"potentialAction\":[{\"@type\":\"SearchAction\",\"target\":{\"@type\":\"EntryPoint\",\"urlTemplate\":\"https:\/\/decolightingitaly.com\/de\/?s={search_term_string}\"},\"query-input\":{\"@type\":\"PropertyValueSpecification\",\"valueRequired\":true,\"valueName\":\"search_term_string\"}}],\"inLanguage\":\"de\"},{\"@type\":\"Organization\",\"@id\":\"https:\/\/decolightingitaly.com\/de\/#organization\",\"name\":\"Decolightingitaly\",\"alternateName\":\"Decolighting\",\"url\":\"https:\/\/decolightingitaly.com\/de\/\",\"logo\":{\"@type\":\"ImageObject\",\"inLanguage\":\"de\",\"@id\":\"https:\/\/decolightingitaly.com\/de\/#\/schema\/logo\/image\/\",\"url\":\"https:\/\/decolightingitaly.com\/wp-content\/uploads\/2024\/10\/Logo-v_3.png\",\"contentUrl\":\"https:\/\/decolightingitaly.com\/wp-content\/uploads\/2024\/10\/Logo-v_3.png\",\"width\":852,\"height\":684,\"caption\":\"Decolightingitaly\"},\"image\":{\"@id\":\"https:\/\/decolightingitaly.com\/de\/#\/schema\/logo\/image\/\"},\"sameAs\":[\"https:\/\/www.facebook.com\/people\/Decolighting-Italy\/61570211287982\/\"]}]}<\/script>\n<!-- \/ Yoast SEO plugin. -->","yoast_head_json":{"title":"Strahler Linear Verstellbar CCT |20W | UGR | Wei\u00df | Mi Light - Decolighting","robots":{"index":"index","follow":"follow","max-snippet":"max-snippet:-1","max-image-preview":"max-image-preview:large","max-video-preview":"max-video-preview:-1"},"canonical":"https:\/\/decolightingitaly.com\/de\/producto\/strahler-linear-verstellbar-cct-20w-ugr-weiss-mi-light\/","og_locale":"de_DE","og_type":"article","og_title":"Strahler Linear Verstellbar CCT |20W | UGR | Wei\u00df | Mi Light - Decolighting","og_description":"Der magnetische Projektor ist eine \u201eausgezeichnete Wahl f\u00fcr diejenigen, die eine\u201c effektive und stilvolle Beleuchtung suchen. Mit einem eleganten und innovativen Design beleuchtet er nicht nur die R\u00e4ume, sondern wird auch zu einem dekorativen Element. Er ist mit warmwei\u00dfem, naturwei\u00dfem und kaltwei\u00dfem Licht im selben Strahler erh\u00e4ltlich.","og_url":"https:\/\/decolightingitaly.com\/de\/producto\/strahler-linear-verstellbar-cct-20w-ugr-weiss-mi-light\/","og_site_name":"Decolighting","article_publisher":"https:\/\/www.facebook.com\/people\/Decolighting-Italy\/61570211287982\/","article_modified_time":"2025-08-17T21:34:38+00:00","og_image":[{"width":800,"height":800,"url":"https:\/\/decolightingitaly.com\/wp-content\/uploads\/2024\/09\/apparecchio-lineare-orientabile-cct-a-binario-magnetico-20w-ugr18-mi-light-bianco-2.jpg","type":"image\/jpeg"}],"twitter_card":"summary_large_image","twitter_misc":{"Gesch\u00e4tzte Lesezeit":"1\u00a0Minute"},"schema":{"@context":"https:\/\/schema.org","@graph":[{"@type":"WebPage","@id":"https:\/\/decolightingitaly.com\/de\/producto\/strahler-linear-verstellbar-cct-20w-ugr-weiss-mi-light\/","url":"https:\/\/decolightingitaly.com\/de\/producto\/strahler-linear-verstellbar-cct-20w-ugr-weiss-mi-light\/","name":"Strahler Linear Verstellbar CCT |20W | UGR | Wei\u00df | Mi Light - Decolighting","isPartOf":{"@id":"https:\/\/decolightingitaly.com\/de\/#website"},"primaryImageOfPage":{"@id":"https:\/\/decolightingitaly.com\/de\/producto\/strahler-linear-verstellbar-cct-20w-ugr-weiss-mi-light\/#primaryimage"},"image":{"@id":"https:\/\/decolightingitaly.com\/de\/producto\/strahler-linear-verstellbar-cct-20w-ugr-weiss-mi-light\/#primaryimage"},"thumbnailUrl":"https:\/\/decolightingitaly.com\/wp-content\/uploads\/2024\/09\/apparecchio-lineare-orientabile-cct-a-binario-magnetico-20w-ugr18-mi-light-bianco-2.jpg","datePublished":"2024-09-20T08:24:26+00:00","dateModified":"2025-08-17T21:34:38+00:00","breadcrumb":{"@id":"https:\/\/decolightingitaly.com\/de\/producto\/strahler-linear-verstellbar-cct-20w-ugr-weiss-mi-light\/#breadcrumb"},"inLanguage":"de","potentialAction":[{"@type":"ReadAction","target":["https:\/\/decolightingitaly.com\/de\/producto\/strahler-linear-verstellbar-cct-20w-ugr-weiss-mi-light\/"]}]},{"@type":"ImageObject","inLanguage":"de","@id":"https:\/\/decolightingitaly.com\/de\/producto\/strahler-linear-verstellbar-cct-20w-ugr-weiss-mi-light\/#primaryimage","url":"https:\/\/decolightingitaly.com\/wp-content\/uploads\/2024\/09\/apparecchio-lineare-orientabile-cct-a-binario-magnetico-20w-ugr18-mi-light-bianco-2.jpg","contentUrl":"https:\/\/decolightingitaly.com\/wp-content\/uploads\/2024\/09\/apparecchio-lineare-orientabile-cct-a-binario-magnetico-20w-ugr18-mi-light-bianco-2.jpg","width":800,"height":800},{"@type":"BreadcrumbList","@id":"https:\/\/decolightingitaly.com\/de\/producto\/strahler-linear-verstellbar-cct-20w-ugr-weiss-mi-light\/#breadcrumb","itemListElement":[{"@type":"ListItem","position":1,"name":"Home","item":"https:\/\/decolightingitaly.com\/de\/"},{"@type":"ListItem","position":2,"name":"Gesch\u00e4ft","item":"https:\/\/decolightingitaly.com\/de\/shop\/"},{"@type":"ListItem","position":3,"name":"Strahler Linear Verstellbar CCT |20W | UGR | Wei\u00df | Mi Light"}]},{"@type":"WebSite","@id":"https:\/\/decolightingitaly.com\/de\/#website","url":"https:\/\/decolightingitaly.com\/de\/","name":"Decolightingitaly","description":"Illuminazione decorativa e di design","publisher":{"@id":"https:\/\/decolightingitaly.com\/de\/#organization"},"alternateName":"Decolighting","potentialAction":[{"@type":"SearchAction","target":{"@type":"EntryPoint","urlTemplate":"https:\/\/decolightingitaly.com\/de\/?s={search_term_string}"},"query-input":{"@type":"PropertyValueSpecification","valueRequired":true,"valueName":"search_term_string"}}],"inLanguage":"de"},{"@type":"Organization","@id":"https:\/\/decolightingitaly.com\/de\/#organization","name":"Decolightingitaly","alternateName":"Decolighting","url":"https:\/\/decolightingitaly.com\/de\/","logo":{"@type":"ImageObject","inLanguage":"de","@id":"https:\/\/decolightingitaly.com\/de\/#\/schema\/logo\/image\/","url":"https:\/\/decolightingitaly.com\/wp-content\/uploads\/2024\/10\/Logo-v_3.png","contentUrl":"https:\/\/decolightingitaly.com\/wp-content\/uploads\/2024\/10\/Logo-v_3.png","width":852,"height":684,"caption":"Decolightingitaly"},"image":{"@id":"https:\/\/decolightingitaly.com\/de\/#\/schema\/logo\/image\/"},"sameAs":["https:\/\/www.facebook.com\/people\/Decolighting-Italy\/61570211287982\/"]}]}},"jetpack_sharing_enabled":true,"_links":{"self":[{"href":"https:\/\/decolightingitaly.com\/de\/wp-json\/wp\/v2\/product\/4598","targetHints":{"allow":["GET"]}}],"collection":[{"href":"https:\/\/decolightingitaly.com\/de\/wp-json\/wp\/v2\/product"}],"about":[{"href":"https:\/\/decolightingitaly.com\/de\/wp-json\/wp\/v2\/types\/product"}],"replies":[{"embeddable":true,"href":"https:\/\/decolightingitaly.com\/de\/wp-json\/wp\/v2\/comments?post=4598"}],"wp:featuredmedia":[{"embeddable":true,"href":"https:\/\/decolightingitaly.com\/de\/wp-json\/wp\/v2\/media\/272"}],"wp:attachment":[{"href":"https:\/\/decolightingitaly.com\/de\/wp-json\/wp\/v2\/media?parent=4598"}],"wp:term":[{"taxonomy":"product_brand","embeddable":true,"href":"https:\/\/decolightingitaly.com\/de\/wp-json\/wp\/v2\/product_brand?post=4598"},{"taxonomy":"product_cat","embeddable":true,"href":"https:\/\/decolightingitaly.com\/de\/wp-json\/wp\/v2\/product_cat?post=4598"},{"taxonomy":"product_tag","embeddable":true,"href":"https:\/\/decolightingitaly.com\/de\/wp-json\/wp\/v2\/product_tag?post=4598"}],"curies":[{"name":"wp","href":"https:\/\/api.w.org\/{rel}","templated":true}]}}