{"id":4571,"date":"2024-09-18T12:44:21","date_gmt":"2024-09-18T12:44:21","guid":{"rendered":"https:\/\/decolightingitaly.com\/producto\/netzteil-fuer-magnetschienen-200w-weiss\/"},"modified":"2025-08-17T21:33:56","modified_gmt":"2025-08-17T21:33:56","slug":"netzteil-fuer-magnetschienen-200w-weiss","status":"publish","type":"product","link":"https:\/\/decolightingitaly.com\/de\/producto\/netzteil-fuer-magnetschienen-200w-weiss\/","title":{"rendered":"Netzteil f\u00fcr Magnetschienen 200W Wei\u00df"},"content":{"rendered":"<h2>Netzteil f\u00fcr Magnetschienen 200W<\/h2>\n<p>Entdecken Sie das Netzteil f\u00fcr das Innere der Magnetschiene, das entwickelt wurde, um eine Leistung von 200 W und eine Spannung von 48 V zu bieten. Dieses Netzteil ist ideal, um eine konstante und sichere Energieversorgung f\u00fcr Ihre Beleuchtungsinstallationen zu gew\u00e4hrleisten. <\/p>\n<h2>Hauptmerkmale<\/h2>\n<p>Unser Netzteil ist f\u00fcr den optimalen Betrieb mit Magnetschienen ausgelegt und erm\u00f6glicht eine \u201eeinfache und schnelle Installation. Mit einer Leistung von 200 W ist es perfekt, um hohe Lasten zu tragen, ohne die\u201c Energieeffizienz zu beeintr\u00e4chtigen. <\/p>\n<h2>Zuverl\u00e4ssigkeit und Sicherheit<\/h2>\n<p>Jedes Netzteil wird nach hohen Standards gefertigt, um Sicherheit und Langlebigkeit zu gew\u00e4hrleisten. Dank der Spannung von 48 V bietet es eine stabile Leistung, ideal f\u00fcr Innenr\u00e4ume. W\u00e4hlen Sie Zuverl\u00e4ssigkeit und Qualit\u00e4t f\u00fcr Ihre Beleuchtungsbed\u00fcrfnisse!  <\/p>\n","protected":false},"excerpt":{"rendered":"<p>Netzteil f\u00fcr das \u201eInnere der Magnetschiene, entwickelt, um eine Leistung von 200W und eine Spannung von 48V zu bieten. Dieses Netzteil ist ideal, um eine\u201c konstante und sichere Energieversorgung f\u00fcr Ihre Beleuchtungsanlagen zu gew\u00e4hrleisten. <\/p>\n","protected":false},"featured_media":166,"comment_status":"open","ping_status":"closed","template":"","meta":{"_joinchat":[]},"product_brand":[],"product_cat":[105,111,103],"product_tag":[],"class_list":{"0":"post-4571","1":"product","2":"type-product","3":"status-publish","4":"has-post-thumbnail","6":"product_cat-innenraum","7":"product_cat-netzteil","8":"product_cat-schienenleuchte","10":"first","11":"instock","12":"taxable","13":"shipping-taxable","14":"purchasable","15":"product-type-simple"},"yoast_head":"<!-- This site is optimized with the Yoast SEO plugin v26.5 - https:\/\/yoast.com\/wordpress\/plugins\/seo\/ -->\n<title>Netzteil f\u00fcr Magnetschienen 200W Wei\u00df - Decolighting<\/title>\n<meta name=\"robots\" content=\"index, follow, max-snippet:-1, max-image-preview:large, max-video-preview:-1\" \/>\n<link rel=\"canonical\" href=\"https:\/\/decolightingitaly.com\/de\/producto\/netzteil-fuer-magnetschienen-200w-weiss\/\" \/>\n<meta property=\"og:locale\" content=\"de_DE\" \/>\n<meta property=\"og:type\" content=\"article\" \/>\n<meta property=\"og:title\" content=\"Netzteil f\u00fcr Magnetschienen 200W Wei\u00df - Decolighting\" \/>\n<meta property=\"og:description\" content=\"Netzteil f\u00fcr das \u201eInnere der Magnetschiene, entwickelt, um eine Leistung von 200W und eine Spannung von 48V zu bieten. Dieses Netzteil ist ideal, um eine\u201c konstante und sichere Energieversorgung f\u00fcr Ihre Beleuchtungsanlagen zu gew\u00e4hrleisten.\" \/>\n<meta property=\"og:url\" content=\"https:\/\/decolightingitaly.com\/de\/producto\/netzteil-fuer-magnetschienen-200w-weiss\/\" \/>\n<meta property=\"og:site_name\" content=\"Decolighting\" \/>\n<meta property=\"article:publisher\" content=\"https:\/\/www.facebook.com\/people\/Decolighting-Italy\/61570211287982\/\" \/>\n<meta property=\"article:modified_time\" content=\"2025-08-17T21:33:56+00:00\" \/>\n<meta property=\"og:image\" content=\"https:\/\/decolightingitaly.com\/wp-content\/uploads\/2024\/09\/alimentatore-per-guida-magnetica-48v-200w-bianco.jpg\" \/>\n\t<meta property=\"og:image:width\" content=\"800\" \/>\n\t<meta property=\"og:image:height\" content=\"800\" \/>\n\t<meta property=\"og:image:type\" content=\"image\/jpeg\" \/>\n<meta name=\"twitter:card\" content=\"summary_large_image\" \/>\n<meta name=\"twitter:label1\" content=\"Gesch\u00e4tzte Lesezeit\" \/>\n\t<meta name=\"twitter:data1\" content=\"1\u00a0Minute\" \/>\n<script type=\"application\/ld+json\" class=\"yoast-schema-graph\">{\"@context\":\"https:\/\/schema.org\",\"@graph\":[{\"@type\":\"WebPage\",\"@id\":\"https:\/\/decolightingitaly.com\/de\/producto\/netzteil-fuer-magnetschienen-200w-weiss\/\",\"url\":\"https:\/\/decolightingitaly.com\/de\/producto\/netzteil-fuer-magnetschienen-200w-weiss\/\",\"name\":\"Netzteil f\u00fcr Magnetschienen 200W Wei\u00df - Decolighting\",\"isPartOf\":{\"@id\":\"https:\/\/decolightingitaly.com\/de\/#website\"},\"primaryImageOfPage\":{\"@id\":\"https:\/\/decolightingitaly.com\/de\/producto\/netzteil-fuer-magnetschienen-200w-weiss\/#primaryimage\"},\"image\":{\"@id\":\"https:\/\/decolightingitaly.com\/de\/producto\/netzteil-fuer-magnetschienen-200w-weiss\/#primaryimage\"},\"thumbnailUrl\":\"https:\/\/decolightingitaly.com\/wp-content\/uploads\/2024\/09\/alimentatore-per-guida-magnetica-48v-200w-bianco.jpg\",\"datePublished\":\"2024-09-18T12:44:21+00:00\",\"dateModified\":\"2025-08-17T21:33:56+00:00\",\"breadcrumb\":{\"@id\":\"https:\/\/decolightingitaly.com\/de\/producto\/netzteil-fuer-magnetschienen-200w-weiss\/#breadcrumb\"},\"inLanguage\":\"de\",\"potentialAction\":[{\"@type\":\"ReadAction\",\"target\":[\"https:\/\/decolightingitaly.com\/de\/producto\/netzteil-fuer-magnetschienen-200w-weiss\/\"]}]},{\"@type\":\"ImageObject\",\"inLanguage\":\"de\",\"@id\":\"https:\/\/decolightingitaly.com\/de\/producto\/netzteil-fuer-magnetschienen-200w-weiss\/#primaryimage\",\"url\":\"https:\/\/decolightingitaly.com\/wp-content\/uploads\/2024\/09\/alimentatore-per-guida-magnetica-48v-200w-bianco.jpg\",\"contentUrl\":\"https:\/\/decolightingitaly.com\/wp-content\/uploads\/2024\/09\/alimentatore-per-guida-magnetica-48v-200w-bianco.jpg\",\"width\":800,\"height\":800},{\"@type\":\"BreadcrumbList\",\"@id\":\"https:\/\/decolightingitaly.com\/de\/producto\/netzteil-fuer-magnetschienen-200w-weiss\/#breadcrumb\",\"itemListElement\":[{\"@type\":\"ListItem\",\"position\":1,\"name\":\"Home\",\"item\":\"https:\/\/decolightingitaly.com\/de\/\"},{\"@type\":\"ListItem\",\"position\":2,\"name\":\"Gesch\u00e4ft\",\"item\":\"https:\/\/decolightingitaly.com\/de\/shop\/\"},{\"@type\":\"ListItem\",\"position\":3,\"name\":\"Netzteil f\u00fcr Magnetschienen 200W Wei\u00df\"}]},{\"@type\":\"WebSite\",\"@id\":\"https:\/\/decolightingitaly.com\/de\/#website\",\"url\":\"https:\/\/decolightingitaly.com\/de\/\",\"name\":\"Decolightingitaly\",\"description\":\"Illuminazione decorativa e di design\",\"publisher\":{\"@id\":\"https:\/\/decolightingitaly.com\/de\/#organization\"},\"alternateName\":\"Decolighting\",\"potentialAction\":[{\"@type\":\"SearchAction\",\"target\":{\"@type\":\"EntryPoint\",\"urlTemplate\":\"https:\/\/decolightingitaly.com\/de\/?s={search_term_string}\"},\"query-input\":{\"@type\":\"PropertyValueSpecification\",\"valueRequired\":true,\"valueName\":\"search_term_string\"}}],\"inLanguage\":\"de\"},{\"@type\":\"Organization\",\"@id\":\"https:\/\/decolightingitaly.com\/de\/#organization\",\"name\":\"Decolightingitaly\",\"alternateName\":\"Decolighting\",\"url\":\"https:\/\/decolightingitaly.com\/de\/\",\"logo\":{\"@type\":\"ImageObject\",\"inLanguage\":\"de\",\"@id\":\"https:\/\/decolightingitaly.com\/de\/#\/schema\/logo\/image\/\",\"url\":\"https:\/\/decolightingitaly.com\/wp-content\/uploads\/2024\/10\/Logo-v_3.png\",\"contentUrl\":\"https:\/\/decolightingitaly.com\/wp-content\/uploads\/2024\/10\/Logo-v_3.png\",\"width\":852,\"height\":684,\"caption\":\"Decolightingitaly\"},\"image\":{\"@id\":\"https:\/\/decolightingitaly.com\/de\/#\/schema\/logo\/image\/\"},\"sameAs\":[\"https:\/\/www.facebook.com\/people\/Decolighting-Italy\/61570211287982\/\"]}]}<\/script>\n<!-- \/ Yoast SEO plugin. -->","yoast_head_json":{"title":"Netzteil f\u00fcr Magnetschienen 200W Wei\u00df - Decolighting","robots":{"index":"index","follow":"follow","max-snippet":"max-snippet:-1","max-image-preview":"max-image-preview:large","max-video-preview":"max-video-preview:-1"},"canonical":"https:\/\/decolightingitaly.com\/de\/producto\/netzteil-fuer-magnetschienen-200w-weiss\/","og_locale":"de_DE","og_type":"article","og_title":"Netzteil f\u00fcr Magnetschienen 200W Wei\u00df - Decolighting","og_description":"Netzteil f\u00fcr das \u201eInnere der Magnetschiene, entwickelt, um eine Leistung von 200W und eine Spannung von 48V zu bieten. Dieses Netzteil ist ideal, um eine\u201c konstante und sichere Energieversorgung f\u00fcr Ihre Beleuchtungsanlagen zu gew\u00e4hrleisten.","og_url":"https:\/\/decolightingitaly.com\/de\/producto\/netzteil-fuer-magnetschienen-200w-weiss\/","og_site_name":"Decolighting","article_publisher":"https:\/\/www.facebook.com\/people\/Decolighting-Italy\/61570211287982\/","article_modified_time":"2025-08-17T21:33:56+00:00","og_image":[{"width":800,"height":800,"url":"https:\/\/decolightingitaly.com\/wp-content\/uploads\/2024\/09\/alimentatore-per-guida-magnetica-48v-200w-bianco.jpg","type":"image\/jpeg"}],"twitter_card":"summary_large_image","twitter_misc":{"Gesch\u00e4tzte Lesezeit":"1\u00a0Minute"},"schema":{"@context":"https:\/\/schema.org","@graph":[{"@type":"WebPage","@id":"https:\/\/decolightingitaly.com\/de\/producto\/netzteil-fuer-magnetschienen-200w-weiss\/","url":"https:\/\/decolightingitaly.com\/de\/producto\/netzteil-fuer-magnetschienen-200w-weiss\/","name":"Netzteil f\u00fcr Magnetschienen 200W Wei\u00df - Decolighting","isPartOf":{"@id":"https:\/\/decolightingitaly.com\/de\/#website"},"primaryImageOfPage":{"@id":"https:\/\/decolightingitaly.com\/de\/producto\/netzteil-fuer-magnetschienen-200w-weiss\/#primaryimage"},"image":{"@id":"https:\/\/decolightingitaly.com\/de\/producto\/netzteil-fuer-magnetschienen-200w-weiss\/#primaryimage"},"thumbnailUrl":"https:\/\/decolightingitaly.com\/wp-content\/uploads\/2024\/09\/alimentatore-per-guida-magnetica-48v-200w-bianco.jpg","datePublished":"2024-09-18T12:44:21+00:00","dateModified":"2025-08-17T21:33:56+00:00","breadcrumb":{"@id":"https:\/\/decolightingitaly.com\/de\/producto\/netzteil-fuer-magnetschienen-200w-weiss\/#breadcrumb"},"inLanguage":"de","potentialAction":[{"@type":"ReadAction","target":["https:\/\/decolightingitaly.com\/de\/producto\/netzteil-fuer-magnetschienen-200w-weiss\/"]}]},{"@type":"ImageObject","inLanguage":"de","@id":"https:\/\/decolightingitaly.com\/de\/producto\/netzteil-fuer-magnetschienen-200w-weiss\/#primaryimage","url":"https:\/\/decolightingitaly.com\/wp-content\/uploads\/2024\/09\/alimentatore-per-guida-magnetica-48v-200w-bianco.jpg","contentUrl":"https:\/\/decolightingitaly.com\/wp-content\/uploads\/2024\/09\/alimentatore-per-guida-magnetica-48v-200w-bianco.jpg","width":800,"height":800},{"@type":"BreadcrumbList","@id":"https:\/\/decolightingitaly.com\/de\/producto\/netzteil-fuer-magnetschienen-200w-weiss\/#breadcrumb","itemListElement":[{"@type":"ListItem","position":1,"name":"Home","item":"https:\/\/decolightingitaly.com\/de\/"},{"@type":"ListItem","position":2,"name":"Gesch\u00e4ft","item":"https:\/\/decolightingitaly.com\/de\/shop\/"},{"@type":"ListItem","position":3,"name":"Netzteil f\u00fcr Magnetschienen 200W Wei\u00df"}]},{"@type":"WebSite","@id":"https:\/\/decolightingitaly.com\/de\/#website","url":"https:\/\/decolightingitaly.com\/de\/","name":"Decolightingitaly","description":"Illuminazione decorativa e di design","publisher":{"@id":"https:\/\/decolightingitaly.com\/de\/#organization"},"alternateName":"Decolighting","potentialAction":[{"@type":"SearchAction","target":{"@type":"EntryPoint","urlTemplate":"https:\/\/decolightingitaly.com\/de\/?s={search_term_string}"},"query-input":{"@type":"PropertyValueSpecification","valueRequired":true,"valueName":"search_term_string"}}],"inLanguage":"de"},{"@type":"Organization","@id":"https:\/\/decolightingitaly.com\/de\/#organization","name":"Decolightingitaly","alternateName":"Decolighting","url":"https:\/\/decolightingitaly.com\/de\/","logo":{"@type":"ImageObject","inLanguage":"de","@id":"https:\/\/decolightingitaly.com\/de\/#\/schema\/logo\/image\/","url":"https:\/\/decolightingitaly.com\/wp-content\/uploads\/2024\/10\/Logo-v_3.png","contentUrl":"https:\/\/decolightingitaly.com\/wp-content\/uploads\/2024\/10\/Logo-v_3.png","width":852,"height":684,"caption":"Decolightingitaly"},"image":{"@id":"https:\/\/decolightingitaly.com\/de\/#\/schema\/logo\/image\/"},"sameAs":["https:\/\/www.facebook.com\/people\/Decolighting-Italy\/61570211287982\/"]}]}},"jetpack_sharing_enabled":true,"_links":{"self":[{"href":"https:\/\/decolightingitaly.com\/de\/wp-json\/wp\/v2\/product\/4571","targetHints":{"allow":["GET"]}}],"collection":[{"href":"https:\/\/decolightingitaly.com\/de\/wp-json\/wp\/v2\/product"}],"about":[{"href":"https:\/\/decolightingitaly.com\/de\/wp-json\/wp\/v2\/types\/product"}],"replies":[{"embeddable":true,"href":"https:\/\/decolightingitaly.com\/de\/wp-json\/wp\/v2\/comments?post=4571"}],"wp:featuredmedia":[{"embeddable":true,"href":"https:\/\/decolightingitaly.com\/de\/wp-json\/wp\/v2\/media\/166"}],"wp:attachment":[{"href":"https:\/\/decolightingitaly.com\/de\/wp-json\/wp\/v2\/media?parent=4571"}],"wp:term":[{"taxonomy":"product_brand","embeddable":true,"href":"https:\/\/decolightingitaly.com\/de\/wp-json\/wp\/v2\/product_brand?post=4571"},{"taxonomy":"product_cat","embeddable":true,"href":"https:\/\/decolightingitaly.com\/de\/wp-json\/wp\/v2\/product_cat?post=4571"},{"taxonomy":"product_tag","embeddable":true,"href":"https:\/\/decolightingitaly.com\/de\/wp-json\/wp\/v2\/product_tag?post=4571"}],"curies":[{"name":"wp","href":"https:\/\/api.w.org\/{rel}","templated":true}]}}