{"id":4540,"date":"2024-10-04T09:38:50","date_gmt":"2024-10-04T09:38:50","guid":{"rendered":"https:\/\/decolightingitaly.com\/datenschutzhinweis\/"},"modified":"2025-08-17T21:33:31","modified_gmt":"2025-08-17T21:33:31","slug":"datenschutzhinweis","status":"publish","type":"page","link":"https:\/\/decolightingitaly.com\/de\/datenschutzhinweis\/","title":{"rendered":"Datenschutzhinweis"},"content":{"rendered":"\n<p><strong>Vollst\u00e4ndiger Datenschutzhinweis<\/strong><\/p>\n\n<p>Ra\u00fal Sender Gea, besser bekannt als Decolightingitaly, mit Sitz in Via Prigioni 30, Castell d \u201eAzzano, VR 37060 Italien und Webseite <a href=\"http:\/\/www.decolightingitaly.com\">www.decolightingitaly.com<\/a>, ist verantwortlich f\u00fcr die Verwendung und den Schutz Ihrer pers\u00f6nlichen Daten, und diesbez\u00fcglich informieren wir Sie \u00fcber Folgendes:\u201c<\/p>\n\n<p><strong>F\u00fcr welche Zwecke verwenden wir Ihre pers\u00f6nlichen Daten?<\/strong><\/p>\n\n<p>Die pers\u00f6nlichen Daten, die wir von Ihnen erfassen, werden f\u00fcr die folgenden Zwecke verwendet, die f\u00fcr den von Ihnen angeforderten Service erforderlich sind:<\/p>\n\n<ul class=\"wp-block-list\">\n<li>Beantwortung von Nachrichten aus dem Kontaktformular<\/li>\n\n\n\n<li>Versand der in diesem Online-Shop gekauften Produkte<\/li>\n<\/ul>\n\n<p><strong>Welche pers\u00f6nlichen Daten verwenden wir f\u00fcr diese Zwecke?<\/strong><\/p>\n\n<p>Um die in diesem Datenschutzhinweis beschriebenen Zwecke zu erf\u00fcllen, verwenden wir die folgenden pers\u00f6nlichen Daten:<\/p>\n\n<ul class=\"wp-block-list\">\n<li>Identifikations- und Kontaktdaten<\/li>\n<\/ul>\n\n<p><strong>Wie k\u00f6nnen Sie auf Ihre pers\u00f6nlichen Daten zugreifen, diese berichtigen oder l\u00f6schen, ihrer Nutzung widersprechen oder die Einwilligung widerrufen?<\/strong><\/p>\n\n<p>Sie haben das Recht zu erfahren, welche pers\u00f6nlichen Daten wir \u00fcber Sie besitzen, wie wir sie verwenden und unter welchen Bedingungen (Recht auf Auskunft). Sie haben auch das Recht, die Berichtigung Ihrer pers\u00f6nlichen Daten zu verlangen, wenn diese veraltet, unrichtig oder unvollst\u00e4ndig sind (Berichtigung); dass sie aus unseren Registern oder Datenbanken gel\u00f6scht werden, wenn Sie der Meinung sind, dass sie nicht ordnungsgem\u00e4\u00df verwendet werden (L\u00f6schung); sowie der Nutzung Ihrer pers\u00f6nlichen Daten f\u00fcr bestimmte Zwecke zu widersprechen (Widerspruch). Diese Rechte sind als ARCO-Rechte bekannt.<\/p>\n\n<p>Um eines der ARCO-Rechte auszu\u00fcben, m\u00fcssen Sie eine Anfrage per E-Mail an <a>info@decolightingitaly.com<\/a> senden, die Folgendes enth\u00e4lt:<\/p>\n\n<ul class=\"wp-block-list\">\n<li>Vollst\u00e4ndiger Name des Inhabers.<\/li>\n\n\n\n<li>Adresse.<\/li>\n\n\n\n<li>Telefonnummer.<\/li>\n\n\n\n<li>Auf dieser Website verwendete E-Mail-Adresse.<\/li>\n\n\n\n<li>Kopie eines beigef\u00fcgten Ausweisdokuments.<\/li>\n\n\n\n<li>Betreff: \u201eARCO-Rechte\u201c<\/li>\n\n\n\n<li>Beschreibung des Gegenstands der Anfrage, die beispielsweise, aber nicht ersch\u00f6pfend, Folgendes sein kann: Widerruf der Einwilligung zur Verarbeitung Ihrer pers\u00f6nlichen Daten; und\/oder Benachrichtigung \u00fcber Missbrauch bei der Verarbeitung Ihrer pers\u00f6nlichen Daten; und\/oder Aus\u00fcbung Ihrer ARCO-Rechte, mit einer klaren und pr\u00e4zisen Beschreibung der Daten, auf die zugegriffen, berichtigt, gel\u00f6scht oder denen widersprochen werden soll. Im Falle der Berichtigung personenbezogener Daten ist es erforderlich, die genaue \u00c4nderung anzugeben und die unterst\u00fctzenden Unterlagen beizuf\u00fcgen. Es ist wichtig zu beachten, dass wir im Falle des Widerrufs der Einwilligung m\u00f6glicherweise nicht in der Lage sind, Ihre Anfrage sofort zu erf\u00fcllen, da es erforderlich sein kann, Ihre pers\u00f6nlichen Daten weiterhin aufgrund gesetzlicher Verpflichtungen zu verarbeiten. Dar\u00fcber hinaus m\u00fcssen Sie ber\u00fccksichtigen, dass der Widerruf der Einwilligung f\u00fcr bestimmte Zwecke verhindern kann, dass wir Ihnen den angeforderten Service weiterhin anbieten oder das Verh\u00e4ltnis zu uns beenden.<\/li>\n<\/ul>\n\n<p><strong>In wie vielen Tagen werden wir auf Ihre Anfrage antworten?<\/strong><\/p>\n\n<p>Innerhalb von 20 Tagen.<\/p>\n\n<p><strong>Wie werden wir Ihnen die Antwort auf Ihre Anfrage mitteilen?<\/strong><\/p>\n\n<p>\u00dcber dieselbe E-Mail-Adresse, von der die Anfrage gesendet wurde.<\/p>\n\n<p><strong>Verwendung von Tracking-Technologien auf unserer Website<\/strong><\/p>\n\n<p>Wir informieren Sie dar\u00fcber, dass wir auf unserer Website Cookies, Web Beacons oder andere Technologien verwenden, mit denen es m\u00f6glich ist, Ihr Verhalten als Internetnutzer zu \u00fcberwachen, um Ihnen einen besseren Service und ein besseres Surferlebnis zu bieten. Die pers\u00f6nlichen Daten, die wir aus diesen Tracking-Technologien erhalten, sind die folgenden:<\/p>\n\n<ul class=\"wp-block-list\">\n<li>Kennungen, Benutzername und Sitzungspasswort<\/li>\n<\/ul>\n\n<p>Diese Technologien k\u00f6nnen deaktiviert werden. Um zu erfahren, wie dies geht, konsultieren Sie das Hilfemen\u00fc Ihres Browsers. Bitte beachten Sie, dass Sie durch die Deaktivierung von Cookies m\u00f6glicherweise nicht auf bestimmte personalisierte Funktionen unserer Website zugreifen k\u00f6nnen.<\/p>\n\n<p><strong>Wie k\u00f6nnen Sie \u00fcber \u00c4nderungen an diesem Datenschutzhinweis informiert werden?<\/strong><\/p>\n\n<p>Dieser Datenschutzhinweis kann aufgrund neuer gesetzlicher Anforderungen, unserer Bed\u00fcrfnisse f\u00fcr die angebotenen Produkte oder Dienstleistungen, unserer Datenschutzpraktiken, \u00c4nderungen in unserem Gesch\u00e4ftsmodell oder aus anderen Gr\u00fcnden ge\u00e4ndert, aktualisiert oder erg\u00e4nzt werden. Wir verpflichten uns, diesen Datenschutzhinweis bez\u00fcglich der \u00c4nderungen auf dem neuesten Stand zu halten, und Sie k\u00f6nnen die aktualisierten Versionen jederzeit auf der Website <a href=\"http:\/\/www.decolightingitaly.com\">www.decolightingitaly.com<\/a> einsehen.<\/p>\n\n<p>Letzte Aktualisierung dieses Datenschutzhinweises: 04.10.2024<\/p>\n","protected":false},"excerpt":{"rendered":"<p>Vollst\u00e4ndiger Datenschutzhinweis Ra\u00fal Sender Gea, besser bekannt als Decolightingitaly, mit Sitz in Via Prigioni 30, Castell d \u201eAzzano, VR 37060 Italien und Webseite www.decolightingitaly.com, ist verantwortlich f\u00fcr die Verwendung und den Schutz Ihrer pers\u00f6nlichen Daten, und diesbez\u00fcglich informieren wir Sie \u00fcber Folgendes:\u201c F\u00fcr welche Zwecke verwenden wir Ihre pers\u00f6nlichen Daten? Die pers\u00f6nlichen Daten, die wir [&hellip;]<\/p>\n","protected":false},"author":1,"featured_media":0,"parent":0,"menu_order":0,"comment_status":"closed","ping_status":"closed","template":"","meta":{"_joinchat":[],"footnotes":""},"class_list":["post-4540","page","type-page","status-publish","hentry"],"blocksy_meta":[],"yoast_head":"<!-- This site is optimized with the Yoast SEO plugin v26.5 - https:\/\/yoast.com\/wordpress\/plugins\/seo\/ -->\n<title>Datenschutzhinweis -<\/title>\n<meta name=\"robots\" content=\"index, follow, max-snippet:-1, max-image-preview:large, max-video-preview:-1\" \/>\n<link rel=\"canonical\" href=\"https:\/\/decolightingitaly.com\/de\/datenschutzhinweis\/\" \/>\n<meta property=\"og:locale\" content=\"de_DE\" \/>\n<meta property=\"og:type\" content=\"article\" \/>\n<meta property=\"og:title\" content=\"Datenschutzhinweis -\" \/>\n<meta property=\"og:description\" content=\"Vollst\u00e4ndiger Datenschutzhinweis Ra\u00fal Sender Gea, besser bekannt als Decolightingitaly, mit Sitz in Via Prigioni 30, Castell d \u201eAzzano, VR 37060 Italien und Webseite www.decolightingitaly.com, ist verantwortlich f\u00fcr die Verwendung und den Schutz Ihrer pers\u00f6nlichen Daten, und diesbez\u00fcglich informieren wir Sie \u00fcber Folgendes:\u201c F\u00fcr welche Zwecke verwenden wir Ihre pers\u00f6nlichen Daten? Die pers\u00f6nlichen Daten, die wir [&hellip;]\" \/>\n<meta property=\"og:url\" content=\"https:\/\/decolightingitaly.com\/de\/datenschutzhinweis\/\" \/>\n<meta property=\"og:site_name\" content=\"Decolighting\" \/>\n<meta property=\"article:publisher\" content=\"https:\/\/www.facebook.com\/people\/Decolighting-Italy\/61570211287982\/\" \/>\n<meta property=\"article:modified_time\" content=\"2025-08-17T21:33:31+00:00\" \/>\n<meta property=\"og:image\" content=\"https:\/\/decolightingitaly.com\/wp-content\/uploads\/2024\/10\/Logo-v_3.png\" \/>\n\t<meta property=\"og:image:width\" content=\"852\" \/>\n\t<meta property=\"og:image:height\" content=\"684\" \/>\n\t<meta property=\"og:image:type\" content=\"image\/png\" \/>\n<meta name=\"twitter:card\" content=\"summary_large_image\" \/>\n<meta name=\"twitter:label1\" content=\"Gesch\u00e4tzte Lesezeit\" \/>\n\t<meta name=\"twitter:data1\" content=\"3\u00a0Minuten\" \/>\n<script type=\"application\/ld+json\" class=\"yoast-schema-graph\">{\"@context\":\"https:\/\/schema.org\",\"@graph\":[{\"@type\":\"WebPage\",\"@id\":\"https:\/\/decolightingitaly.com\/de\/datenschutzhinweis\/\",\"url\":\"https:\/\/decolightingitaly.com\/de\/datenschutzhinweis\/\",\"name\":\"Datenschutzhinweis -\",\"isPartOf\":{\"@id\":\"https:\/\/decolightingitaly.com\/de\/#website\"},\"datePublished\":\"2024-10-04T09:38:50+00:00\",\"dateModified\":\"2025-08-17T21:33:31+00:00\",\"breadcrumb\":{\"@id\":\"https:\/\/decolightingitaly.com\/de\/datenschutzhinweis\/#breadcrumb\"},\"inLanguage\":\"de\",\"potentialAction\":[{\"@type\":\"ReadAction\",\"target\":[\"https:\/\/decolightingitaly.com\/de\/datenschutzhinweis\/\"]}]},{\"@type\":\"BreadcrumbList\",\"@id\":\"https:\/\/decolightingitaly.com\/de\/datenschutzhinweis\/#breadcrumb\",\"itemListElement\":[{\"@type\":\"ListItem\",\"position\":1,\"name\":\"Home\",\"item\":\"https:\/\/decolightingitaly.com\/de\/\"},{\"@type\":\"ListItem\",\"position\":2,\"name\":\"Datenschutzhinweis\"}]},{\"@type\":\"WebSite\",\"@id\":\"https:\/\/decolightingitaly.com\/de\/#website\",\"url\":\"https:\/\/decolightingitaly.com\/de\/\",\"name\":\"Decolightingitaly\",\"description\":\"Illuminazione decorativa e di design\",\"publisher\":{\"@id\":\"https:\/\/decolightingitaly.com\/de\/#organization\"},\"alternateName\":\"Decolighting\",\"potentialAction\":[{\"@type\":\"SearchAction\",\"target\":{\"@type\":\"EntryPoint\",\"urlTemplate\":\"https:\/\/decolightingitaly.com\/de\/?s={search_term_string}\"},\"query-input\":{\"@type\":\"PropertyValueSpecification\",\"valueRequired\":true,\"valueName\":\"search_term_string\"}}],\"inLanguage\":\"de\"},{\"@type\":\"Organization\",\"@id\":\"https:\/\/decolightingitaly.com\/de\/#organization\",\"name\":\"Decolightingitaly\",\"alternateName\":\"Decolighting\",\"url\":\"https:\/\/decolightingitaly.com\/de\/\",\"logo\":{\"@type\":\"ImageObject\",\"inLanguage\":\"de\",\"@id\":\"https:\/\/decolightingitaly.com\/de\/#\/schema\/logo\/image\/\",\"url\":\"https:\/\/decolightingitaly.com\/wp-content\/uploads\/2024\/10\/Logo-v_3.png\",\"contentUrl\":\"https:\/\/decolightingitaly.com\/wp-content\/uploads\/2024\/10\/Logo-v_3.png\",\"width\":852,\"height\":684,\"caption\":\"Decolightingitaly\"},\"image\":{\"@id\":\"https:\/\/decolightingitaly.com\/de\/#\/schema\/logo\/image\/\"},\"sameAs\":[\"https:\/\/www.facebook.com\/people\/Decolighting-Italy\/61570211287982\/\"]}]}<\/script>\n<!-- \/ Yoast SEO plugin. -->","yoast_head_json":{"title":"Datenschutzhinweis -","robots":{"index":"index","follow":"follow","max-snippet":"max-snippet:-1","max-image-preview":"max-image-preview:large","max-video-preview":"max-video-preview:-1"},"canonical":"https:\/\/decolightingitaly.com\/de\/datenschutzhinweis\/","og_locale":"de_DE","og_type":"article","og_title":"Datenschutzhinweis -","og_description":"Vollst\u00e4ndiger Datenschutzhinweis Ra\u00fal Sender Gea, besser bekannt als Decolightingitaly, mit Sitz in Via Prigioni 30, Castell d \u201eAzzano, VR 37060 Italien und Webseite www.decolightingitaly.com, ist verantwortlich f\u00fcr die Verwendung und den Schutz Ihrer pers\u00f6nlichen Daten, und diesbez\u00fcglich informieren wir Sie \u00fcber Folgendes:\u201c F\u00fcr welche Zwecke verwenden wir Ihre pers\u00f6nlichen Daten? Die pers\u00f6nlichen Daten, die wir [&hellip;]","og_url":"https:\/\/decolightingitaly.com\/de\/datenschutzhinweis\/","og_site_name":"Decolighting","article_publisher":"https:\/\/www.facebook.com\/people\/Decolighting-Italy\/61570211287982\/","article_modified_time":"2025-08-17T21:33:31+00:00","og_image":[{"width":852,"height":684,"url":"https:\/\/decolightingitaly.com\/wp-content\/uploads\/2024\/10\/Logo-v_3.png","type":"image\/png"}],"twitter_card":"summary_large_image","twitter_misc":{"Gesch\u00e4tzte Lesezeit":"3\u00a0Minuten"},"schema":{"@context":"https:\/\/schema.org","@graph":[{"@type":"WebPage","@id":"https:\/\/decolightingitaly.com\/de\/datenschutzhinweis\/","url":"https:\/\/decolightingitaly.com\/de\/datenschutzhinweis\/","name":"Datenschutzhinweis -","isPartOf":{"@id":"https:\/\/decolightingitaly.com\/de\/#website"},"datePublished":"2024-10-04T09:38:50+00:00","dateModified":"2025-08-17T21:33:31+00:00","breadcrumb":{"@id":"https:\/\/decolightingitaly.com\/de\/datenschutzhinweis\/#breadcrumb"},"inLanguage":"de","potentialAction":[{"@type":"ReadAction","target":["https:\/\/decolightingitaly.com\/de\/datenschutzhinweis\/"]}]},{"@type":"BreadcrumbList","@id":"https:\/\/decolightingitaly.com\/de\/datenschutzhinweis\/#breadcrumb","itemListElement":[{"@type":"ListItem","position":1,"name":"Home","item":"https:\/\/decolightingitaly.com\/de\/"},{"@type":"ListItem","position":2,"name":"Datenschutzhinweis"}]},{"@type":"WebSite","@id":"https:\/\/decolightingitaly.com\/de\/#website","url":"https:\/\/decolightingitaly.com\/de\/","name":"Decolightingitaly","description":"Illuminazione decorativa e di design","publisher":{"@id":"https:\/\/decolightingitaly.com\/de\/#organization"},"alternateName":"Decolighting","potentialAction":[{"@type":"SearchAction","target":{"@type":"EntryPoint","urlTemplate":"https:\/\/decolightingitaly.com\/de\/?s={search_term_string}"},"query-input":{"@type":"PropertyValueSpecification","valueRequired":true,"valueName":"search_term_string"}}],"inLanguage":"de"},{"@type":"Organization","@id":"https:\/\/decolightingitaly.com\/de\/#organization","name":"Decolightingitaly","alternateName":"Decolighting","url":"https:\/\/decolightingitaly.com\/de\/","logo":{"@type":"ImageObject","inLanguage":"de","@id":"https:\/\/decolightingitaly.com\/de\/#\/schema\/logo\/image\/","url":"https:\/\/decolightingitaly.com\/wp-content\/uploads\/2024\/10\/Logo-v_3.png","contentUrl":"https:\/\/decolightingitaly.com\/wp-content\/uploads\/2024\/10\/Logo-v_3.png","width":852,"height":684,"caption":"Decolightingitaly"},"image":{"@id":"https:\/\/decolightingitaly.com\/de\/#\/schema\/logo\/image\/"},"sameAs":["https:\/\/www.facebook.com\/people\/Decolighting-Italy\/61570211287982\/"]}]}},"jetpack_sharing_enabled":true,"_links":{"self":[{"href":"https:\/\/decolightingitaly.com\/de\/wp-json\/wp\/v2\/pages\/4540","targetHints":{"allow":["GET"]}}],"collection":[{"href":"https:\/\/decolightingitaly.com\/de\/wp-json\/wp\/v2\/pages"}],"about":[{"href":"https:\/\/decolightingitaly.com\/de\/wp-json\/wp\/v2\/types\/page"}],"author":[{"embeddable":true,"href":"https:\/\/decolightingitaly.com\/de\/wp-json\/wp\/v2\/users\/1"}],"replies":[{"embeddable":true,"href":"https:\/\/decolightingitaly.com\/de\/wp-json\/wp\/v2\/comments?post=4540"}],"version-history":[{"count":2,"href":"https:\/\/decolightingitaly.com\/de\/wp-json\/wp\/v2\/pages\/4540\/revisions"}],"predecessor-version":[{"id":4542,"href":"https:\/\/decolightingitaly.com\/de\/wp-json\/wp\/v2\/pages\/4540\/revisions\/4542"}],"wp:attachment":[{"href":"https:\/\/decolightingitaly.com\/de\/wp-json\/wp\/v2\/media?parent=4540"}],"curies":[{"name":"wp","href":"https:\/\/api.w.org\/{rel}","templated":true}]}}